{"id":3813,"date":"2026-04-03T03:23:25","date_gmt":"2026-04-03T03:23:25","guid":{"rendered":"https:\/\/lyfilter.com\/"},"modified":"2026-04-03T03:23:50","modified_gmt":"2026-04-03T03:23:50","slug":"reusable-and-washable-filter-bag-stainless-steel-304-ss316-bag-filters-housing-to-filter-tea-and-milk","status":"publish","type":"product","link":"https:\/\/lyfilter.com\/es\/reusable-and-washable-filter-bag-stainless-steel-304-ss316-bag-filters-housing-to-filter-tea-and-milk\/","title":{"rendered":"Reutilizable y lavable bolsa de filtro de acero inoxidable 304 SS316 bolsa de filtros de vivienda para filtrar el t\u00e9 y la leche"},"content":{"rendered":"<p>Dise\u00f1ada para el filtrado diario, esta carcasa de filtro de bolsa de acero inoxidable reutilizable cuela el t\u00e9 y la leche con un flujo suave y una limpieza sencilla. Su dise\u00f1o 304 y SS316 favorece la durabilidad, la higiene y el uso repetido en entornos exigentes.<\/p>","protected":false},"excerpt":{"rendered":"<table>\n<thead>\n<tr>\n<th>Industrias aplicables<\/th>\n<th>Planta de fabricaci\u00f3n, f\u00e1brica de alimentos y bebidas, tratamiento de aguas<\/th>\n<\/tr>\n<\/thead>\n<tbody>\n<tr>\n<td>Lugar de origen<\/td>\n<td>Guangdong, China<\/td>\n<\/tr>\n<tr>\n<td>Marca<\/td>\n<td>Lvyuan,OEM,ODM<\/td>\n<\/tr>\n<tr>\n<td>Material<\/td>\n<td>acero inoxidable 304\/ss304<\/td>\n<\/tr>\n<tr>\n<td>Peso<\/td>\n<td>25 kg<\/td>\n<\/tr>\n<tr>\n<td>Talla<\/td>\n<td>370<em>370<\/em>900 mm<\/td>\n<\/tr>\n<tr>\n<td>Potencia<\/td>\n<td>0<\/td>\n<\/tr>\n<tr>\n<td>Garant\u00eda<\/td>\n<td>1 a\u00f1o<\/td>\n<\/tr>\n<tr>\n<td>Servicio posventa<\/td>\n<td>Asistencia en l\u00ednea<\/td>\n<\/tr>\n<tr>\n<td>Certificaci\u00f3n<\/td>\n<td>ISO9001<\/td>\n<\/tr>\n<tr>\n<td>Modelo<\/td>\n<td>BFH-1<\/td>\n<\/tr>\n<tr>\n<td>material<\/td>\n<td>sus304<\/td>\n<\/tr>\n<tr>\n<td>tama\u00f1o de la bolsa de filtro<\/td>\n<td>180*450mm<\/td>\n<\/tr>\n<tr>\n<td>exterior\/interior<\/td>\n<td>pulido<\/td>\n<\/tr>\n<tr>\n<td>Presi\u00f3n de trabajo<\/td>\n<td>100Psi<\/td>\n<\/tr>\n<tr>\n<td>cierre<\/td>\n<td>Brida<\/td>\n<\/tr>\n<tr>\n<td>sellado<\/td>\n<td>Junta t\u00f3rica de EPDM<\/td>\n<\/tr>\n<tr>\n<td>entrada\/salida<\/td>\n<td>Brida<\/td>\n<\/tr>\n<tr>\n<td>Temperatura de dise\u00f1o<\/td>\n<td>100\u2103<\/td>\n<\/tr>\n<tr>\n<td>Unidades de venta<\/td>\n<td>Art\u00edculo \u00fanico<\/td>\n<\/tr>\n<tr>\n<td>Tama\u00f1o de envase individual<\/td>\n<td>45X45X120 cm<\/td>\n<\/tr>\n<tr>\n<td>Peso bruto \u00fanico<\/td>\n<td>30.000 kg<\/td>\n<\/tr>\n<tr>\n<td>Tipo de envase<\/td>\n<td>caja de papel y si la cantidad hasta 10 piezas tendr\u00eda caja de madera.<\/td>\n<\/tr>\n<tr>\n<td>Plazos de entrega<\/td>\n<td>1 - 10 piezas: 15 d\u00edas; 11 - 50 piezas: 25 d\u00edas; 51 - 100 piezas: 35 d\u00edas; &gt;100 piezas: A negociar<\/td>\n<\/tr>\n<\/tbody>\n<\/table>","protected":false},"featured_media":3815,"comment_status":"open","ping_status":"closed","template":"","meta":{"_gspb_post_css":""},"product_brand":[],"product_cat":[1135],"product_tag":[1251,1253,1254,1250,1252,1136],"class_list":{"0":"post-3813","1":"product","2":"type-product","3":"status-publish","4":"has-post-thumbnail","6":"product_cat-stainless-steel-bag-filter-housing","7":"product_tag-304-ss316-filter-housing","8":"product_tag-milk-filter-bag-housing","9":"product_tag-reusable-washable-filter","10":"product_tag-stainless-steel-filter-bag","11":"product_tag-tea-filter-housing","12":"product_tag-water-filter-locks","14":"first","15":"instock","16":"shipping-taxable","17":"product-type-simple"},"_links":{"self":[{"href":"https:\/\/lyfilter.com\/es\/wp-json\/wp\/v2\/product\/3813","targetHints":{"allow":["GET"]}}],"collection":[{"href":"https:\/\/lyfilter.com\/es\/wp-json\/wp\/v2\/product"}],"about":[{"href":"https:\/\/lyfilter.com\/es\/wp-json\/wp\/v2\/types\/product"}],"replies":[{"embeddable":true,"href":"https:\/\/lyfilter.com\/es\/wp-json\/wp\/v2\/comments?post=3813"}],"wp:featuredmedia":[{"embeddable":true,"href":"https:\/\/lyfilter.com\/es\/wp-json\/wp\/v2\/media\/3815"}],"wp:attachment":[{"href":"https:\/\/lyfilter.com\/es\/wp-json\/wp\/v2\/media?parent=3813"}],"wp:term":[{"taxonomy":"product_brand","embeddable":true,"href":"https:\/\/lyfilter.com\/es\/wp-json\/wp\/v2\/product_brand?post=3813"},{"taxonomy":"product_cat","embeddable":true,"href":"https:\/\/lyfilter.com\/es\/wp-json\/wp\/v2\/product_cat?post=3813"},{"taxonomy":"product_tag","embeddable":true,"href":"https:\/\/lyfilter.com\/es\/wp-json\/wp\/v2\/product_tag?post=3813"}],"curies":[{"name":"wp","href":"https:\/\/api.w.org\/{rel}","templated":true}]}}