{"id":3800,"date":"2026-04-03T03:17:23","date_gmt":"2026-04-03T03:17:23","guid":{"rendered":"https:\/\/lyfilter.com\/"},"modified":"2026-04-03T03:17:23","modified_gmt":"2026-04-03T03:17:23","slug":"factory-supply-7-cartridge-filter-element-stainless-steel-10-inch-sediment-filter-housing-with-pleated-membrane-filter-5-micron","status":"publish","type":"product","link":"https:\/\/lyfilter.com\/es\/factory-supply-7-cartridge-filter-element-stainless-steel-10-inch-sediment-filter-housing-with-pleated-membrane-filter-5-micron\/","title":{"rendered":"Suministro de f\u00e1brica 7 cartucho de elemento de filtro de acero inoxidable de 10 pulgadas de sedimentos con filtro de membrana plisada 5 micras"},"content":{"rendered":"<p>Esta carcasa de filtro de sedimentos de acero inoxidable de 10 pulgadas est\u00e1 fabricada para una captura eficaz de part\u00edculas con una membrana plisada de 5 micras y un soporte de 7 elementos de cartucho. Su dise\u00f1o robusto ayuda a mejorar la estabilidad, la vida \u00fatil y la filtraci\u00f3n.<\/p>","protected":false},"excerpt":{"rendered":"<table>\n<thead>\n<tr>\n<th>Industrias aplicables<\/th>\n<th>F\u00e1brica de alimentos y bebidas, Granjas, Restaurante, Uso dom\u00e9stico, Tienda de alimentaci\u00f3n, Energ\u00eda y miner\u00eda, Tiendas de alimentos y bebidas<\/th>\n<\/tr>\n<\/thead>\n<tbody>\n<tr>\n<td>Lugar de origen<\/td>\n<td>Guangdong, China<\/td>\n<\/tr>\n<tr>\n<td>Marca<\/td>\n<td>LVYUAN\/OEM<\/td>\n<\/tr>\n<tr>\n<td>Garant\u00eda<\/td>\n<td>1 a\u00f1o<\/td>\n<\/tr>\n<tr>\n<td>Servicio posventa<\/td>\n<td>Asistencia en l\u00ednea<\/td>\n<\/tr>\n<tr>\n<td>Nombre del art\u00edculo<\/td>\n<td>Carcasa del filtro de sedimentos de acero inoxidable de 10 pulgadas<\/td>\n<\/tr>\n<tr>\n<td>Material de la carcasa<\/td>\n<td>SS304\/SS316L<\/td>\n<\/tr>\n<tr>\n<td>Longitud del cartucho filtrante<\/td>\n<td>10\u2033 20\u2033 30\u2033 40\u2033<\/td>\n<\/tr>\n<tr>\n<td>Cantidad de filtros de cartucho<\/td>\n<td>Un solo n\u00facleo<\/td>\n<\/tr>\n<tr>\n<td>Tratamiento de superficies<\/td>\n<td>Pulido y chorro de arena<\/td>\n<\/tr>\n<tr>\n<td>Junta t\u00f3rica<\/td>\n<td>Silastic\/NBR\/EPDM\/Viton<\/td>\n<\/tr>\n<tr>\n<td>Tipo de tapa superior instalada<\/td>\n<td>Tipo de abrazadera<\/td>\n<\/tr>\n<tr>\n<td>Tipo de conector<\/td>\n<td>222\/226\/DOE<\/td>\n<\/tr>\n<tr>\n<td>Tipo de entrada y salida<\/td>\n<td>Rosca interior<\/td>\n<\/tr>\n<tr>\n<td>M\u00e9todo de envasado<\/td>\n<td>Caja est\u00e1ndar para exportaci\u00f3n<\/td>\n<\/tr>\n<tr>\n<td>Unidades de venta<\/td>\n<td>Art\u00edculo \u00fanico<\/td>\n<\/tr>\n<tr>\n<td>Tama\u00f1o de envase individual<\/td>\n<td>35X18X25 cm<\/td>\n<\/tr>\n<tr>\n<td>Peso bruto \u00fanico<\/td>\n<td>3.000 kg<\/td>\n<\/tr>\n<tr>\n<td>Tipo de envase<\/td>\n<td>Micro industria 10 20 30 40 pulgadas botella de filtro de seguridad 04 316L SS carcasa de agua l\u00edquida para la filtraci\u00f3n de l\u00edquido \/ vino \/ filtro de cerveza: Embalaje: Caja est\u00e1ndar de exportaci\u00f3n\/Como se requiera<\/td>\n<\/tr>\n<tr>\n<td>Plazos de entrega<\/td>\n<td>1 - 10 Piezas: 5 d\u00edas; 11 - 100 piezas: 10 d\u00edas; &gt;100 piezas: A negociar<\/td>\n<\/tr>\n<\/tbody>\n<\/table>","protected":false},"featured_media":3803,"comment_status":"open","ping_status":"closed","template":"","meta":{"_gspb_post_css":""},"product_brand":[],"product_cat":[1245],"product_tag":[1246,635,1248,1247,34,1136],"class_list":{"0":"post-3800","1":"product","2":"type-product","3":"status-publish","4":"has-post-thumbnail","6":"product_cat-stainless-steel-cartridge-filter-housing","7":"product_tag-10-inch-sediment-filter","8":"product_tag-5-micron-water-filter","9":"product_tag-cartridge-filter-element","10":"product_tag-pleated-membrane-filter","11":"product_tag-stainless-steel-filter-housing","12":"product_tag-water-filter-locks","14":"first","15":"instock","16":"shipping-taxable","17":"product-type-simple"},"_links":{"self":[{"href":"https:\/\/lyfilter.com\/es\/wp-json\/wp\/v2\/product\/3800","targetHints":{"allow":["GET"]}}],"collection":[{"href":"https:\/\/lyfilter.com\/es\/wp-json\/wp\/v2\/product"}],"about":[{"href":"https:\/\/lyfilter.com\/es\/wp-json\/wp\/v2\/types\/product"}],"replies":[{"embeddable":true,"href":"https:\/\/lyfilter.com\/es\/wp-json\/wp\/v2\/comments?post=3800"}],"wp:featuredmedia":[{"embeddable":true,"href":"https:\/\/lyfilter.com\/es\/wp-json\/wp\/v2\/media\/3803"}],"wp:attachment":[{"href":"https:\/\/lyfilter.com\/es\/wp-json\/wp\/v2\/media?parent=3800"}],"wp:term":[{"taxonomy":"product_brand","embeddable":true,"href":"https:\/\/lyfilter.com\/es\/wp-json\/wp\/v2\/product_brand?post=3800"},{"taxonomy":"product_cat","embeddable":true,"href":"https:\/\/lyfilter.com\/es\/wp-json\/wp\/v2\/product_cat?post=3800"},{"taxonomy":"product_tag","embeddable":true,"href":"https:\/\/lyfilter.com\/es\/wp-json\/wp\/v2\/product_tag?post=3800"}],"curies":[{"name":"wp","href":"https:\/\/api.w.org\/{rel}","templated":true}]}}