{"id":3795,"date":"2026-04-03T03:13:12","date_gmt":"2026-04-03T03:13:12","guid":{"rendered":"https:\/\/lyfilter.com\/"},"modified":"2026-04-03T03:13:54","modified_gmt":"2026-04-03T03:13:54","slug":"lvyuan-professional-string-wound-filter-cartridge-manufacturers-for-desalination","status":"publish","type":"product","link":"https:\/\/lyfilter.com\/es\/lvyuan-professional-string-wound-filter-cartridge-manufacturers-for-desalination\/","title":{"rendered":"Lvyuan profesional cadena herida filtro cartucho fabricantes para la desalinizaci\u00f3n"},"content":{"rendered":"<p>Los cartuchos filtrantes bobinados Lvyuan est\u00e1n dise\u00f1ados para sistemas de desalinizaci\u00f3n exigentes, capturan los sedimentos y mantienen constante el flujo de agua. Ayudan a ofrecer una producci\u00f3n m\u00e1s limpia, una mayor vida \u00fatil del equipo y una filtraci\u00f3n fiable d\u00eda tras d\u00eda.<\/p>","protected":false},"excerpt":{"rendered":"<table>\n<thead>\n<tr>\n<th>Industrias aplicables<\/th>\n<th>Lugar de origen<\/th>\n<th>Marca<\/th>\n<th>Material<\/th>\n<th>Peso<\/th>\n<\/tr>\n<\/thead>\n<tbody>\n<tr>\n<td>Plantas de fabricaci\u00f3n, f\u00e1bricas de alimentos y bebidas, uso dom\u00e9stico, energ\u00eda y miner\u00eda, tratamiento de aguas<\/td>\n<td>Guangdong, China<\/td>\n<td>Lvyuan, OEM, ODM<\/td>\n<td>pp\/algod\u00f3n\/fibra de vidrio<\/td>\n<td>personalizado<\/td>\n<\/tr>\n<\/tbody>\n<\/table>\n<table>\n<thead>\n<tr>\n<th>Talla<\/th>\n<th>Potencia<\/th>\n<th>Garant\u00eda<\/th>\n<th>Caracter\u00edstica<\/th>\n<th>Certificaci\u00f3n<\/th>\n<\/tr>\n<\/thead>\n<tbody>\n<tr>\n<td>personalizado, slim, jumbo<\/td>\n<td>0<\/td>\n<td>No disponible<\/td>\n<td>diversos medios filtrantes<\/td>\n<td>SGS<\/td>\n<\/tr>\n<\/tbody>\n<\/table>","protected":false},"featured_media":3798,"comment_status":"open","ping_status":"closed","template":"","meta":{"_gspb_post_css":""},"product_brand":[],"product_cat":[1095],"product_tag":[1244,38,1158,325,1098,340],"class_list":{"0":"post-3795","1":"product","2":"type-product","3":"status-publish","4":"has-post-thumbnail","6":"product_cat-string-wound-filter-cartridge","7":"product_tag-desalination-filter-cartridge","8":"product_tag-industrial-water-filtration","9":"product_tag-lvyuan-filter-cartridge","10":"product_tag-sediment-filter-cartridge","11":"product_tag-string-wound-filter-cartridge","12":"product_tag-water-treatment-filter","14":"first","15":"instock","16":"shipping-taxable","17":"product-type-simple"},"_links":{"self":[{"href":"https:\/\/lyfilter.com\/es\/wp-json\/wp\/v2\/product\/3795","targetHints":{"allow":["GET"]}}],"collection":[{"href":"https:\/\/lyfilter.com\/es\/wp-json\/wp\/v2\/product"}],"about":[{"href":"https:\/\/lyfilter.com\/es\/wp-json\/wp\/v2\/types\/product"}],"replies":[{"embeddable":true,"href":"https:\/\/lyfilter.com\/es\/wp-json\/wp\/v2\/comments?post=3795"}],"wp:featuredmedia":[{"embeddable":true,"href":"https:\/\/lyfilter.com\/es\/wp-json\/wp\/v2\/media\/3798"}],"wp:attachment":[{"href":"https:\/\/lyfilter.com\/es\/wp-json\/wp\/v2\/media?parent=3795"}],"wp:term":[{"taxonomy":"product_brand","embeddable":true,"href":"https:\/\/lyfilter.com\/es\/wp-json\/wp\/v2\/product_brand?post=3795"},{"taxonomy":"product_cat","embeddable":true,"href":"https:\/\/lyfilter.com\/es\/wp-json\/wp\/v2\/product_cat?post=3795"},{"taxonomy":"product_tag","embeddable":true,"href":"https:\/\/lyfilter.com\/es\/wp-json\/wp\/v2\/product_tag?post=3795"}],"curies":[{"name":"wp","href":"https:\/\/api.w.org\/{rel}","templated":true}]}}