{"id":3793,"date":"2026-04-03T03:09:43","date_gmt":"2026-04-03T03:09:43","guid":{"rendered":"https:\/\/lyfilter.com\/"},"modified":"2026-04-03T03:09:43","modified_gmt":"2026-04-03T03:09:43","slug":"sintered-ss-filter-ly-hfpl-by-lvyuan-filter","status":"publish","type":"product","link":"https:\/\/lyfilter.com\/es\/sintered-ss-filter-ly-hfpl-by-lvyuan-filter\/","title":{"rendered":"Filtro SS sinterizado LY-HFPL de Lvyuan Filter"},"content":{"rendered":"<p><b>Detalles del filtro de acero sinterizado<\/b><\/p>\n<p>&nbsp;<\/p>\n<p><b>Detalle r\u00e1pido<\/b><\/p>\n<p>Equipo de purificaci\u00f3n de agua Lvyuan \u2018s\u00a0<a href=\"https:\/\/lyfilter.com\/es\/products.html\/\">cartuchos de filtro de agua<\/a>,Los filtros de cartucho,filtros de cartucho,filtros de cartucho tienen una estructura razonable, un dise\u00f1o novedoso y una calidad fiable. Con un peque\u00f1o ruido, son f\u00e1ciles de operar y son estables durante la operaci\u00f3n.\u00a0<a href=\"https:\/\/lyfilter.com\/es\/\">Filtro Lvyuan<\/a>\u00a0El filtro ss sinterizado se desarrolla con un proceso de producci\u00f3n eficiente. El tiempo de producci\u00f3n de cada producto se optimiza en gran medida y la p\u00e9rdida y el desperdicio de materias primas se reducen eficazmente. El producto ha pasado a trav\u00e9s del control de calidad extremadamente duro y la inspecci\u00f3n sobre la base de un plan de control de calidad. Este plan se lleva a cabo estrictamente para garantizar la alta calidad del producto. Guangzhou Lvyuan Water Purification Equipment Co., Ltd. puede realizar una inspecci\u00f3n completa de todo el proceso de fabricaci\u00f3n para garantizar la calidad.<\/p>\n<p>&nbsp;<\/p>\n<p><b>Presentaci\u00f3n del producto<\/b><\/p>\n<p>En comparaci\u00f3n con el filtro sinterizado de acero inoxidable de sus pares, el filtro sinterizado de acero inoxidable de Lvyuan Water Purification Equipment tiene las siguientes ventajas.<\/p>\n<div>\n<div>\n<div id=\"myybv\">\n<h3>Filtro qu\u00edmico hospitalario 0,45 5 1 10 micras PE polietileno polvo filtro sinterizado<\/h3>\n<\/div>\n<div id=\"moyu5\">\n<p>Nuestra empresa fabrica el filtro sinterizado de polietileno de ultra alto peso molecular, peso molecular es m\u00e1s de 3 millones de part\u00edculas de sinterizaci\u00f3n.Utilizar un molde para utilizar la presi\u00f3n en el horno de sinterizaci\u00f3n.Materiales microporosos se aplican ampliamente para el tratamiento de gases residuales y aguas residuales debido a su buena relaci\u00f3n calidad-precio. A\u00f1adiendo materiales funcionales de diversos tipos, carb\u00f3n activo por ejemplo, a las materias primas pl\u00e1sticas convencionales, podemos eliminar eficazmente sustancias nocivas para el medio ambiente en gases y l\u00edquidos, como olores peculiares y materias org\u00e1nicas, etc. Los bigotes de titanato de potasio, por ejemplo, pueden intercambiar los iones de metales pesados contenidos en las aguas residuales, por lo que tienen un excelente rendimiento en el tratamiento de aguas residuales.<\/p>\n<\/div>\n<\/div>\n<\/div>","protected":false},"excerpt":{"rendered":"<table>\n<thead>\n<tr>\n<th>Puerto de inicio<\/th>\n<th>Capacidad de producci\u00f3n<\/th>\n<th>Modelo<\/th>\n<th>Plazo de entrega<\/th>\n<th>Certificaci\u00f3n<\/th>\n<\/tr>\n<\/thead>\n<tbody>\n<tr>\n<td>Guangzhou<\/td>\n<td>10000 unidades\/Mes<\/td>\n<td>LY-HFPL<\/td>\n<td>En un plazo de 7 d\u00edas laborables<\/td>\n<td>ISO 9001<\/td>\n<\/tr>\n<\/tbody>\n<\/table>","protected":false},"featured_media":3794,"comment_status":"open","ping_status":"closed","template":"","meta":{"_gspb_post_css":""},"product_brand":[],"product_cat":[22],"product_tag":[38,1242,1241,1240,1243,1136],"class_list":{"0":"post-3793","1":"product","2":"type-product","3":"status-publish","4":"has-post-thumbnail","6":"product_cat-sintered-filter-cartridge","7":"product_tag-industrial-water-filtration","8":"product_tag-lvyuan-filter","9":"product_tag-ly-hfpl-filter","10":"product_tag-sintered-ss-filter","11":"product_tag-stainless-steel-water-filter","12":"product_tag-water-filter-locks","14":"first","15":"instock","16":"shipping-taxable","17":"product-type-simple"},"_links":{"self":[{"href":"https:\/\/lyfilter.com\/es\/wp-json\/wp\/v2\/product\/3793","targetHints":{"allow":["GET"]}}],"collection":[{"href":"https:\/\/lyfilter.com\/es\/wp-json\/wp\/v2\/product"}],"about":[{"href":"https:\/\/lyfilter.com\/es\/wp-json\/wp\/v2\/types\/product"}],"replies":[{"embeddable":true,"href":"https:\/\/lyfilter.com\/es\/wp-json\/wp\/v2\/comments?post=3793"}],"wp:featuredmedia":[{"embeddable":true,"href":"https:\/\/lyfilter.com\/es\/wp-json\/wp\/v2\/media\/3794"}],"wp:attachment":[{"href":"https:\/\/lyfilter.com\/es\/wp-json\/wp\/v2\/media?parent=3793"}],"wp:term":[{"taxonomy":"product_brand","embeddable":true,"href":"https:\/\/lyfilter.com\/es\/wp-json\/wp\/v2\/product_brand?post=3793"},{"taxonomy":"product_cat","embeddable":true,"href":"https:\/\/lyfilter.com\/es\/wp-json\/wp\/v2\/product_cat?post=3793"},{"taxonomy":"product_tag","embeddable":true,"href":"https:\/\/lyfilter.com\/es\/wp-json\/wp\/v2\/product_tag?post=3793"}],"curies":[{"name":"wp","href":"https:\/\/api.w.org\/{rel}","templated":true}]}}