{"id":3767,"date":"2026-04-03T02:47:14","date_gmt":"2026-04-03T02:47:14","guid":{"rendered":"https:\/\/lyfilter.com\/"},"modified":"2026-04-03T02:47:15","modified_gmt":"2026-04-03T02:47:15","slug":"40-inch-60-inch-filter-element-replacement-pleated-glass-fiber-high-flow-filter-cartridge","status":"publish","type":"product","link":"https:\/\/lyfilter.com\/es\/40-inch-60-inch-filter-element-replacement-pleated-glass-fiber-high-flow-filter-cartridge\/","title":{"rendered":"40 Pulgadas 60 Pulgadas Elemento de Filtro de Reemplazo Plisado de Fibra de Vidrio Cartucho de Filtro de Alto Flujo"},"content":{"rendered":"<p>Construido para trabajos de filtraci\u00f3n, este cartucho de fibra de vidrio plisado ayuda a mantener el flujo de agua m\u00e1s limpio con una fuerte retenci\u00f3n de part\u00edculas y una amplia superficie. Es un recambio fiable para sistemas industriales que necesitan un rendimiento estable.<\/p>","protected":false},"excerpt":{"rendered":"<table>\n<thead>\n<tr>\n<th>Industrias aplicables<\/th>\n<th>Planta de fabricaci\u00f3n, f\u00e1brica de alimentos y bebidas, tratamiento de aguas<\/th>\n<th>Lugar de origen<\/th>\n<th>Guangdong, China<\/th>\n<\/tr>\n<\/thead>\n<tbody>\n<tr>\n<td>Marca<\/td>\n<td>Lvyuan, OEM, ODM<\/td>\n<td>Material<\/td>\n<td>fibra de vidrio plisada\/pp<\/td>\n<\/tr>\n<tr>\n<td>Peso<\/td>\n<td>personalizado<\/td>\n<td>Talla<\/td>\n<td>personalizado<\/td>\n<\/tr>\n<tr>\n<td>Potencia<\/td>\n<td>0<\/td>\n<td>Garant\u00eda<\/td>\n<td>No disponible<\/td>\n<\/tr>\n<tr>\n<td>Caracter\u00edstica<\/td>\n<td>aumento de la superficie de filtraci\u00f3n<\/td>\n<td>Longitud<\/td>\n<td>20 pulgadas \/40 pulgadas \/60 pulgadas<\/td>\n<\/tr>\n<tr>\n<td>Certificaci\u00f3n<\/td>\n<td>SGS<\/td>\n<td>Forma<\/td>\n<td>cilindro<\/td>\n<\/tr>\n<tr>\n<td>Utilizaci\u00f3n<\/td>\n<td>tratamiento del agua<\/td>\n<td>Aplicaci\u00f3n<\/td>\n<td>industria<\/td>\n<\/tr>\n<tr>\n<td>Color<\/td>\n<td>blanco<\/td>\n<td>Embalaje<\/td>\n<td>caja de papel<\/td>\n<\/tr>\n<tr>\n<td>Otro nombre<\/td>\n<td>Cartucho filtrante de alto caudal<\/td>\n<td>Medio filtrante<\/td>\n<td>PP\/pp fundido soplado\/ fibra de vidrio<\/td>\n<\/tr>\n<tr>\n<td>Servicio posventa<\/td>\n<td>Asistencia en l\u00ednea<\/td>\n<td>Capacidad de suministro<\/td>\n<td>100 piezas por semana<\/td>\n<\/tr>\n<\/tbody>\n<\/table>","protected":false},"featured_media":3774,"comment_status":"open","ping_status":"closed","template":"","meta":{"_gspb_post_css":""},"product_brand":[],"product_cat":[1202],"product_tag":[1228,1229,1226,1227,1215,340],"class_list":{"0":"post-3767","1":"product","2":"type-product","3":"status-publish","4":"has-post-thumbnail","6":"product_cat-filter-cartridge","7":"product_tag-40-inch-filter-element","8":"product_tag-60-inch-filter-element","9":"product_tag-high-flow-filter-cartridge","10":"product_tag-pleated-glass-fiber-filter","11":"product_tag-replacement-filter-cartridge","12":"product_tag-water-treatment-filter","14":"first","15":"instock","16":"shipping-taxable","17":"product-type-simple"},"_links":{"self":[{"href":"https:\/\/lyfilter.com\/es\/wp-json\/wp\/v2\/product\/3767","targetHints":{"allow":["GET"]}}],"collection":[{"href":"https:\/\/lyfilter.com\/es\/wp-json\/wp\/v2\/product"}],"about":[{"href":"https:\/\/lyfilter.com\/es\/wp-json\/wp\/v2\/types\/product"}],"replies":[{"embeddable":true,"href":"https:\/\/lyfilter.com\/es\/wp-json\/wp\/v2\/comments?post=3767"}],"wp:featuredmedia":[{"embeddable":true,"href":"https:\/\/lyfilter.com\/es\/wp-json\/wp\/v2\/media\/3774"}],"wp:attachment":[{"href":"https:\/\/lyfilter.com\/es\/wp-json\/wp\/v2\/media?parent=3767"}],"wp:term":[{"taxonomy":"product_brand","embeddable":true,"href":"https:\/\/lyfilter.com\/es\/wp-json\/wp\/v2\/product_brand?post=3767"},{"taxonomy":"product_cat","embeddable":true,"href":"https:\/\/lyfilter.com\/es\/wp-json\/wp\/v2\/product_cat?post=3767"},{"taxonomy":"product_tag","embeddable":true,"href":"https:\/\/lyfilter.com\/es\/wp-json\/wp\/v2\/product_tag?post=3767"}],"curies":[{"name":"wp","href":"https:\/\/api.w.org\/{rel}","templated":true}]}}