{"id":3760,"date":"2026-04-03T02:32:44","date_gmt":"2026-04-03T02:32:44","guid":{"rendered":"https:\/\/lyfilter.com\/"},"modified":"2026-04-03T02:32:44","modified_gmt":"2026-04-03T02:32:44","slug":"bag-filter-housing-oem-odm-by-lvyuan-filter","status":"publish","type":"product","link":"https:\/\/lyfilter.com\/es\/bag-filter-housing-oem-odm-by-lvyuan-filter\/","title":{"rendered":"Carcasa del filtro de bolsa OEM\/ODM de Lvyuan Filter"},"content":{"rendered":"<div class=\"unit-detail-html-tabs__content-attr\">\n<div class=\"unit-product-attrparam\">\n<div class=\"unit-product-attrparam__items row\">\n<div class=\"col-12 col-md-6\">\n<div class=\"unit-product-attrparam__item\"><\/div>\n<\/div>\n<\/div>\n<\/div>\n<\/div>\n<div class=\"unit-detail-html-tabs__content-featuresAttr\"><b>Especificaci\u00f3n del producto<\/b><\/div>\n<div class=\"unit-detail-html-tabs__content-html\">\n<p>Disponibilidad: OEM\/ODM<\/p>\n<p>Material: Acero inoxidable<\/p>\n<p><b>Informaci\u00f3n sobre el producto<\/b><\/p>\n<p>En cuanto al dise\u00f1o, el\u00a0<a href=\"https:\/\/lyfilter.com\/es\/\">Filtro Lvyuan<\/a>\u00a0La carcasa del filtro de mangas es muy atractiva y competitiva. El producto ha pasado la certificaci\u00f3n internacional de calidad para garantizar productos de alta calidad. Guangzhou Lvyuan Water Purification Equipment Co., Ltd. establece un alto objetivo en la calidad de los productos y el servicio.<\/p>\n<div id=\"module-74E4U0f4f3b0a\">\n<div class=\"ce-d-flex ce-flex-wrap\">\n<div class=\"ce-col-12\">\n<div id=\"unit-zzuNfqHeIMdKBT5\">\n<div class=\"ce-text_item\">\n<div class=\"ce-text\" data-qb-tmp-id=\"lt-270764\" data-gramm=\"false\">\n<div>\n<div class=\"ce-d-flex ce-flex-wrap\">\n<div class=\"ce-col-12\">\n<div id=\"unit-adi8SlZ2NA87g7x\">\n<div class=\"ce-text_item\">\n<div class=\"ce-text\">\n<p><strong>Carcasas de acero inoxidable para filtros sanitarios de alto rendimiento<\/strong><\/p>\n<p>&nbsp;<\/p>\n<p>Caracter\u00edsticas de las carcasas de filtros sanitarios de acero inoxidable<\/p>\n<p>&nbsp;<\/p>\n<ul>\n<li>Dise\u00f1o higi\u00e9nico: Nuestras carcasas de filtros sanitarios de acero inoxidable est\u00e1n fabricadas con un dise\u00f1o higi\u00e9nico que garantiza que el proceso de filtraci\u00f3n mantenga la pureza de sus productos.<\/li>\n<li>Resistencia a la corrosi\u00f3n: Construidas con acero inoxidable de alta calidad, estas carcasas ofrecen una excepcional resistencia a la corrosi\u00f3n, lo que las hace ideales para su uso en entornos dif\u00edciles.<\/li>\n<li>Facilidad de limpieza: Las superficies lisas y pulidas de nuestras carcasas de filtros sanitarios facilitan la limpieza, lo que permite un mantenimiento r\u00e1pido y eficaz.<\/li>\n<li>Material de calidad alimentaria: Fabricadas con acero inoxidable de calidad alimentaria, nuestras carcasas de filtro cumplen las normas del sector, por lo que son adecuadas para aplicaciones en el sector de la alimentaci\u00f3n y las bebidas.<\/li>\n<li>Opciones personalizables: Adapte estas carcasas de filtro a sus requisitos espec\u00edficos. Elija entre varios tama\u00f1os, configuraciones y tipos de conexi\u00f3n para adaptarse a sus necesidades de filtraci\u00f3n.<\/li>\n<li>Integridad del sellado: El dise\u00f1o de la carcasa garantiza un sellado seguro, evitando cualquier fuga o contaminaci\u00f3n durante el proceso de filtraci\u00f3n.<\/li>\n<li>Cumplimiento de las normas: Nuestras carcasas de filtros sanitarios cumplen las normas y reglamentos del sector, lo que le proporciona tranquilidad en cuanto a la seguridad y calidad del producto.<\/li>\n<li>Amplia gama de aplicaciones: Ya sea en el sector farmac\u00e9utico, cosm\u00e9tico, alimentario o en otras industrias, estas\u00a0<a href=\"https:\/\/lyfilter.com\/es\/stainless-steel-filter-housing.html\/\">carcasa del filtro de acero inoxidable<\/a>s ofrecen soluciones de filtraci\u00f3n vers\u00e1tiles y fiables.<\/li>\n<li>Construcci\u00f3n duradera: Con una construcci\u00f3n robusta y materiales duraderos, nuestras carcasas de filtros sanitarios est\u00e1n fabricadas para soportar los rigores del funcionamiento continuo en entornos exigentes.<\/li>\n<li>F\u00e1cil instalaci\u00f3n: Dise\u00f1adas para una instalaci\u00f3n sencilla, estas carcasas de filtro vienen con caracter\u00edsticas que simplifican el proceso de instalaci\u00f3n, garantizando un tiempo de inactividad m\u00ednimo para sus operaciones.<\/li>\n<\/ul>\n<\/div>\n<\/div>\n<\/div>\n<\/div>\n<\/div>\n<\/div>\n<\/div>\n<\/div>\n<\/div>\n<\/div>\n<\/div>\n<\/div>\n<\/div>","protected":false},"excerpt":{"rendered":"<table>\n<thead>\n<tr>\n<th>Capacidad de producci\u00f3n<\/th>\n<th>Modelo<\/th>\n<th>Marca<\/th>\n<\/tr>\n<\/thead>\n<tbody>\n<tr>\n<td>10000 unidades\/Mes<\/td>\n<td>LY-FB<\/td>\n<td>OEM\/Lvyuan<\/td>\n<\/tr>\n<\/tbody>\n<\/table>","protected":false},"featured_media":3766,"comment_status":"open","ping_status":"closed","template":"","meta":{"_gspb_post_css":""},"product_brand":[],"product_cat":[15],"product_tag":[],"class_list":{"0":"post-3760","1":"product","2":"type-product","3":"status-publish","4":"has-post-thumbnail","6":"product_cat-stainless-steel-filter-housing","8":"first","9":"instock","10":"shipping-taxable","11":"product-type-simple"},"_links":{"self":[{"href":"https:\/\/lyfilter.com\/es\/wp-json\/wp\/v2\/product\/3760","targetHints":{"allow":["GET"]}}],"collection":[{"href":"https:\/\/lyfilter.com\/es\/wp-json\/wp\/v2\/product"}],"about":[{"href":"https:\/\/lyfilter.com\/es\/wp-json\/wp\/v2\/types\/product"}],"replies":[{"embeddable":true,"href":"https:\/\/lyfilter.com\/es\/wp-json\/wp\/v2\/comments?post=3760"}],"wp:featuredmedia":[{"embeddable":true,"href":"https:\/\/lyfilter.com\/es\/wp-json\/wp\/v2\/media\/3766"}],"wp:attachment":[{"href":"https:\/\/lyfilter.com\/es\/wp-json\/wp\/v2\/media?parent=3760"}],"wp:term":[{"taxonomy":"product_brand","embeddable":true,"href":"https:\/\/lyfilter.com\/es\/wp-json\/wp\/v2\/product_brand?post=3760"},{"taxonomy":"product_cat","embeddable":true,"href":"https:\/\/lyfilter.com\/es\/wp-json\/wp\/v2\/product_cat?post=3760"},{"taxonomy":"product_tag","embeddable":true,"href":"https:\/\/lyfilter.com\/es\/wp-json\/wp\/v2\/product_tag?post=3760"}],"curies":[{"name":"wp","href":"https:\/\/api.w.org\/{rel}","templated":true}]}}