{"id":3753,"date":"2026-04-03T02:29:44","date_gmt":"2026-04-03T02:29:44","guid":{"rendered":"https:\/\/lyfilter.com\/"},"modified":"2026-04-03T02:29:44","modified_gmt":"2026-04-03T02:29:44","slug":"in-stock-3-4-6-1-5-10-20-micron-sintered-mesh-filter-for-manufacturing-plant","status":"publish","type":"product","link":"https:\/\/lyfilter.com\/es\/in-stock-3-4-6-1-5-10-20-micron-sintered-mesh-filter-for-manufacturing-plant\/","title":{"rendered":"En stock 3\u2033 4\u2033 6\u2033 1 5 10 20 Micron filtro de malla sinterizada para planta de fabricaci\u00f3n"},"content":{"rendered":"<p>Este filtro de malla sinterizada en stock est\u00e1 fabricado para ofrecer un rendimiento constante en plantas de fabricaci\u00f3n. Disponible en tama\u00f1os de 3, 4 y 6 pulgadas con opciones de 1, 5, 10 y 20 micras, ayuda a mantener un flujo m\u00e1s limpio, la reutilizaci\u00f3n y un funcionamiento diario fiable.<\/p>","protected":false},"excerpt":{"rendered":"<table>\n<thead>\n<tr>\n<th>Art\u00edculo<\/th>\n<th>Valor<\/th>\n<th>Art\u00edculo<\/th>\n<th>Valor<\/th>\n<\/tr>\n<\/thead>\n<tbody>\n<tr>\n<td>Condici\u00f3n<\/td>\n<td>Nuevo<\/td>\n<td>Industrias aplicables<\/td>\n<td>Hoteles, tiendas de ropa, tiendas de materiales de construcci\u00f3n, plantas de fabricaci\u00f3n, talleres de reparaci\u00f3n de maquinaria, f\u00e1bricas de alimentos y bebidas, granjas, restaurantes, uso dom\u00e9stico, comercio minorista, tiendas de alimentaci\u00f3n, imprentas, obras de construcci\u00f3n, energ\u00eda y miner\u00eda, tiendas de alimentos y bebidas<\/td>\n<\/tr>\n<tr>\n<td>Servicio post garant\u00eda<\/td>\n<td>Asistencia en l\u00ednea<\/td>\n<td>Ubicaci\u00f3n del servicio local<\/td>\n<td>ninguno<\/td>\n<\/tr>\n<tr>\n<td>Ubicaci\u00f3n de la sala de exposiciones<\/td>\n<td>ninguno<\/td>\n<td>V\u00eddeo de la inspecci\u00f3n de salida<\/td>\n<td>Proporcionado<\/td>\n<\/tr>\n<tr>\n<td>Informe de ensayo de maquinaria<\/td>\n<td>Proporcionado<\/td>\n<td>Tipo de comercializaci\u00f3n<\/td>\n<td>Producto ordinario<\/td>\n<\/tr>\n<tr>\n<td>Garant\u00eda de los componentes principales<\/td>\n<td>1 a\u00f1o<\/td>\n<td>Componentes b\u00e1sicos<\/td>\n<td>Recipiente a presi\u00f3n<\/td>\n<\/tr>\n<tr>\n<td>Lugar de origen<\/td>\n<td>Guangdong, China<\/td>\n<td>Marca<\/td>\n<td>Lvyuan\/OEM<\/td>\n<\/tr>\n<tr>\n<td>Garant\u00eda<\/td>\n<td>1 a\u00f1o<\/td>\n<td>Servicio posventa<\/td>\n<td>Asistencia en l\u00ednea<\/td>\n<\/tr>\n<tr>\n<td>Palabras clave<\/td>\n<td>3\u2033,4\u2033 6\u2033 1,5,10,20 micras filtro de malla sinterizada<\/td>\n<td>Di\u00e1metro<\/td>\n<td>Demanda del cliente<\/td>\n<\/tr>\n<tr>\n<td>Material<\/td>\n<td>acero inoxidable<\/td>\n<td>Forma<\/td>\n<td>cilindro<\/td>\n<\/tr>\n<tr>\n<td>Utilizaci\u00f3n<\/td>\n<td>tratamiento del agua<\/td>\n<td>Aplicaci\u00f3n<\/td>\n<td>industria<\/td>\n<\/tr>\n<tr>\n<td>Color<\/td>\n<td>astilla<\/td>\n<td>Embalaje<\/td>\n<td>caja de papel<\/td>\n<\/tr>\n<tr>\n<td>longitud<\/td>\n<td>10\/20\/30\/40 pulgadas<\/td>\n<td>Ventaja<\/td>\n<td>reutilizar<\/td>\n<\/tr>\n<tr>\n<td>Capacidad de suministro<\/td>\n<td>10000 Piezas\/Pieza por Mes<\/td>\n<td><\/td>\n<td><\/td>\n<\/tr>\n<\/tbody>\n<\/table>","protected":false},"featured_media":3755,"comment_status":"open","ping_status":"closed","template":"","meta":{"_gspb_post_css":""},"product_brand":[],"product_cat":[1205],"product_tag":[1223,38,1224,1225,1222,80],"class_list":{"0":"post-3753","1":"product","2":"type-product","3":"status-publish","4":"has-post-thumbnail","6":"product_cat-stainless-steel-sintered-filter-cartridge","7":"product_tag-10-micron-filter","8":"product_tag-industrial-water-filtration","9":"product_tag-manufacturing-plant-filter","10":"product_tag-reusable-mesh-cartridge","11":"product_tag-sintered-mesh-filter","12":"product_tag-stainless-steel-filter","14":"first","15":"instock","16":"shipping-taxable","17":"product-type-simple"},"_links":{"self":[{"href":"https:\/\/lyfilter.com\/es\/wp-json\/wp\/v2\/product\/3753","targetHints":{"allow":["GET"]}}],"collection":[{"href":"https:\/\/lyfilter.com\/es\/wp-json\/wp\/v2\/product"}],"about":[{"href":"https:\/\/lyfilter.com\/es\/wp-json\/wp\/v2\/types\/product"}],"replies":[{"embeddable":true,"href":"https:\/\/lyfilter.com\/es\/wp-json\/wp\/v2\/comments?post=3753"}],"wp:featuredmedia":[{"embeddable":true,"href":"https:\/\/lyfilter.com\/es\/wp-json\/wp\/v2\/media\/3755"}],"wp:attachment":[{"href":"https:\/\/lyfilter.com\/es\/wp-json\/wp\/v2\/media?parent=3753"}],"wp:term":[{"taxonomy":"product_brand","embeddable":true,"href":"https:\/\/lyfilter.com\/es\/wp-json\/wp\/v2\/product_brand?post=3753"},{"taxonomy":"product_cat","embeddable":true,"href":"https:\/\/lyfilter.com\/es\/wp-json\/wp\/v2\/product_cat?post=3753"},{"taxonomy":"product_tag","embeddable":true,"href":"https:\/\/lyfilter.com\/es\/wp-json\/wp\/v2\/product_tag?post=3753"}],"curies":[{"name":"wp","href":"https:\/\/api.w.org\/{rel}","templated":true}]}}