{"id":3743,"date":"2026-04-03T02:18:27","date_gmt":"2026-04-03T02:18:27","guid":{"rendered":"https:\/\/lyfilter.com\/"},"modified":"2026-04-03T02:23:02","modified_gmt":"2026-04-03T02:23:02","slug":"high-quality-water-filter-cartridge-manufacturers-for-water","status":"publish","type":"product","link":"https:\/\/lyfilter.com\/es\/high-quality-water-filter-cartridge-manufacturers-for-water\/","title":{"rendered":"Cartucho de filtro de agua de alta calidad Fabricantes Para el agua"},"content":{"rendered":"<p>Dise\u00f1ados para un rendimiento seguro, estos cierres de filtro de agua se combinan con cartuchos de calidad para permitir un flujo m\u00e1s limpio y un ajuste m\u00e1s estable. Ayudan a reducir el movimiento, mejoran la fiabilidad y se adaptan bien a la filtraci\u00f3n dom\u00e9stica o comercial ligera.<\/p>","protected":false},"excerpt":{"rendered":"<table>\n<thead>\n<tr>\n<th>Lugar de origen<\/th>\n<th>China<\/th>\n<th>Marca<\/th>\n<th>Lvyuan\/OEM<\/th>\n<\/tr>\n<\/thead>\n<tbody>\n<tr>\n<td>N\u00famero de modelo<\/td>\n<td>LY-PLF-01<\/td>\n<td>Potencia (W)<\/td>\n<td>0<\/td>\n<\/tr>\n<tr>\n<td>Tensi\u00f3n (V)<\/td>\n<td>0<\/td>\n<td>Servicio posventa<\/td>\n<td>ninguno<\/td>\n<\/tr>\n<tr>\n<td>Garant\u00eda<\/td>\n<td>ninguno<\/td>\n<td>Tipo<\/td>\n<td>\u00d3smosis inversa<\/td>\n<\/tr>\n<tr>\n<td>Certificaci\u00f3n<\/td>\n<td>GS<\/td>\n<td>Utilice<\/td>\n<td>Prefiltraci\u00f3n dom\u00e9stica<\/td>\n<\/tr>\n<tr>\n<td>Aplicaci\u00f3n<\/td>\n<td>Coche, RV, Exterior, Hotel, Garaje, Comercial, Hogar<\/td>\n<td>Fuente de energ\u00eda<\/td>\n<td>Manual<\/td>\n<\/tr>\n<tr>\n<td>Nombre<\/td>\n<td>elementos filtrantes<\/td>\n<td>Material de la membrana filtrante<\/td>\n<td>PP\/PVDF\/PTFE\/PES\/Nil\u00f3n<\/td>\n<\/tr>\n<tr>\n<td>Longitud<\/td>\n<td>5 \/ 10 \/ 20 \/ 30 \/ 40 \/ 50 \/ 60 pulgadas<\/td>\n<td>Conector<\/td>\n<td>Fin\/222\/226\/215\/DOE\/Thread<\/td>\n<\/tr>\n<tr>\n<td>Micron<\/td>\n<td>0.22\/0.5\/1\/3\/5\/10\/25\/50\/75\/100\/150<\/td>\n<td>M\u00e9todo de sellado<\/td>\n<td>Soldadura por fusi\u00f3n en caliente<\/td>\n<\/tr>\n<tr>\n<td>Di\u00e1metro<\/td>\n<td>70 mm\/OEM<\/td>\n<td>N\u00facleo interior<\/td>\n<td>PP\/SS\/OEM<\/td>\n<\/tr>\n<tr>\n<td>MOQ<\/td>\n<td>Actualmente no hay<\/td>\n<td>Capacidad de suministro<\/td>\n<td>5000 Piezas por semana<\/td>\n<\/tr>\n<\/tbody>\n<\/table>\n<p>&nbsp;<\/p>","protected":false},"featured_media":3744,"comment_status":"open","ping_status":"closed","template":"","meta":{"_gspb_post_css":""},"product_brand":[],"product_cat":[1202],"product_tag":[1213,1217,1215,1214,1136,1216],"class_list":{"0":"post-3743","1":"product","2":"type-product","3":"status-publish","4":"has-post-thumbnail","6":"product_cat-filter-cartridge","7":"product_tag-high-quality-water-filter-cartridge","8":"product_tag-household-water-filter-parts","9":"product_tag-replacement-filter-cartridge","10":"product_tag-water-filter-cartridge-manufacturers","11":"product_tag-water-filter-locks","12":"product_tag-water-filtration-supplies","14":"first","15":"instock","16":"shipping-taxable","17":"product-type-simple"},"_links":{"self":[{"href":"https:\/\/lyfilter.com\/es\/wp-json\/wp\/v2\/product\/3743","targetHints":{"allow":["GET"]}}],"collection":[{"href":"https:\/\/lyfilter.com\/es\/wp-json\/wp\/v2\/product"}],"about":[{"href":"https:\/\/lyfilter.com\/es\/wp-json\/wp\/v2\/types\/product"}],"replies":[{"embeddable":true,"href":"https:\/\/lyfilter.com\/es\/wp-json\/wp\/v2\/comments?post=3743"}],"wp:featuredmedia":[{"embeddable":true,"href":"https:\/\/lyfilter.com\/es\/wp-json\/wp\/v2\/media\/3744"}],"wp:attachment":[{"href":"https:\/\/lyfilter.com\/es\/wp-json\/wp\/v2\/media?parent=3743"}],"wp:term":[{"taxonomy":"product_brand","embeddable":true,"href":"https:\/\/lyfilter.com\/es\/wp-json\/wp\/v2\/product_brand?post=3743"},{"taxonomy":"product_cat","embeddable":true,"href":"https:\/\/lyfilter.com\/es\/wp-json\/wp\/v2\/product_cat?post=3743"},{"taxonomy":"product_tag","embeddable":true,"href":"https:\/\/lyfilter.com\/es\/wp-json\/wp\/v2\/product_tag?post=3743"}],"curies":[{"name":"wp","href":"https:\/\/api.w.org\/{rel}","templated":true}]}}