{"id":3724,"date":"2026-04-03T02:06:25","date_gmt":"2026-04-03T02:06:25","guid":{"rendered":"https:\/\/lyfilter.com\/"},"modified":"2026-04-03T02:06:25","modified_gmt":"2026-04-03T02:06:25","slug":"customized-activated-carbon-block-filter-series-for-water-purification","status":"publish","type":"product","link":"https:\/\/lyfilter.com\/es\/customized-activated-carbon-block-filter-series-for-water-purification\/","title":{"rendered":"Serie de filtros de bloque de carb\u00f3n activado personalizados para la purificaci\u00f3n del agua"},"content":{"rendered":"<p>Esta serie de filtros de bloque de carb\u00f3n activado personalizados, dise\u00f1ados para obtener un agua m\u00e1s limpia y un rendimiento m\u00e1s estable, ayudan a reducir las impurezas, mejorar el sabor y garantizar una purificaci\u00f3n diaria fiable en sistemas residenciales y comerciales.<\/p>","protected":false},"excerpt":{"rendered":"<table>\n<thead>\n<tr>\n<th>Secci\u00f3n<\/th>\n<th>Campo<\/th>\n<th>Valor<\/th>\n<\/tr>\n<\/thead>\n<tbody>\n<tr>\n<td>Ventajas de la empresa<\/td>\n<td>1<\/td>\n<td>Se han realizado estrictamente las pruebas necesarias para el filtro Lvyuan. Se ha sometido a pruebas de seguridad, compatibilidad electromagn\u00e9tica, vibraci\u00f3n, fiabilidad y durabilidad. Hay disponibles configuraciones personalizadas de tapas finales para adaptarse a requisitos espec\u00edficos<\/td>\n<\/tr>\n<tr>\n<td>Ventajas de la empresa<\/td>\n<td>2<\/td>\n<td>Existen diferentes mercados para este producto destinado a proyectores digitales, proyectores de pel\u00edculas, retroproyectores y proyectores de diapositivas. No contiene aglutinantes, agentes, disolventes, materiales antiest\u00e1ticos ni agentes humectantes.<\/td>\n<\/tr>\n<tr>\n<td>Ventajas de la empresa<\/td>\n<td>3<\/td>\n<td>Pruebas estrictas: su rendimiento actual ha sido probado por terceros. Tambi\u00e9n est\u00e1 listo para ser probado por los usuarios y se actualizar\u00e1 continuamente. Atrapar\u00e1 las part\u00edculas m\u00e1s grandes en las capas exteriores y capturar\u00e1 las m\u00e1s peque\u00f1as en la capa profunda.<\/td>\n<\/tr>\n<tr>\n<td>Visi\u00f3n general<\/td>\n<td>Industrias aplicables<\/td>\n<td>Hoteles, tiendas de ropa, tiendas de materiales de construcci\u00f3n, plantas de fabricaci\u00f3n, talleres de reparaci\u00f3n de maquinaria, f\u00e1bricas de alimentos y bebidas, granjas, restaurantes, uso dom\u00e9stico, comercio minorista, tiendas de alimentaci\u00f3n, imprentas, obras de construcci\u00f3n, energ\u00eda y miner\u00eda, tiendas de alimentos y bebidas, empresas de publicidad<\/td>\n<\/tr>\n<tr>\n<td>Visi\u00f3n general<\/td>\n<td>Servicio post garant\u00eda<\/td>\n<td>Asistencia en l\u00ednea<\/td>\n<\/tr>\n<tr>\n<td>Visi\u00f3n general<\/td>\n<td>Ubicaci\u00f3n del servicio local<\/td>\n<td>ninguno<\/td>\n<\/tr>\n<tr>\n<td>Visi\u00f3n general<\/td>\n<td>Ubicaci\u00f3n de la sala de exposiciones<\/td>\n<td>ninguno<\/td>\n<\/tr>\n<tr>\n<td>Visi\u00f3n general<\/td>\n<td>V\u00eddeo de la inspecci\u00f3n de salida<\/td>\n<td>Proporcionado<\/td>\n<\/tr>\n<tr>\n<td>Visi\u00f3n general<\/td>\n<td>Informe de ensayo de maquinaria<\/td>\n<td>Proporcionado<\/td>\n<\/tr>\n<tr>\n<td>Visi\u00f3n general<\/td>\n<td>Tipo de comercializaci\u00f3n<\/td>\n<td>Producto ordinario<\/td>\n<\/tr>\n<tr>\n<td>Visi\u00f3n general<\/td>\n<td>Garant\u00eda de los componentes principales<\/td>\n<td>1 a\u00f1o<\/td>\n<\/tr>\n<tr>\n<td>Visi\u00f3n general<\/td>\n<td>Componentes b\u00e1sicos<\/td>\n<td>Recipiente a presi\u00f3n<\/td>\n<\/tr>\n<tr>\n<td>Visi\u00f3n general<\/td>\n<td>Condici\u00f3n<\/td>\n<td>Nuevo<\/td>\n<\/tr>\n<tr>\n<td>Visi\u00f3n general<\/td>\n<td>Lugar de origen<\/td>\n<td>Guangdong, China<\/td>\n<\/tr>\n<tr>\n<td>Visi\u00f3n general<\/td>\n<td>Marca<\/td>\n<td>LVYUAN\/OEM<\/td>\n<\/tr>\n<tr>\n<td>Visi\u00f3n general<\/td>\n<td>Garant\u00eda<\/td>\n<td>6 meses<\/td>\n<\/tr>\n<tr>\n<td>Visi\u00f3n general<\/td>\n<td>Servicio posventa<\/td>\n<td>Asistencia en l\u00ednea, Asistencia en l\u00ednea<\/td>\n<\/tr>\n<tr>\n<td>Visi\u00f3n general<\/td>\n<td>Nombre del producto<\/td>\n<td>cartucho filtrante de carb\u00f3n sinterizado<\/td>\n<\/tr>\n<tr>\n<td>Visi\u00f3n general<\/td>\n<td>Certificaci\u00f3n<\/td>\n<td>ISO<\/td>\n<\/tr>\n<tr>\n<td>Visi\u00f3n general<\/td>\n<td>Material<\/td>\n<td>Carb\u00f3n de coco activado sinterizado<\/td>\n<\/tr>\n<tr>\n<td>Visi\u00f3n general<\/td>\n<td>Longitud<\/td>\n<td>10-1050 mm<\/td>\n<\/tr>\n<tr>\n<td>Visi\u00f3n general<\/td>\n<td>OD<\/td>\n<td>14-121 mm<\/td>\n<\/tr>\n<tr>\n<td>Visi\u00f3n general<\/td>\n<td>ID<\/td>\n<td>6-50 mm<\/td>\n<\/tr>\n<tr>\n<td>Visi\u00f3n general<\/td>\n<td>Tasa de micra<\/td>\n<td>0,5-20um<\/td>\n<\/tr>\n<tr>\n<td>Visi\u00f3n general<\/td>\n<td>Valor de yodo<\/td>\n<td>hasta 1000<\/td>\n<\/tr>\n<tr>\n<td>Visi\u00f3n general<\/td>\n<td>Caudal<\/td>\n<td>\u2264300L\/h<\/td>\n<\/tr>\n<tr>\n<td>Capacidad de suministro<\/td>\n<td>Capacidad de suministro<\/td>\n<td>500 piezas por d\u00eda<\/td>\n<\/tr>\n<\/tbody>\n<\/table>","protected":false},"featured_media":3726,"comment_status":"open","ping_status":"closed","template":"","meta":{"_gspb_post_css":""},"product_brand":[],"product_cat":[18],"product_tag":[1073,1204,1203,38,357,1182],"class_list":{"0":"post-3724","1":"product","2":"type-product","3":"status-publish","4":"has-post-thumbnail","6":"product_cat-sintered-metal-filters","7":"product_tag-activated-carbon-block-filter","8":"product_tag-clean-water-filter","9":"product_tag-customized-carbon-filter","10":"product_tag-industrial-water-filtration","11":"product_tag-water-filter-cartridge","12":"product_tag-water-purification-filter","14":"first","15":"instock","16":"shipping-taxable","17":"product-type-simple"},"_links":{"self":[{"href":"https:\/\/lyfilter.com\/es\/wp-json\/wp\/v2\/product\/3724","targetHints":{"allow":["GET"]}}],"collection":[{"href":"https:\/\/lyfilter.com\/es\/wp-json\/wp\/v2\/product"}],"about":[{"href":"https:\/\/lyfilter.com\/es\/wp-json\/wp\/v2\/types\/product"}],"replies":[{"embeddable":true,"href":"https:\/\/lyfilter.com\/es\/wp-json\/wp\/v2\/comments?post=3724"}],"wp:featuredmedia":[{"embeddable":true,"href":"https:\/\/lyfilter.com\/es\/wp-json\/wp\/v2\/media\/3726"}],"wp:attachment":[{"href":"https:\/\/lyfilter.com\/es\/wp-json\/wp\/v2\/media?parent=3724"}],"wp:term":[{"taxonomy":"product_brand","embeddable":true,"href":"https:\/\/lyfilter.com\/es\/wp-json\/wp\/v2\/product_brand?post=3724"},{"taxonomy":"product_cat","embeddable":true,"href":"https:\/\/lyfilter.com\/es\/wp-json\/wp\/v2\/product_cat?post=3724"},{"taxonomy":"product_tag","embeddable":true,"href":"https:\/\/lyfilter.com\/es\/wp-json\/wp\/v2\/product_tag?post=3724"}],"curies":[{"name":"wp","href":"https:\/\/api.w.org\/{rel}","templated":true}]}}