{"id":3717,"date":"2026-04-03T01:53:18","date_gmt":"2026-04-03T01:53:18","guid":{"rendered":"https:\/\/lyfilter.com\/"},"modified":"2026-04-03T01:53:18","modified_gmt":"2026-04-03T01:53:18","slug":"housing-filter-pvc-filter-for-drinking-water-pvc-bag-filter","status":"publish","type":"product","link":"https:\/\/lyfilter.com\/es\/housing-filter-pvc-filter-for-drinking-water-pvc-bag-filter\/","title":{"rendered":"Filtro de la vivienda del filtro del pvc para el filtro de bolso del PVC del agua potable"},"content":{"rendered":"<p>Esta carcasa de filtro de bolsa de PVC proporciona a su l\u00ednea de agua una primera defensa pr\u00e1ctica y sencilla. Ayuda a atrapar sedimentos visibles y part\u00edculas no deseadas antes de que se propaguen, apoyando un agua potable m\u00e1s limpia y un uso diario m\u00e1s suave en el hogar de hoy.<\/p>","protected":false},"excerpt":{"rendered":"<table>\n<thead>\n<tr>\n<th>Art\u00edculo<\/th>\n<th>Detalles<\/th>\n<\/tr>\n<\/thead>\n<tbody>\n<tr>\n<td>Condici\u00f3n<\/td>\n<td>Nuevo<\/td>\n<\/tr>\n<tr>\n<td>Industrias aplicables<\/td>\n<td>Planta de fabricaci\u00f3n, f\u00e1brica de alimentos y bebidas, tratamiento de aguas<\/td>\n<\/tr>\n<tr>\n<td>Servicio post garant\u00eda<\/td>\n<td>Asistencia en l\u00ednea<\/td>\n<\/tr>\n<tr>\n<td>Ubicaci\u00f3n del servicio local<\/td>\n<td>ninguno<\/td>\n<\/tr>\n<tr>\n<td>Ubicaci\u00f3n de la sala de exposiciones<\/td>\n<td>ninguno<\/td>\n<\/tr>\n<tr>\n<td>Lugar de origen<\/td>\n<td>Guangdong, China<\/td>\n<\/tr>\n<tr>\n<td>Marca<\/td>\n<td>Lvyuan,OEM,ODM<\/td>\n<\/tr>\n<tr>\n<td>Material<\/td>\n<td>upvc<\/td>\n<\/tr>\n<tr>\n<td>Peso<\/td>\n<td>personalizado<\/td>\n<\/tr>\n<tr>\n<td>Talla<\/td>\n<td>a medida, 10\u2032, 20\u2032, 30\u201d, 40\u201d<\/td>\n<\/tr>\n<tr>\n<td>Potencia<\/td>\n<td>0<\/td>\n<\/tr>\n<tr>\n<td>Garant\u00eda<\/td>\n<td>No disponible<\/td>\n<\/tr>\n<tr>\n<td>Caracter\u00edstica<\/td>\n<td>Econ\u00f3mico<\/td>\n<\/tr>\n<tr>\n<td>Certificaci\u00f3n<\/td>\n<td>ISO9001<\/td>\n<\/tr>\n<tr>\n<td>material<\/td>\n<td>UPVC<\/td>\n<\/tr>\n<tr>\n<td>Utilizaci\u00f3n<\/td>\n<td>prefiltraci\u00f3n de agua<\/td>\n<\/tr>\n<tr>\n<td>Aplicaci\u00f3n<\/td>\n<td>industria<\/td>\n<\/tr>\n<tr>\n<td>Presi\u00f3n de trabajo<\/td>\n<td>150Psi<\/td>\n<\/tr>\n<tr>\n<td>Color<\/td>\n<td>blanco y negro<\/td>\n<\/tr>\n<tr>\n<td>Palabras clave<\/td>\n<td>UPVC<\/td>\n<\/tr>\n<tr>\n<td>Capacidad de suministro<\/td>\n<td>200 piezas por mes<\/td>\n<\/tr>\n<\/tbody>\n<\/table>","protected":false},"featured_media":3719,"comment_status":"open","ping_status":"closed","template":"","meta":{"_gspb_post_css":""},"product_brand":[],"product_cat":[1198],"product_tag":[654,334,1199,1200,1136,1201],"class_list":{"0":"post-3717","1":"product","2":"type-product","3":"status-publish","4":"has-post-thumbnail","6":"product_cat-filter-housings","7":"product_tag-drinking-water-filter","8":"product_tag-industrial-water-filter","9":"product_tag-pvc-bag-filter-housing","10":"product_tag-pvc-housing-filter","11":"product_tag-water-filter-locks","12":"product_tag-water-pre-filtration-filter","14":"first","15":"instock","16":"shipping-taxable","17":"product-type-simple"},"_links":{"self":[{"href":"https:\/\/lyfilter.com\/es\/wp-json\/wp\/v2\/product\/3717","targetHints":{"allow":["GET"]}}],"collection":[{"href":"https:\/\/lyfilter.com\/es\/wp-json\/wp\/v2\/product"}],"about":[{"href":"https:\/\/lyfilter.com\/es\/wp-json\/wp\/v2\/types\/product"}],"replies":[{"embeddable":true,"href":"https:\/\/lyfilter.com\/es\/wp-json\/wp\/v2\/comments?post=3717"}],"wp:featuredmedia":[{"embeddable":true,"href":"https:\/\/lyfilter.com\/es\/wp-json\/wp\/v2\/media\/3719"}],"wp:attachment":[{"href":"https:\/\/lyfilter.com\/es\/wp-json\/wp\/v2\/media?parent=3717"}],"wp:term":[{"taxonomy":"product_brand","embeddable":true,"href":"https:\/\/lyfilter.com\/es\/wp-json\/wp\/v2\/product_brand?post=3717"},{"taxonomy":"product_cat","embeddable":true,"href":"https:\/\/lyfilter.com\/es\/wp-json\/wp\/v2\/product_cat?post=3717"},{"taxonomy":"product_tag","embeddable":true,"href":"https:\/\/lyfilter.com\/es\/wp-json\/wp\/v2\/product_tag?post=3717"}],"curies":[{"name":"wp","href":"https:\/\/api.w.org\/{rel}","templated":true}]}}