{"id":3710,"date":"2026-04-03T01:49:17","date_gmt":"2026-04-03T01:49:17","guid":{"rendered":"https:\/\/lyfilter.com\/"},"modified":"2026-04-03T01:49:17","modified_gmt":"2026-04-03T01:49:17","slug":"wholehouse-small-type-pre-filter-water-sediment-sand-filter-with-nylon-net-filter","status":"publish","type":"product","link":"https:\/\/lyfilter.com\/es\/wholehouse-small-type-pre-filter-water-sediment-sand-filter-with-nylon-net-filter\/","title":{"rendered":"Wholehouse Tipo Peque\u00f1o Pre Filtro De Arena De Sedimentos De Agua Con Filtro De Red De Nylon"},"content":{"rendered":"<p>Mantenga el agua m\u00e1s limpia todos los d\u00edas con este prefiltro compacto para toda la casa. Su carcasa transparente y su malla de nailon ayudan a atrapar la arena, los sedimentos y las part\u00edculas visibles antes de que lleguen a las tuber\u00edas y los accesorios dom\u00e9sticos.<\/p>","protected":false},"excerpt":{"rendered":"<table>\n<thead>\n<tr>\n<th>Art\u00edculo<\/th>\n<th>Detalles<\/th>\n<\/tr>\n<\/thead>\n<tbody>\n<tr>\n<td>Industrias aplicables<\/td>\n<td>F\u00e1brica de alimentos y bebidas, Restaurante, Tiendas de alimentos y bebidas<\/td>\n<\/tr>\n<tr>\n<td>Lugar de origen<\/td>\n<td>Guangdong, China<\/td>\n<\/tr>\n<tr>\n<td>Marca<\/td>\n<td>Lvyuan\/OEM<\/td>\n<\/tr>\n<tr>\n<td>Material<\/td>\n<td>Polipropileno<\/td>\n<\/tr>\n<tr>\n<td>Peso<\/td>\n<td>Personalizado<\/td>\n<\/tr>\n<tr>\n<td>Talla<\/td>\n<td>Personalizado<\/td>\n<\/tr>\n<tr>\n<td>Potencia<\/td>\n<td>0<\/td>\n<\/tr>\n<tr>\n<td>Garant\u00eda<\/td>\n<td>1 a\u00f1o<\/td>\n<\/tr>\n<tr>\n<td>Servicio posventa<\/td>\n<td>Asistencia en l\u00ednea<\/td>\n<\/tr>\n<tr>\n<td>Nombre del art\u00edculo<\/td>\n<td>filtro de arena de sedimentos de agua de tipo peque\u00f1o prefiltro con filtro de nylon<\/td>\n<\/tr>\n<tr>\n<td>Entrada y salida<\/td>\n<td>Lat\u00f3n 1\/2\u2033 1\u2033 Hembra<\/td>\n<\/tr>\n<tr>\n<td>Vivienda<\/td>\n<td>Transparente<\/td>\n<\/tr>\n<tr>\n<td>Filtro de red de nailon<\/td>\n<td>5 - 300 micras<\/td>\n<\/tr>\n<tr>\n<td>POTENCIA PHOS<\/td>\n<td>Clientes requeridos<\/td>\n<\/tr>\n<tr>\n<td>Caudal<\/td>\n<td>2-4T\/h<\/td>\n<\/tr>\n<tr>\n<td>Presi\u00f3n de trabajo<\/td>\n<td>1,0MPa<\/td>\n<\/tr>\n<tr>\n<td>Temperatura de trabajo<\/td>\n<td>M\u00e1ximo 80C<\/td>\n<\/tr>\n<tr>\n<td>Conector X-over<\/td>\n<td>Con o sin<\/td>\n<\/tr>\n<tr>\n<td>Caja de embalaje<\/td>\n<td>Caja de color<\/td>\n<\/tr>\n<\/tbody>\n<\/table>","protected":false},"featured_media":3713,"comment_status":"open","ping_status":"closed","template":"","meta":{"_gspb_post_css":""},"product_brand":[],"product_cat":[17],"product_tag":[1197,1195,1194,1196,1136,1193],"class_list":{"0":"post-3710","1":"product","2":"type-product","3":"status-publish","4":"has-post-thumbnail","6":"product_cat-sediment-filter","7":"product_tag-home-water-purifier","8":"product_tag-nylon-net-water-filter","9":"product_tag-sediment-sand-filter","10":"product_tag-transparent-housing-filter","11":"product_tag-water-filter-locks","12":"product_tag-wholehouse-pre-filter","14":"first","15":"instock","16":"shipping-taxable","17":"product-type-simple"},"_links":{"self":[{"href":"https:\/\/lyfilter.com\/es\/wp-json\/wp\/v2\/product\/3710","targetHints":{"allow":["GET"]}}],"collection":[{"href":"https:\/\/lyfilter.com\/es\/wp-json\/wp\/v2\/product"}],"about":[{"href":"https:\/\/lyfilter.com\/es\/wp-json\/wp\/v2\/types\/product"}],"replies":[{"embeddable":true,"href":"https:\/\/lyfilter.com\/es\/wp-json\/wp\/v2\/comments?post=3710"}],"wp:featuredmedia":[{"embeddable":true,"href":"https:\/\/lyfilter.com\/es\/wp-json\/wp\/v2\/media\/3713"}],"wp:attachment":[{"href":"https:\/\/lyfilter.com\/es\/wp-json\/wp\/v2\/media?parent=3710"}],"wp:term":[{"taxonomy":"product_brand","embeddable":true,"href":"https:\/\/lyfilter.com\/es\/wp-json\/wp\/v2\/product_brand?post=3710"},{"taxonomy":"product_cat","embeddable":true,"href":"https:\/\/lyfilter.com\/es\/wp-json\/wp\/v2\/product_cat?post=3710"},{"taxonomy":"product_tag","embeddable":true,"href":"https:\/\/lyfilter.com\/es\/wp-json\/wp\/v2\/product_tag?post=3710"}],"curies":[{"name":"wp","href":"https:\/\/api.w.org\/{rel}","templated":true}]}}