{"id":3680,"date":"2026-04-02T10:05:06","date_gmt":"2026-04-02T10:05:06","guid":{"rendered":"https:\/\/lyfilter.com\/"},"modified":"2026-04-02T10:05:06","modified_gmt":"2026-04-02T10:05:06","slug":"whole-sale-stainless-steel-powder-sinterd-filter-cartridge-for-energy-mining","status":"publish","type":"product","link":"https:\/\/lyfilter.com\/es\/whole-sale-stainless-steel-powder-sinterd-filter-cartridge-for-energy-mining\/","title":{"rendered":"Cartucho filtrante del sinterd del polvo del acero inoxidable de la venta entera para la energ\u00eda y la explotaci\u00f3n minera"},"content":{"rendered":"<p>Dise\u00f1ado para aplicaciones exigentes de energ\u00eda y miner\u00eda, este cartucho filtrante de acero inoxidable sinterizado en polvo favorece la filtraci\u00f3n constante de agua con una construcci\u00f3n duradera, un rendimiento reutilizable y un caudal fiable en el uso industrial diario.<\/p>","protected":false},"excerpt":{"rendered":"<table>\n<thead>\n<tr>\n<th>Condici\u00f3n<\/th>\n<th>Industrias aplicables<\/th>\n<th>Servicio post garant\u00eda<\/th>\n<th>Ubicaci\u00f3n del servicio local<\/th>\n<th>Ubicaci\u00f3n de la sala de exposiciones<\/th>\n<th>V\u00eddeo de la inspecci\u00f3n de salida<\/th>\n<th>Informe de ensayo de maquinaria<\/th>\n<th>Tipo de comercializaci\u00f3n<\/th>\n<th>Garant\u00eda de los componentes principales<\/th>\n<th>Componentes b\u00e1sicos<\/th>\n<th>Lugar de origen<\/th>\n<th>Marca<\/th>\n<th>Garant\u00eda<\/th>\n<th>Servicio posventa<\/th>\n<th>Palabras clave<\/th>\n<th>Di\u00e1metro<\/th>\n<th>Material<\/th>\n<th>Forma<\/th>\n<th>Utilizaci\u00f3n<\/th>\n<th>Aplicaci\u00f3n<\/th>\n<th>Color<\/th>\n<th>Embalaje<\/th>\n<th>longitud<\/th>\n<th>Ventaja<\/th>\n<\/tr>\n<\/thead>\n<tbody>\n<tr>\n<td>Nuevo<\/td>\n<td>Hoteles, tiendas de ropa, tiendas de materiales de construcci\u00f3n, plantas de fabricaci\u00f3n, talleres de reparaci\u00f3n de maquinaria, f\u00e1bricas de alimentos y bebidas, granjas, restaurantes, uso dom\u00e9stico, comercio minorista, tiendas de alimentaci\u00f3n, imprentas, obras de construcci\u00f3n, energ\u00eda y miner\u00eda, tiendas de alimentos y bebidas<\/td>\n<td>Asistencia en l\u00ednea<\/td>\n<td>ninguno<\/td>\n<td>ninguno<\/td>\n<td>Proporcionado<\/td>\n<td>Proporcionado<\/td>\n<td>Producto ordinario<\/td>\n<td>1 a\u00f1o<\/td>\n<td>Recipiente a presi\u00f3n<\/td>\n<td>Guangdong, China<\/td>\n<td>Lvyuan\/OEM<\/td>\n<td>1 a\u00f1o<\/td>\n<td>Asistencia en l\u00ednea<\/td>\n<td>cartucho filtrante de acero inoxidable sinterizado en polvo<\/td>\n<td>Demanda del cliente<\/td>\n<td>acero inoxidable<\/td>\n<td>cilindro<\/td>\n<td>tratamiento del agua<\/td>\n<td>industria<\/td>\n<td>astilla<\/td>\n<td>caja de papel<\/td>\n<td>10\/20\/30\/40 pulgadas<\/td>\n<td>reutilizar<\/td>\n<\/tr>\n<\/tbody>\n<\/table>","protected":false},"featured_media":3687,"comment_status":"open","ping_status":"closed","template":"","meta":{"_gspb_post_css":""},"product_brand":[],"product_cat":[18],"product_tag":[1169,1170,1168,1160,1167,1136],"class_list":{"0":"post-3680","1":"product","2":"type-product","3":"status-publish","4":"has-post-thumbnail","6":"product_cat-sintered-metal-filters","7":"product_tag-energy-and-mining-filter","8":"product_tag-industrial-filtration-cartridge","9":"product_tag-powder-sinterd-filter","10":"product_tag-reusable-water-filter","11":"product_tag-stainless-steel-filter-cartridge","12":"product_tag-water-filter-locks","14":"first","15":"instock","16":"shipping-taxable","17":"product-type-simple"},"_links":{"self":[{"href":"https:\/\/lyfilter.com\/es\/wp-json\/wp\/v2\/product\/3680","targetHints":{"allow":["GET"]}}],"collection":[{"href":"https:\/\/lyfilter.com\/es\/wp-json\/wp\/v2\/product"}],"about":[{"href":"https:\/\/lyfilter.com\/es\/wp-json\/wp\/v2\/types\/product"}],"replies":[{"embeddable":true,"href":"https:\/\/lyfilter.com\/es\/wp-json\/wp\/v2\/comments?post=3680"}],"wp:featuredmedia":[{"embeddable":true,"href":"https:\/\/lyfilter.com\/es\/wp-json\/wp\/v2\/media\/3687"}],"wp:attachment":[{"href":"https:\/\/lyfilter.com\/es\/wp-json\/wp\/v2\/media?parent=3680"}],"wp:term":[{"taxonomy":"product_brand","embeddable":true,"href":"https:\/\/lyfilter.com\/es\/wp-json\/wp\/v2\/product_brand?post=3680"},{"taxonomy":"product_cat","embeddable":true,"href":"https:\/\/lyfilter.com\/es\/wp-json\/wp\/v2\/product_cat?post=3680"},{"taxonomy":"product_tag","embeddable":true,"href":"https:\/\/lyfilter.com\/es\/wp-json\/wp\/v2\/product_tag?post=3680"}],"curies":[{"name":"wp","href":"https:\/\/api.w.org\/{rel}","templated":true}]}}