{"id":3656,"date":"2026-04-02T09:36:46","date_gmt":"2026-04-02T09:36:46","guid":{"rendered":"https:\/\/lyfilter.com\/"},"modified":"2026-04-02T09:36:46","modified_gmt":"2026-04-02T09:36:46","slug":"high-end-pp-sediment-filter-exporter-for-industry","status":"publish","type":"product","link":"https:\/\/lyfilter.com\/es\/high-end-pp-sediment-filter-exporter-for-industry\/","title":{"rendered":"Exportador de filtros de sedimentos de PP de alta gama para la industria"},"content":{"rendered":"<p>Dise\u00f1ado para satisfacer las necesidades de tratamiento de agua m\u00e1s exigentes, este filtro de sedimentos de PP ayuda a eliminar las part\u00edculas finas a la vez que mantiene un caudal constante y un rendimiento duradero. Es una opci\u00f3n pr\u00e1ctica para sistemas industriales que necesitan una filtraci\u00f3n limpia y fiable.<\/p>","protected":false},"excerpt":{"rendered":"<table>\n<thead>\n<tr>\n<th>Campo<\/th>\n<th>Valor<\/th>\n<\/tr>\n<\/thead>\n<tbody>\n<tr>\n<td>Condici\u00f3n<\/td>\n<td>Nuevo<\/td>\n<\/tr>\n<tr>\n<td>Industrias aplicables<\/td>\n<td>Plantas de fabricaci\u00f3n, f\u00e1bricas de alimentos y bebidas, uso dom\u00e9stico, tratamiento de aguas<\/td>\n<\/tr>\n<tr>\n<td>Servicio post garant\u00eda<\/td>\n<td>Asistencia en l\u00ednea<\/td>\n<\/tr>\n<tr>\n<td>Ubicaci\u00f3n del servicio local<\/td>\n<td>ninguno<\/td>\n<\/tr>\n<tr>\n<td>Ubicaci\u00f3n de la sala de exposiciones<\/td>\n<td>ninguno<\/td>\n<\/tr>\n<tr>\n<td>Lugar de origen<\/td>\n<td>Guangdong, China<\/td>\n<\/tr>\n<tr>\n<td>Marca<\/td>\n<td>Lvyuan, OEM, ODM<\/td>\n<\/tr>\n<tr>\n<td>Material<\/td>\n<td>pp<\/td>\n<\/tr>\n<tr>\n<td>Peso<\/td>\n<td>personalizado<\/td>\n<\/tr>\n<tr>\n<td>Talla<\/td>\n<td>personalizado, slim, jumbo<\/td>\n<\/tr>\n<tr>\n<td>Potencia<\/td>\n<td>0<\/td>\n<\/tr>\n<tr>\n<td>Garant\u00eda<\/td>\n<td>No disponible<\/td>\n<\/tr>\n<tr>\n<td>Caracter\u00edstica<\/td>\n<td>tama\u00f1o y logotipo personalizados acero robar<\/td>\n<\/tr>\n<tr>\n<td>Certificaci\u00f3n<\/td>\n<td>SGS<\/td>\n<\/tr>\n<tr>\n<td>Forma<\/td>\n<td>cilindro<\/td>\n<\/tr>\n<tr>\n<td>Utilizaci\u00f3n<\/td>\n<td>tratamiento del agua<\/td>\n<\/tr>\n<tr>\n<td>Aplicaci\u00f3n<\/td>\n<td>industria<\/td>\n<\/tr>\n<tr>\n<td>Color<\/td>\n<td>blanco<\/td>\n<\/tr>\n<tr>\n<td>Embalaje<\/td>\n<td>caja de papel<\/td>\n<\/tr>\n<tr>\n<td>Materia prima<\/td>\n<td>fibra pp<\/td>\n<\/tr>\n<tr>\n<td>Apariencia<\/td>\n<td>en relieve, brillante, etc.<\/td>\n<\/tr>\n<tr>\n<td>Capacidad de suministro<\/td>\n<td>5000 Piezas por semana<\/td>\n<\/tr>\n<\/tbody>\n<\/table>","protected":false},"featured_media":3660,"comment_status":"open","ping_status":"closed","template":"","meta":{"_gspb_post_css":""},"product_brand":[],"product_cat":[23],"product_tag":[1157,334,319,662,1156,321],"class_list":{"0":"post-3656","1":"product","2":"type-product","3":"status-publish","4":"has-post-thumbnail","6":"product_cat-pp-filter-cartridge","7":"product_tag-industrial-filtration-solution","8":"product_tag-industrial-water-filter","9":"product_tag-polypropylene-filter","10":"product_tag-pp-sediment-filter","11":"product_tag-sediment-filter-exporter","12":"product_tag-water-treatment-cartridge","14":"first","15":"instock","16":"shipping-taxable","17":"product-type-simple"},"_links":{"self":[{"href":"https:\/\/lyfilter.com\/es\/wp-json\/wp\/v2\/product\/3656","targetHints":{"allow":["GET"]}}],"collection":[{"href":"https:\/\/lyfilter.com\/es\/wp-json\/wp\/v2\/product"}],"about":[{"href":"https:\/\/lyfilter.com\/es\/wp-json\/wp\/v2\/types\/product"}],"replies":[{"embeddable":true,"href":"https:\/\/lyfilter.com\/es\/wp-json\/wp\/v2\/comments?post=3656"}],"wp:featuredmedia":[{"embeddable":true,"href":"https:\/\/lyfilter.com\/es\/wp-json\/wp\/v2\/media\/3660"}],"wp:attachment":[{"href":"https:\/\/lyfilter.com\/es\/wp-json\/wp\/v2\/media?parent=3656"}],"wp:term":[{"taxonomy":"product_brand","embeddable":true,"href":"https:\/\/lyfilter.com\/es\/wp-json\/wp\/v2\/product_brand?post=3656"},{"taxonomy":"product_cat","embeddable":true,"href":"https:\/\/lyfilter.com\/es\/wp-json\/wp\/v2\/product_cat?post=3656"},{"taxonomy":"product_tag","embeddable":true,"href":"https:\/\/lyfilter.com\/es\/wp-json\/wp\/v2\/product_tag?post=3656"}],"curies":[{"name":"wp","href":"https:\/\/api.w.org\/{rel}","templated":true}]}}