{"id":3649,"date":"2026-04-02T09:30:08","date_gmt":"2026-04-02T09:30:08","guid":{"rendered":"https:\/\/lyfilter.com\/"},"modified":"2026-04-02T09:30:08","modified_gmt":"2026-04-02T09:30:08","slug":"moveable-sewage-treatment-plant-car-wash-water-recycle","status":"publish","type":"product","link":"https:\/\/lyfilter.com\/es\/moveable-sewage-treatment-plant-car-wash-water-recycle\/","title":{"rendered":"Depuradora m\u00f3vil\/lavado de coches Reciclaje de agua"},"content":{"rendered":"<p>Construida para las necesidades de reutilizaci\u00f3n del agua, esta depuradora m\u00f3vil recicla el agua de lavado de coches con una filtraci\u00f3n constante y un rendimiento pr\u00e1ctico. Ofrece un rendimiento m\u00e1s limpio, una reubicaci\u00f3n m\u00e1s sencilla y un funcionamiento fiable para lugares de trabajo con mucho tr\u00e1fico.<\/p>","protected":false},"excerpt":{"rendered":"<table>\n<thead>\n<tr>\n<th>Art\u00edculo<\/th>\n<th>Valor<\/th>\n<\/tr>\n<\/thead>\n<tbody>\n<tr>\n<td>Industrias aplicables<\/td>\n<td>F\u00e1brica de alimentos y bebidas, Obras de construcci\u00f3n, Tiendas de alimentos y bebidas<\/td>\n<\/tr>\n<tr>\n<td>Servicio post garant\u00eda<\/td>\n<td>Asistencia en l\u00ednea<\/td>\n<\/tr>\n<tr>\n<td>Ubicaci\u00f3n del servicio local<\/td>\n<td>ninguno<\/td>\n<\/tr>\n<tr>\n<td>Ubicaci\u00f3n de la sala de exposiciones<\/td>\n<td>ninguno<\/td>\n<\/tr>\n<tr>\n<td>V\u00eddeo de la inspecci\u00f3n de salida<\/td>\n<td>Proporcionado<\/td>\n<\/tr>\n<tr>\n<td>Informe de ensayo de maquinaria<\/td>\n<td>Proporcionado<\/td>\n<\/tr>\n<tr>\n<td>Tipo de comercializaci\u00f3n<\/td>\n<td>Producto ordinario<\/td>\n<\/tr>\n<tr>\n<td>Garant\u00eda de los componentes principales<\/td>\n<td>1 a\u00f1o<\/td>\n<\/tr>\n<tr>\n<td>Componentes b\u00e1sicos<\/td>\n<td>Motor<\/td>\n<\/tr>\n<tr>\n<td>Lugar de origen<\/td>\n<td>Guangdong, China<\/td>\n<\/tr>\n<tr>\n<td>Marca<\/td>\n<td>Lvyuan<\/td>\n<\/tr>\n<tr>\n<td>Garant\u00eda<\/td>\n<td>1 a\u00f1o<\/td>\n<\/tr>\n<tr>\n<td>Servicio posventa<\/td>\n<td>Asistencia en l\u00ednea<\/td>\n<\/tr>\n<tr>\n<td>Art\u00edculo<\/td>\n<td>Depuradora de aguas residuales MBR<\/td>\n<\/tr>\n<tr>\n<td>Garant\u00eda<\/td>\n<td>Un a\u00f1o<\/td>\n<\/tr>\n<tr>\n<td>certificaci\u00f3n<\/td>\n<td>ISO<\/td>\n<\/tr>\n<tr>\n<td>tecnolog\u00eda 1<\/td>\n<td>tecnolog\u00eda de separaci\u00f3n por membranas<\/td>\n<\/tr>\n<tr>\n<td>tecnolog\u00eda 2<\/td>\n<td>tecnolog\u00eda de tratamiento biol\u00f3gico<\/td>\n<\/tr>\n<tr>\n<td>tecnolog\u00eda 3<\/td>\n<td>M\u00f3dulo de membrana Alpha<\/td>\n<\/tr>\n<tr>\n<td>duradero<\/td>\n<td>Larga vida \u00fatil<\/td>\n<\/tr>\n<tr>\n<td>operaci\u00f3n<\/td>\n<td>Simple<\/td>\n<\/tr>\n<tr>\n<td>mantenimiento<\/td>\n<td>c\u00f3modo<\/td>\n<\/tr>\n<tr>\n<td>calidad<\/td>\n<td>alto nivel<\/td>\n<\/tr>\n<tr>\n<td>Capacidad de suministro<\/td>\n<td>10 juegos\/juegos al mes<\/td>\n<\/tr>\n<\/tbody>\n<\/table>","protected":false},"featured_media":3655,"comment_status":"open","ping_status":"closed","template":"","meta":{"_gspb_post_css":""},"product_brand":[],"product_cat":[1147],"product_tag":[1153,38,1155,1152,1154,1136],"class_list":{"0":"post-3649","1":"product","2":"type-product","3":"status-publish","4":"has-post-thumbnail","6":"product_cat-waste-water-treatment-plant","7":"product_tag-car-wash-water-recycle","8":"product_tag-industrial-water-filtration","9":"product_tag-mobile-water-treatment","10":"product_tag-moveable-sewage-treatment-plant","11":"product_tag-wastewater-reuse-system","12":"product_tag-water-filter-locks","14":"first","15":"instock","16":"shipping-taxable","17":"product-type-simple"},"_links":{"self":[{"href":"https:\/\/lyfilter.com\/es\/wp-json\/wp\/v2\/product\/3649","targetHints":{"allow":["GET"]}}],"collection":[{"href":"https:\/\/lyfilter.com\/es\/wp-json\/wp\/v2\/product"}],"about":[{"href":"https:\/\/lyfilter.com\/es\/wp-json\/wp\/v2\/types\/product"}],"replies":[{"embeddable":true,"href":"https:\/\/lyfilter.com\/es\/wp-json\/wp\/v2\/comments?post=3649"}],"wp:featuredmedia":[{"embeddable":true,"href":"https:\/\/lyfilter.com\/es\/wp-json\/wp\/v2\/media\/3655"}],"wp:attachment":[{"href":"https:\/\/lyfilter.com\/es\/wp-json\/wp\/v2\/media?parent=3649"}],"wp:term":[{"taxonomy":"product_brand","embeddable":true,"href":"https:\/\/lyfilter.com\/es\/wp-json\/wp\/v2\/product_brand?post=3649"},{"taxonomy":"product_cat","embeddable":true,"href":"https:\/\/lyfilter.com\/es\/wp-json\/wp\/v2\/product_cat?post=3649"},{"taxonomy":"product_tag","embeddable":true,"href":"https:\/\/lyfilter.com\/es\/wp-json\/wp\/v2\/product_tag?post=3649"}],"curies":[{"name":"wp","href":"https:\/\/api.w.org\/{rel}","templated":true}]}}