{"id":3647,"date":"2026-04-02T09:28:05","date_gmt":"2026-04-02T09:28:05","guid":{"rendered":"https:\/\/lyfilter.com\/"},"modified":"2026-04-02T09:28:06","modified_gmt":"2026-04-02T09:28:06","slug":"sewage-reuse-water-tree-watering-source","status":"publish","type":"product","link":"https:\/\/lyfilter.com\/es\/sewage-reuse-water-tree-watering-source\/","title":{"rendered":"Reutilizaci\u00f3n de aguas residuales Fuente de agua \/ riego de \u00e1rboles"},"content":{"rendered":"<div class=\"scc-wrapper detail-module module-productPackagingAndQuickDetail\" data-spm=\"prilinga1e\">\n<div class=\"widget-detail-overview\"><\/div>\n<\/div>\n<div class=\"scc-wrapper detail-module module-productSpecification\" data-spm=\"pronpeci14\">\n<div id=\"J-rich-text-description\" class=\"richtext richtext-detail rich-text-description\">\n<div class=\"table-responsive\">\n<table class=\"aliDataTable\">\n<tbody>\n<tr align=\"left\">\n<td valign=\"bottom\">NO<\/td>\n<td valign=\"bottom\">Art\u00edculo<\/td>\n<\/tr>\n<tr align=\"left\">\n<td valign=\"center\">1<\/td>\n<td valign=\"center\">Membrana MBR<\/td>\n<\/tr>\n<tr align=\"left\">\n<td valign=\"center\">2<\/td>\n<td valign=\"center\">Soporte MBR Marco<\/td>\n<\/tr>\n<tr align=\"left\">\n<td valign=\"center\">3<\/td>\n<td valign=\"center\">Tubo colector MBR<\/td>\n<\/tr>\n<tr align=\"left\">\n<td valign=\"center\">4<\/td>\n<td valign=\"center\">Tuber\u00eda principal MBR<\/td>\n<\/tr>\n<tr align=\"left\">\n<td valign=\"center\">6<\/td>\n<td valign=\"center\">Bomba autocebante<\/td>\n<\/tr>\n<tr align=\"left\">\n<td valign=\"center\">7<\/td>\n<td valign=\"center\">Bomba de lodos<\/td>\n<\/tr>\n<tr align=\"left\">\n<td valign=\"center\">8<\/td>\n<td valign=\"center\">Bomba elevadora<\/td>\n<\/tr>\n<tr align=\"left\">\n<td valign=\"center\">10<\/td>\n<td valign=\"center\">Bomba dosificadora de contralavado<\/td>\n<\/tr>\n<tr align=\"left\">\n<td valign=\"center\">11<\/td>\n<td valign=\"center\">Dep\u00f3sito dosificador de contralavado<\/td>\n<\/tr>\n<tr align=\"left\">\n<td valign=\"center\">12<\/td>\n<td valign=\"center\">Desinfectante<\/p>\n<p>Dep\u00f3sito dosificador<\/td>\n<\/tr>\n<tr align=\"left\">\n<td valign=\"center\">13<\/td>\n<td valign=\"center\">Bomba dosificadora<\/p>\n<p>&nbsp;<\/td>\n<\/tr>\n<tr align=\"left\">\n<td valign=\"center\">14<\/td>\n<td valign=\"center\">Soplador de aire<\/td>\n<\/tr>\n<tr align=\"left\">\n<td valign=\"center\">15<\/td>\n<td valign=\"center\">Caja de control<\/td>\n<\/tr>\n<tr align=\"left\">\n<td valign=\"center\">16<\/td>\n<td valign=\"center\">Difusor de aire<\/td>\n<\/tr>\n<tr align=\"left\">\n<td valign=\"center\">17<\/td>\n<td valign=\"center\">Tuber\u00edas y accesorios<\/td>\n<\/tr>\n<tr align=\"left\">\n<td valign=\"center\">18<\/td>\n<td valign=\"center\">Dep\u00f3sito de agua de tipo integral<\/td>\n<\/tr>\n<tr align=\"left\">\n<td valign=\"center\">19<\/td>\n<td valign=\"center\">Otros<\/td>\n<\/tr>\n<\/tbody>\n<\/table>\n<\/div>\n<p><strong>agua de reutilizaci\u00f3n de aguas residuales\/fuente de riego de \u00e1rboles\/agua de reutilizaci\u00f3n de aguas residuales\/fuente de riego de \u00e1rboles<\/strong><\/p>\n<\/div>\n<\/div>","protected":false},"excerpt":{"rendered":"<table>\n<thead>\n<tr>\n<th>Art\u00edculo<\/th>\n<th>Valor<\/th>\n<\/tr>\n<\/thead>\n<tbody>\n<tr>\n<td>Industrias aplicables<\/td>\n<td>Talleres de reparaci\u00f3n de maquinaria, F\u00e1brica de alimentos y bebidas, Obras de construcci\u00f3n, Tiendas de alimentos y bebidas<\/td>\n<\/tr>\n<tr>\n<td>Servicio post garant\u00eda<\/td>\n<td>Asistencia en l\u00ednea<\/td>\n<\/tr>\n<tr>\n<td>Ubicaci\u00f3n del servicio local<\/td>\n<td>ninguno<\/td>\n<\/tr>\n<tr>\n<td>Ubicaci\u00f3n de la sala de exposiciones<\/td>\n<td>ninguno<\/td>\n<\/tr>\n<tr>\n<td>V\u00eddeo de la inspecci\u00f3n de salida<\/td>\n<td>Proporcionado<\/td>\n<\/tr>\n<tr>\n<td>Informe de ensayo de maquinaria<\/td>\n<td>Proporcionado<\/td>\n<\/tr>\n<tr>\n<td>Tipo de comercializaci\u00f3n<\/td>\n<td>Producto ordinario<\/td>\n<\/tr>\n<tr>\n<td>Garant\u00eda de los componentes principales<\/td>\n<td>1 a\u00f1o<\/td>\n<\/tr>\n<tr>\n<td>Componentes b\u00e1sicos<\/td>\n<td>Bomba<\/td>\n<\/tr>\n<tr>\n<td>Lugar de origen<\/td>\n<td>Guangdong, China<\/td>\n<\/tr>\n<tr>\n<td>Marca<\/td>\n<td>Guangzhou Lvyuan<\/td>\n<\/tr>\n<tr>\n<td>Garant\u00eda<\/td>\n<td>1 a\u00f1o<\/td>\n<\/tr>\n<tr>\n<td>Servicio posventa<\/td>\n<td>Asistencia en l\u00ednea<\/td>\n<\/tr>\n<tr>\n<td>Art\u00edculo<\/td>\n<td>Depuradora de aguas residuales MBR<\/td>\n<\/tr>\n<tr>\n<td>Garant\u00eda<\/td>\n<td>Pieza el\u00e9ctrica para un a\u00f1o<\/td>\n<\/tr>\n<tr>\n<td>certificaci\u00f3n<\/td>\n<td>BV<\/td>\n<\/tr>\n<tr>\n<td>tecnolog\u00eda 1<\/td>\n<td>tecnolog\u00eda de separaci\u00f3n por membranas<\/td>\n<\/tr>\n<tr>\n<td>tecnolog\u00eda 2<\/td>\n<td>tecnolog\u00eda de tratamiento biol\u00f3gico<\/td>\n<\/tr>\n<tr>\n<td>tecnolog\u00eda 3<\/td>\n<td>M\u00f3dulo de membrana Alpha<\/td>\n<\/tr>\n<tr>\n<td>duradero<\/td>\n<td>Larga vida \u00fatil<\/td>\n<\/tr>\n<tr>\n<td>operaci\u00f3n<\/td>\n<td>Simple<\/td>\n<\/tr>\n<tr>\n<td>mantenimiento<\/td>\n<td>c\u00f3modo<\/td>\n<\/tr>\n<tr>\n<td>calidad<\/td>\n<td>alto nivel<\/td>\n<\/tr>\n<tr>\n<td>Capacidad de suministro<\/td>\n<td>5 piezas\/piezas al mes<\/td>\n<\/tr>\n<tr>\n<td>Descripci\u00f3n del producto<\/td>\n<td>Depuradora MBR integrada<\/td>\n<\/tr>\n<tr>\n<td>Aplicaci\u00f3n<\/td>\n<td>agua de reutilizaci\u00f3n de aguas residuales \/ fuente de riego de \u00e1rboles \/ agua de reutilizaci\u00f3n de aguas residuales \/ fuente de riego de \u00e1rboles<\/td>\n<\/tr>\n<tr>\n<td>Par\u00e1metros t\u00e9cnicos<\/td>\n<td>agua de reutilizaci\u00f3n de aguas residuales \/ fuente de riego de \u00e1rboles \/ agua de reutilizaci\u00f3n de aguas residuales \/ fuente de riego de \u00e1rboles<\/td>\n<\/tr>\n<\/tbody>\n<\/table>","protected":false},"featured_media":3651,"comment_status":"open","ping_status":"closed","template":"","meta":{"_gspb_post_css":""},"product_brand":[],"product_cat":[1147],"product_tag":[636,1151,1148,1149,1150,1136],"class_list":{"0":"post-3647","1":"product","2":"type-product","3":"status-publish","4":"has-post-thumbnail","6":"product_cat-waste-water-treatment-plant","7":"product_tag-industrial-water-treatment","8":"product_tag-reuse-water-filtration","9":"product_tag-sewage-reuse-water","10":"product_tag-tree-watering-source","11":"product_tag-wastewater-treatment-system","12":"product_tag-water-filter-locks","14":"first","15":"instock","16":"shipping-taxable","17":"product-type-simple"},"_links":{"self":[{"href":"https:\/\/lyfilter.com\/es\/wp-json\/wp\/v2\/product\/3647","targetHints":{"allow":["GET"]}}],"collection":[{"href":"https:\/\/lyfilter.com\/es\/wp-json\/wp\/v2\/product"}],"about":[{"href":"https:\/\/lyfilter.com\/es\/wp-json\/wp\/v2\/types\/product"}],"replies":[{"embeddable":true,"href":"https:\/\/lyfilter.com\/es\/wp-json\/wp\/v2\/comments?post=3647"}],"wp:featuredmedia":[{"embeddable":true,"href":"https:\/\/lyfilter.com\/es\/wp-json\/wp\/v2\/media\/3651"}],"wp:attachment":[{"href":"https:\/\/lyfilter.com\/es\/wp-json\/wp\/v2\/media?parent=3647"}],"wp:term":[{"taxonomy":"product_brand","embeddable":true,"href":"https:\/\/lyfilter.com\/es\/wp-json\/wp\/v2\/product_brand?post=3647"},{"taxonomy":"product_cat","embeddable":true,"href":"https:\/\/lyfilter.com\/es\/wp-json\/wp\/v2\/product_cat?post=3647"},{"taxonomy":"product_tag","embeddable":true,"href":"https:\/\/lyfilter.com\/es\/wp-json\/wp\/v2\/product_tag?post=3647"}],"curies":[{"name":"wp","href":"https:\/\/api.w.org\/{rel}","templated":true}]}}