{"id":3642,"date":"2026-04-02T09:17:12","date_gmt":"2026-04-02T09:17:12","guid":{"rendered":"https:\/\/lyfilter.com\/"},"modified":"2026-04-02T09:17:12","modified_gmt":"2026-04-02T09:17:12","slug":"efficient-sintered-plastic-filter-exporter-for-factory","status":"publish","type":"product","link":"https:\/\/lyfilter.com\/es\/efficient-sintered-plastic-filter-exporter-for-factory\/","title":{"rendered":"Eficaz exportador de filtro de pl\u00e1stico sinterizado para f\u00e1brica"},"content":{"rendered":"<p>Fabricado para la filtraci\u00f3n de l\u00edquidos, este filtro microporoso de titanio proporciona un flujo constante, resistencia a la corrosi\u00f3n y resultados estables. Admite conexiones DOE, 222, 226 y roscadas, por lo que resulta muy pr\u00e1ctico para l\u00edneas de procesamiento industrial.<\/p>","protected":false},"excerpt":{"rendered":"<table>\n<thead>\n<tr>\n<th>Art\u00edculo<\/th>\n<th>Valor<\/th>\n<\/tr>\n<\/thead>\n<tbody>\n<tr>\n<td>Industrias aplicables<\/td>\n<td>Hoteles, tiendas de ropa, tiendas de materiales de construcci\u00f3n, plantas de fabricaci\u00f3n, talleres de reparaci\u00f3n de maquinaria, f\u00e1bricas de alimentos y bebidas, granjas, restaurantes, uso dom\u00e9stico, comercio minorista, tiendas de alimentaci\u00f3n, imprentas, obras de construcci\u00f3n, energ\u00eda y miner\u00eda, tiendas de alimentos y bebidas, empresas de publicidad<\/td>\n<\/tr>\n<tr>\n<td>Lugar de origen<\/td>\n<td>Guangdong, China<\/td>\n<\/tr>\n<tr>\n<td>Marca<\/td>\n<td>Lvyuan \/ OEM<\/td>\n<\/tr>\n<tr>\n<td>Material<\/td>\n<td>como petici\u00f3n<\/td>\n<\/tr>\n<tr>\n<td>Peso<\/td>\n<td>depende del producto real<\/td>\n<\/tr>\n<tr>\n<td>Talla<\/td>\n<td>personalizaci\u00f3n<\/td>\n<\/tr>\n<tr>\n<td>Potencia<\/td>\n<td>0<\/td>\n<\/tr>\n<tr>\n<td>Garant\u00eda<\/td>\n<td>No disponible<\/td>\n<\/tr>\n<tr>\n<td>Nombre<\/td>\n<td>filtros microporosos de titanio<\/td>\n<\/tr>\n<tr>\n<td>Tasa de micras<\/td>\n<td>0,1, 0,22, 0,45, 1 a 60 micras<\/td>\n<\/tr>\n<tr>\n<td>Longitud<\/td>\n<td>5\u2033, 10\u2033, 20\u2033, 30\u2033, 40\u2033, OEM<\/td>\n<\/tr>\n<tr>\n<td>Di\u00e1metro<\/td>\n<td>50, 60, 70, 80 mm<\/td>\n<\/tr>\n<tr>\n<td>Tipo de conexi\u00f3n<\/td>\n<td>DOE, SOE, Tipo de tornillo, 222, 226<\/td>\n<\/tr>\n<tr>\n<td>Utilizaci\u00f3n<\/td>\n<td>Filtraci\u00f3n de l\u00edquidos<\/td>\n<\/tr>\n<tr>\n<td>Materia prima<\/td>\n<td>Titanio puro 99,6%<\/td>\n<\/tr>\n<tr>\n<td>Forma de lavado<\/td>\n<td>Lavado posterior<\/td>\n<\/tr>\n<tr>\n<td>Certificaci\u00f3n<\/td>\n<td>SGS, ISO9001<\/td>\n<\/tr>\n<tr>\n<td>Carcasa del filtro<\/td>\n<td>disponible para opci\u00f3n<\/td>\n<\/tr>\n<tr>\n<td>Servicio posventa<\/td>\n<td>Asistencia en l\u00ednea<\/td>\n<\/tr>\n<tr>\n<td>Capacidad de suministro<\/td>\n<td>5000 Piezas\/Piezas por semana micropore titanium filter<\/td>\n<\/tr>\n<\/tbody>\n<\/table>","protected":false},"featured_media":3645,"comment_status":"open","ping_status":"closed","template":"","meta":{"_gspb_post_css":""},"product_brand":[],"product_cat":[24],"product_tag":[1145,1144,1143,1142,1146,1136],"class_list":{"0":"post-3642","1":"product","2":"type-product","3":"status-publish","4":"has-post-thumbnail","6":"product_cat-sintered-porous-plastic","7":"product_tag-222-226-code-filter","8":"product_tag-doe-titanium-filter","9":"product_tag-industrial-liquid-filter","10":"product_tag-micropore-titanium-filter","11":"product_tag-titanium-microporous-cartridge","12":"product_tag-water-filter-locks","14":"first","15":"instock","16":"shipping-taxable","17":"product-type-simple"},"_links":{"self":[{"href":"https:\/\/lyfilter.com\/es\/wp-json\/wp\/v2\/product\/3642","targetHints":{"allow":["GET"]}}],"collection":[{"href":"https:\/\/lyfilter.com\/es\/wp-json\/wp\/v2\/product"}],"about":[{"href":"https:\/\/lyfilter.com\/es\/wp-json\/wp\/v2\/types\/product"}],"replies":[{"embeddable":true,"href":"https:\/\/lyfilter.com\/es\/wp-json\/wp\/v2\/comments?post=3642"}],"wp:featuredmedia":[{"embeddable":true,"href":"https:\/\/lyfilter.com\/es\/wp-json\/wp\/v2\/media\/3645"}],"wp:attachment":[{"href":"https:\/\/lyfilter.com\/es\/wp-json\/wp\/v2\/media?parent=3642"}],"wp:term":[{"taxonomy":"product_brand","embeddable":true,"href":"https:\/\/lyfilter.com\/es\/wp-json\/wp\/v2\/product_brand?post=3642"},{"taxonomy":"product_cat","embeddable":true,"href":"https:\/\/lyfilter.com\/es\/wp-json\/wp\/v2\/product_cat?post=3642"},{"taxonomy":"product_tag","embeddable":true,"href":"https:\/\/lyfilter.com\/es\/wp-json\/wp\/v2\/product_tag?post=3642"}],"curies":[{"name":"wp","href":"https:\/\/api.w.org\/{rel}","templated":true}]}}