{"id":3636,"date":"2026-04-02T08:52:29","date_gmt":"2026-04-02T08:52:29","guid":{"rendered":"https:\/\/lyfilter.com\/"},"modified":"2026-04-02T08:52:30","modified_gmt":"2026-04-02T08:52:30","slug":"manufacturer-industrial-micropore-titanium-microporous-filters-with-doe-m20-m30-m42-222-226-code","status":"publish","type":"product","link":"https:\/\/lyfilter.com\/es\/manufacturer-industrial-micropore-titanium-microporous-filters-with-doe-m20-m30-m42-222-226-code\/","title":{"rendered":"Fabricante Industrial Micropore Filtros microporosos de titanio con c\u00f3digo DOE M20 M30 M42 222 226"},"content":{"rendered":"<p>Fabricado en titanio puro, este elemento filtrante se encarga de la separaci\u00f3n de l\u00edquidos con una resistencia duradera y un lavado posterior sencillo. Sus m\u00faltiples tama\u00f1os y opciones de conexi\u00f3n le permiten adaptarse sin problemas a instalaciones de filtraci\u00f3n de alimentos, bebidas e industriales.<\/p>","protected":false},"excerpt":{"rendered":"<table>\n<thead>\n<tr>\n<th>Art\u00edculo<\/th>\n<th>Valor<\/th>\n<\/tr>\n<\/thead>\n<tbody>\n<tr>\n<td>Industrias aplicables<\/td>\n<td>Hoteles, tiendas de ropa, tiendas de materiales de construcci\u00f3n, plantas de fabricaci\u00f3n, talleres de reparaci\u00f3n de maquinaria, f\u00e1bricas de alimentos y bebidas, granjas, restaurantes, uso dom\u00e9stico, comercio minorista, tiendas de alimentaci\u00f3n, imprentas, obras de construcci\u00f3n, energ\u00eda y miner\u00eda, tiendas de alimentos y bebidas, empresas de publicidad<\/td>\n<\/tr>\n<tr>\n<td>Lugar de origen<\/td>\n<td>Guangdong, China<\/td>\n<\/tr>\n<tr>\n<td>Marca<\/td>\n<td>Lvyuan \/ OEM<\/td>\n<\/tr>\n<tr>\n<td>Material<\/td>\n<td>como petici\u00f3n<\/td>\n<\/tr>\n<tr>\n<td>Peso<\/td>\n<td>depende del producto real<\/td>\n<\/tr>\n<tr>\n<td>Talla<\/td>\n<td>personalizaci\u00f3n<\/td>\n<\/tr>\n<tr>\n<td>Potencia<\/td>\n<td>0<\/td>\n<\/tr>\n<tr>\n<td>Garant\u00eda<\/td>\n<td>No disponible<\/td>\n<\/tr>\n<tr>\n<td>Nombre<\/td>\n<td>filtros microporosos de titanio<\/td>\n<\/tr>\n<tr>\n<td>Tasa de micras<\/td>\n<td>0,1, 0,22, 0,45, 1 a 60 micras<\/td>\n<\/tr>\n<tr>\n<td>Longitud<\/td>\n<td>5\u2033, 10\u2033, 20\u2033, 30\u2033, 40\u2033, OEM<\/td>\n<\/tr>\n<tr>\n<td>Di\u00e1metro<\/td>\n<td>50, 60, 70, 80 mm<\/td>\n<\/tr>\n<tr>\n<td>Tipo de conexi\u00f3n<\/td>\n<td>DOE, SOE, Tipo de tornillo, 222, 226<\/td>\n<\/tr>\n<tr>\n<td>Utilizaci\u00f3n<\/td>\n<td>Filtraci\u00f3n de l\u00edquidos<\/td>\n<\/tr>\n<tr>\n<td>Materia prima<\/td>\n<td>Titanio puro 99,6%<\/td>\n<\/tr>\n<tr>\n<td>Forma de lavado<\/td>\n<td>Lavado posterior<\/td>\n<\/tr>\n<tr>\n<td>Certificaci\u00f3n<\/td>\n<td>SGS, ISO9001<\/td>\n<\/tr>\n<tr>\n<td>Carcasa del filtro<\/td>\n<td>disponible para opci\u00f3n<\/td>\n<\/tr>\n<tr>\n<td>Servicio posventa<\/td>\n<td>Asistencia en l\u00ednea<\/td>\n<\/tr>\n<tr>\n<td>Capacidad de suministro<\/td>\n<td>5000 Piezas\/Piezas por semana micropore titanium filter<\/td>\n<\/tr>\n<\/tbody>\n<\/table>","protected":false},"featured_media":3639,"comment_status":"open","ping_status":"closed","template":"","meta":{"_gspb_post_css":""},"product_brand":[],"product_cat":[1141],"product_tag":[1145,1144,1143,1142,1146,1136],"class_list":{"0":"post-3636","1":"product","2":"type-product","3":"status-publish","4":"has-post-thumbnail","6":"product_cat-titanium-filter-cartridge","7":"product_tag-222-226-code-filter","8":"product_tag-doe-titanium-filter","9":"product_tag-industrial-liquid-filter","10":"product_tag-micropore-titanium-filter","11":"product_tag-titanium-microporous-cartridge","12":"product_tag-water-filter-locks","14":"first","15":"instock","16":"shipping-taxable","17":"product-type-simple"},"_links":{"self":[{"href":"https:\/\/lyfilter.com\/es\/wp-json\/wp\/v2\/product\/3636","targetHints":{"allow":["GET"]}}],"collection":[{"href":"https:\/\/lyfilter.com\/es\/wp-json\/wp\/v2\/product"}],"about":[{"href":"https:\/\/lyfilter.com\/es\/wp-json\/wp\/v2\/types\/product"}],"replies":[{"embeddable":true,"href":"https:\/\/lyfilter.com\/es\/wp-json\/wp\/v2\/comments?post=3636"}],"wp:featuredmedia":[{"embeddable":true,"href":"https:\/\/lyfilter.com\/es\/wp-json\/wp\/v2\/media\/3639"}],"wp:attachment":[{"href":"https:\/\/lyfilter.com\/es\/wp-json\/wp\/v2\/media?parent=3636"}],"wp:term":[{"taxonomy":"product_brand","embeddable":true,"href":"https:\/\/lyfilter.com\/es\/wp-json\/wp\/v2\/product_brand?post=3636"},{"taxonomy":"product_cat","embeddable":true,"href":"https:\/\/lyfilter.com\/es\/wp-json\/wp\/v2\/product_cat?post=3636"},{"taxonomy":"product_tag","embeddable":true,"href":"https:\/\/lyfilter.com\/es\/wp-json\/wp\/v2\/product_tag?post=3636"}],"curies":[{"name":"wp","href":"https:\/\/api.w.org\/{rel}","templated":true}]}}