{"id":3626,"date":"2026-04-02T08:36:28","date_gmt":"2026-04-02T08:36:28","guid":{"rendered":"https:\/\/lyfilter.com\/"},"modified":"2026-04-02T08:38:27","modified_gmt":"2026-04-02T08:38:27","slug":"ss304-316l-stainless-steel-food-grade-filters-solid-and-liquid-filtration-system-of-beer-food-milk-beverage-processing-filter","status":"publish","type":"product","link":"https:\/\/lyfilter.com\/es\/ss304-316l-stainless-steel-food-grade-filters-solid-and-liquid-filtration-system-of-beer-food-milk-beverage-processing-filter\/","title":{"rendered":"SS304\/316L Filtros de acero inoxidable de grado alimenticio Sistema de filtraci\u00f3n de s\u00f3lidos y l\u00edquidos de la cerveza de alimentos \/ leche \/ filtro de procesamiento de bebidas"},"content":{"rendered":"<p>Fabricado para un uso diario fiable, este sistema de filtrado de acero inoxidable apto para uso alimentario permite procesar cerveza, leche y otras bebidas sin problemas. Su dise\u00f1o seguro, acabado resistente y flujo suave ayudan a mantener la filtraci\u00f3n de l\u00edquidos limpia y uniforme.<\/p>","protected":false},"excerpt":{"rendered":"<table>\n<thead>\n<tr>\n<th>Art\u00edculo<\/th>\n<th>Valor<\/th>\n<\/tr>\n<\/thead>\n<tbody>\n<tr>\n<td>Condici\u00f3n<\/td>\n<td>Nuevo<\/td>\n<\/tr>\n<tr>\n<td>Industrias aplicables<\/td>\n<td>Hoteles, tiendas de ropa, tiendas de materiales de construcci\u00f3n, plantas de fabricaci\u00f3n, talleres de reparaci\u00f3n de maquinaria, f\u00e1bricas de alimentos y bebidas, granjas, restaurantes, uso dom\u00e9stico, comercio minorista, tiendas de alimentaci\u00f3n, imprentas, obras de construcci\u00f3n, energ\u00eda y miner\u00eda, tiendas de alimentos y bebidas, empresas de publicidad<\/td>\n<\/tr>\n<tr>\n<td>Servicio post garant\u00eda<\/td>\n<td>Asistencia en l\u00ednea<\/td>\n<\/tr>\n<tr>\n<td>Ubicaci\u00f3n del servicio local<\/td>\n<td>ninguno<\/td>\n<\/tr>\n<tr>\n<td>Ubicaci\u00f3n de la sala de exposiciones<\/td>\n<td>ninguno<\/td>\n<\/tr>\n<tr>\n<td>Lugar de origen<\/td>\n<td>Guangdong, China<\/td>\n<\/tr>\n<tr>\n<td>Marca<\/td>\n<td>Lvyuan \/ OEM<\/td>\n<\/tr>\n<tr>\n<td>Garant\u00eda<\/td>\n<td>No disponible<\/td>\n<\/tr>\n<tr>\n<td>Servicio posventa<\/td>\n<td>Asistencia en l\u00ednea<\/td>\n<\/tr>\n<tr>\n<td>Nombre del producto<\/td>\n<td>filtros de calidad alimentaria<\/td>\n<\/tr>\n<tr>\n<td>material de la carcasa<\/td>\n<td>ss304, sus 316, ss316L<\/td>\n<\/tr>\n<tr>\n<td>filtros de bolsa cantidad<\/td>\n<td>Bolsas individuales o m\u00faltiples personalizadas<\/td>\n<\/tr>\n<tr>\n<td>Tama\u00f1o de la bolsa<\/td>\n<td>180<em>450 mm o 180<\/em>810 mm, otros<\/td>\n<\/tr>\n<tr>\n<td>Tipo de entrada y salida<\/td>\n<td>Conexi\u00f3n brida\/rosca<\/td>\n<\/tr>\n<tr>\n<td>Bolsa filtrante Material<\/td>\n<td>PP, PE, a medida<\/td>\n<\/tr>\n<tr>\n<td>Presi\u00f3n m\u00e1x. de trabajo<\/td>\n<td>100\/150\/300 Psi<\/td>\n<\/tr>\n<tr>\n<td>Utilizaci\u00f3n<\/td>\n<td>filtraci\u00f3n de l\u00edquidos<\/td>\n<\/tr>\n<tr>\n<td>N\u00famero de bolsa<\/td>\n<td>#1, 2, 3, 4, 5, OEM<\/td>\n<\/tr>\n<tr>\n<td>vivienda clousure by<\/td>\n<td>perno r\u00e1pido, abrazadera, brida<\/td>\n<\/tr>\n<tr>\n<td>Unidades de venta<\/td>\n<td>Art\u00edculo \u00fanico<\/td>\n<\/tr>\n<tr>\n<td>Tama\u00f1o de envase individual<\/td>\n<td>40X40X100 cm<\/td>\n<\/tr>\n<tr>\n<td>Peso bruto \u00fanico<\/td>\n<td>40.000 kg<\/td>\n<\/tr>\n<tr>\n<td>Tipo de envase<\/td>\n<td>SS304\/316L Filtros de acero inoxidable de grado alimenticio Sistema de filtraci\u00f3n de s\u00f3lidos y l\u00edquidos de la cerveza de alimentos \/ leche \/ bebidas filtro de procesamiento Embalaje: caja de madera o cart\u00f3n La cita es s\u00f3lo para referencia, por favor no dude en contactar con nosotros para los mejores precios. Gracias.<\/td>\n<\/tr>\n<\/tbody>\n<\/table>","protected":false},"featured_media":3631,"comment_status":"open","ping_status":"closed","template":"","meta":{"_gspb_post_css":""},"product_brand":[],"product_cat":[1135],"product_tag":[1139,1138,1137,1140,80,1136],"class_list":{"0":"post-3626","1":"product","2":"type-product","3":"status-publish","4":"has-post-thumbnail","6":"product_cat-stainless-steel-bag-filter-housing","7":"product_tag-beer-filtration-system","8":"product_tag-beverage-processing-filter","9":"product_tag-food-grade-filter","10":"product_tag-milk-filtration-equipment","11":"product_tag-stainless-steel-filter","12":"product_tag-water-filter-locks","14":"first","15":"instock","16":"shipping-taxable","17":"product-type-simple"},"_links":{"self":[{"href":"https:\/\/lyfilter.com\/es\/wp-json\/wp\/v2\/product\/3626","targetHints":{"allow":["GET"]}}],"collection":[{"href":"https:\/\/lyfilter.com\/es\/wp-json\/wp\/v2\/product"}],"about":[{"href":"https:\/\/lyfilter.com\/es\/wp-json\/wp\/v2\/types\/product"}],"replies":[{"embeddable":true,"href":"https:\/\/lyfilter.com\/es\/wp-json\/wp\/v2\/comments?post=3626"}],"wp:featuredmedia":[{"embeddable":true,"href":"https:\/\/lyfilter.com\/es\/wp-json\/wp\/v2\/media\/3631"}],"wp:attachment":[{"href":"https:\/\/lyfilter.com\/es\/wp-json\/wp\/v2\/media?parent=3626"}],"wp:term":[{"taxonomy":"product_brand","embeddable":true,"href":"https:\/\/lyfilter.com\/es\/wp-json\/wp\/v2\/product_brand?post=3626"},{"taxonomy":"product_cat","embeddable":true,"href":"https:\/\/lyfilter.com\/es\/wp-json\/wp\/v2\/product_cat?post=3626"},{"taxonomy":"product_tag","embeddable":true,"href":"https:\/\/lyfilter.com\/es\/wp-json\/wp\/v2\/product_tag?post=3626"}],"curies":[{"name":"wp","href":"https:\/\/api.w.org\/{rel}","templated":true}]}}