{"id":3586,"date":"2026-04-01T09:46:04","date_gmt":"2026-04-01T09:46:04","guid":{"rendered":"https:\/\/lyfilter.com\/"},"modified":"2026-04-01T09:46:05","modified_gmt":"2026-04-01T09:46:05","slug":"spiral-wound-filter-cartridge-for-wire-wound-water-filters-element","status":"publish","type":"product","link":"https:\/\/lyfilter.com\/es\/spiral-wound-filter-cartridge-for-wire-wound-water-filters-element\/","title":{"rendered":"Cartucho filtrante bobinado en espiral para elemento filtrante de agua bobinado en alambre"},"content":{"rendered":"<p>Dise\u00f1ado para las necesidades pr\u00e1cticas de tratamiento de agua y l\u00edquidos, este cartucho filtrante enrollado en espiral ofrece una capacidad de retenci\u00f3n de suciedad fiable, una eficacia de filtraci\u00f3n estable y un uso duradero. es una elecci\u00f3n de confianza para sistemas de filtraci\u00f3n industriales y comerciales.<\/p>","protected":false},"excerpt":{"rendered":"<table>\n<thead>\n<tr>\n<th>Art\u00edculo<\/th>\n<th>Detalles<\/th>\n<\/tr>\n<\/thead>\n<tbody>\n<tr>\n<td>Lugar de origen<\/td>\n<td>Guangdong, China<\/td>\n<\/tr>\n<tr>\n<td>Marca<\/td>\n<td>Lvyuan \/ OEM<\/td>\n<\/tr>\n<tr>\n<td>N\u00famero de modelo<\/td>\n<td>Serie LY-SW<\/td>\n<\/tr>\n<tr>\n<td>Nombre del producto<\/td>\n<td>cartucho filtrante bobinado<\/td>\n<\/tr>\n<tr>\n<td>Tasa de micras<\/td>\n<td>Cartucho filtrante de 1, 3, 5, 10 micras<\/td>\n<\/tr>\n<tr>\n<td>Material<\/td>\n<td>PP \/ algod\u00f3n \/ fibra de vidrio<\/td>\n<\/tr>\n<tr>\n<td>N\u00facleo interno<\/td>\n<td>PP o acero inoxidable<\/td>\n<\/tr>\n<tr>\n<td>Longitud<\/td>\n<td>5\u2033, 10\u2033, 20\u2033, 30\u2033, 40\u2033, 50\u201d pulgadas<\/td>\n<\/tr>\n<tr>\n<td>Material de la junta\/anillo<\/td>\n<td>Silicio\/EPDM\/Vit\u00f3n<\/td>\n<\/tr>\n<tr>\n<td>Utilizaci\u00f3n<\/td>\n<td>filtro de l\u00edquidos, piezas de filtros de agua<\/td>\n<\/tr>\n<tr>\n<td>Di\u00e1metro interior<\/td>\n<td>28, 30 mm<\/td>\n<\/tr>\n<tr>\n<td>Di\u00e1metro exterior<\/td>\n<td>60~62mm, Jumbo 110~115mm<\/td>\n<\/tr>\n<tr>\n<td>Certificaci\u00f3n<\/td>\n<td>CE SGS ISO<\/td>\n<\/tr>\n<tr>\n<td>Capacidad de suministro<\/td>\n<td>5000 Piezas\/Piezas por D\u00eda cartucho filtrante espiralado<\/td>\n<\/tr>\n<\/tbody>\n<\/table>","protected":false},"featured_media":3589,"comment_status":"open","ping_status":"closed","template":"","meta":{"_gspb_post_css":""},"product_brand":[],"product_cat":[1095],"product_tag":[1100,1099,1096,1098,357,1097],"class_list":{"0":"post-3586","1":"product","2":"type-product","3":"status-publish","4":"has-post-thumbnail","6":"product_cat-string-wound-filter-cartridge","7":"product_tag-industrial-filter-element","8":"product_tag-liquid-filtration-cartridge","9":"product_tag-spiral-wound-filter-cartridge","10":"product_tag-string-wound-filter-cartridge","11":"product_tag-water-filter-cartridge","12":"product_tag-wire-wound-water-filter-element","14":"first","15":"instock","16":"shipping-taxable","17":"product-type-simple"},"_links":{"self":[{"href":"https:\/\/lyfilter.com\/es\/wp-json\/wp\/v2\/product\/3586","targetHints":{"allow":["GET"]}}],"collection":[{"href":"https:\/\/lyfilter.com\/es\/wp-json\/wp\/v2\/product"}],"about":[{"href":"https:\/\/lyfilter.com\/es\/wp-json\/wp\/v2\/types\/product"}],"replies":[{"embeddable":true,"href":"https:\/\/lyfilter.com\/es\/wp-json\/wp\/v2\/comments?post=3586"}],"wp:featuredmedia":[{"embeddable":true,"href":"https:\/\/lyfilter.com\/es\/wp-json\/wp\/v2\/media\/3589"}],"wp:attachment":[{"href":"https:\/\/lyfilter.com\/es\/wp-json\/wp\/v2\/media?parent=3586"}],"wp:term":[{"taxonomy":"product_brand","embeddable":true,"href":"https:\/\/lyfilter.com\/es\/wp-json\/wp\/v2\/product_brand?post=3586"},{"taxonomy":"product_cat","embeddable":true,"href":"https:\/\/lyfilter.com\/es\/wp-json\/wp\/v2\/product_cat?post=3586"},{"taxonomy":"product_tag","embeddable":true,"href":"https:\/\/lyfilter.com\/es\/wp-json\/wp\/v2\/product_tag?post=3586"}],"curies":[{"name":"wp","href":"https:\/\/api.w.org\/{rel}","templated":true}]}}