{"id":3578,"date":"2026-04-01T09:05:20","date_gmt":"2026-04-01T09:05:20","guid":{"rendered":"https:\/\/lyfilter.com\/"},"modified":"2026-04-01T09:05:20","modified_gmt":"2026-04-01T09:05:20","slug":"top-grade-woven-pp-spun-filter-cartridge-making-machine","status":"publish","type":"product","link":"https:\/\/lyfilter.com\/es\/top-grade-woven-pp-spun-filter-cartridge-making-machine\/","title":{"rendered":"Top Grade Tejido pp hilado cartucho de filtro que hace la m\u00e1quina"},"content":{"rendered":"<table>\n<thead>\n<tr>\n<th>Art\u00edculo<\/th>\n<th>Detalles<\/th>\n<\/tr>\n<\/thead>\n<tbody>\n<tr>\n<td>Estructura<\/td>\n<td>El hilo de fibra textil (como PP o fibra de vidrio) se envuelve firmemente alrededor de un esqueleto poroso (polipropileno o acero inoxidable) para crear una estructura de panal que es escasa en el exterior y densa en el interior.<\/td>\n<\/tr>\n<tr>\n<td>Precisi\u00f3n de filtrado<\/td>\n<td>Rango normal, normalmente entre 1 \u03bcm y 100 \u03bcm (como 1, 5, 10, 20, 30, 50, 75, 100 \u03bcm).<\/td>\n<\/tr>\n<tr>\n<td>Materiales principales<\/td>\n<td>Hilo: Polipropileno (PP), fibra de vidrio, etc; Esqueleto: Polipropileno (PP) o acero inoxidable<\/td>\n<\/tr>\n<tr>\n<td>Tama\u00f1os comunes<\/td>\n<td>Longitud: 250 mm (10 pulgadas), 500 mm (20 pulgadas), 750 mm (30 pulgadas), 1.000 mm (40 pulgadas); Di\u00e1metro exterior\/di\u00e1metro interior: di\u00e1metro exterior de 60 mm\/65 mm, di\u00e1metro interior de 28 mm\/30 mm<\/td>\n<\/tr>\n<tr>\n<td>Resistencia a la compresi\u00f3n<\/td>\n<td>La presi\u00f3n m\u00e1xima de trabajo suele ser \u2264 0,5MPa<\/td>\n<\/tr>\n<tr>\n<td>Temperatura m\u00e1xima de funcionamiento<\/td>\n<td>El rango de resistencia a la temperatura var\u00eda en funci\u00f3n del material. Por ejemplo, el esqueleto de PP n\u00facleo de PP puede soportar hasta 70 \u2103, el esqueleto de acero inoxidable n\u00facleo de algod\u00f3n desengrasado puede llegar a 120 \u2103, y el n\u00facleo de fibra de vidrio puede soportar &gt;300 \u2103.<\/td>\n<\/tr>\n<tr>\n<td>Ejemplo de manipulaci\u00f3n<\/td>\n<td>Filtraci\u00f3n de fluidos en m\u00faltiples industrias, como alimentaci\u00f3n y bebidas, petroqu\u00edmica, aceites industriales y gesti\u00f3n del agua<\/td>\n<\/tr>\n<\/tbody>\n<\/table>","protected":false},"excerpt":{"rendered":"<table>\n<thead>\n<tr>\n<th>Art\u00edculo<\/th>\n<th>Detalles<\/th>\n<\/tr>\n<\/thead>\n<tbody>\n<tr>\n<td>Puerto de inicio<\/td>\n<td>Huangpu<\/td>\n<\/tr>\n<tr>\n<td>Capacidad de producci\u00f3n<\/td>\n<td>20000pcs\/mes<\/td>\n<\/tr>\n<tr>\n<td>Lugar de origen<\/td>\n<td>Guangzhou\/Shenzhen<\/td>\n<\/tr>\n<tr>\n<td>Pago<\/td>\n<td>T\/T, Western Union, Alibaba Trade Assurance<\/td>\n<\/tr>\n<tr>\n<td>MOQ<\/td>\n<td>1 unidad<\/td>\n<\/tr>\n<tr>\n<td>Plazo de entrega<\/td>\n<td>5-10 d\u00edas<\/td>\n<\/tr>\n<tr>\n<td>Certificaci\u00f3n<\/td>\n<td>SGS<\/td>\n<\/tr>\n<tr>\n<td>Marca<\/td>\n<td>OEM\/Lvyuan<\/td>\n<\/tr>\n<\/tbody>\n<\/table>","protected":false},"featured_media":3580,"comment_status":"open","ping_status":"closed","template":"","meta":{"_gspb_post_css":""},"product_brand":[],"product_cat":[21],"product_tag":[897,1092,1091,1094,1093,1090],"class_list":{"0":"post-3578","1":"product","2":"type-product","3":"status-publish","4":"has-post-thumbnail","6":"product_cat-pleated-filter-cartridge","7":"product_tag-filter-cartridge-making-machine","8":"product_tag-industrial-filter-cartridge-equipment","9":"product_tag-pp-spun-filter-machine","10":"product_tag-spun-cartridge-production-line","11":"product_tag-water-filter-cartridge-machine","12":"product_tag-woven-pp-spun-filter-cartridge-machine","14":"first","15":"instock","16":"shipping-taxable","17":"product-type-simple"},"_links":{"self":[{"href":"https:\/\/lyfilter.com\/es\/wp-json\/wp\/v2\/product\/3578","targetHints":{"allow":["GET"]}}],"collection":[{"href":"https:\/\/lyfilter.com\/es\/wp-json\/wp\/v2\/product"}],"about":[{"href":"https:\/\/lyfilter.com\/es\/wp-json\/wp\/v2\/types\/product"}],"replies":[{"embeddable":true,"href":"https:\/\/lyfilter.com\/es\/wp-json\/wp\/v2\/comments?post=3578"}],"wp:featuredmedia":[{"embeddable":true,"href":"https:\/\/lyfilter.com\/es\/wp-json\/wp\/v2\/media\/3580"}],"wp:attachment":[{"href":"https:\/\/lyfilter.com\/es\/wp-json\/wp\/v2\/media?parent=3578"}],"wp:term":[{"taxonomy":"product_brand","embeddable":true,"href":"https:\/\/lyfilter.com\/es\/wp-json\/wp\/v2\/product_brand?post=3578"},{"taxonomy":"product_cat","embeddable":true,"href":"https:\/\/lyfilter.com\/es\/wp-json\/wp\/v2\/product_cat?post=3578"},{"taxonomy":"product_tag","embeddable":true,"href":"https:\/\/lyfilter.com\/es\/wp-json\/wp\/v2\/product_tag?post=3578"}],"curies":[{"name":"wp","href":"https:\/\/api.w.org\/{rel}","templated":true}]}}