{"id":3576,"date":"2026-04-01T08:54:48","date_gmt":"2026-04-01T08:54:48","guid":{"rendered":"https:\/\/lyfilter.com\/"},"modified":"2026-04-01T08:54:48","modified_gmt":"2026-04-01T08:54:48","slug":"304-stainless-steel-filter-housing-liquid-cartridge-filter-housing-for-biodiese","status":"publish","type":"product","link":"https:\/\/lyfilter.com\/es\/304-stainless-steel-filter-housing-liquid-cartridge-filter-housing-for-biodiese\/","title":{"rendered":"Carcasa de filtro de acero inoxidable 304 Carcasa de filtro de cartucho l\u00edquido para biodiese"},"content":{"rendered":"<table>\n<thead>\n<tr>\n<th>Art\u00edculo<\/th>\n<th>Detalles<\/th>\n<\/tr>\n<\/thead>\n<tbody>\n<tr>\n<td>Material<\/td>\n<td>Acero inoxidable<\/td>\n<\/tr>\n<tr>\n<td>Disponibilidad<\/td>\n<td>OEM\/ODM<\/td>\n<\/tr>\n<\/tbody>\n<\/table>\n<p><strong>304\u00a0<a href=\"https:\/\/lyfilter.com\/es\/stainless-steel-filter-housing.html\/\">carcasa del filtro de acero inoxidable<\/a>\u00a0Carcasa de filtro de cartucho de l\u00edquido para biodiese<\/strong><\/p>\n<p>La carcasa del filtro de cartucho de l\u00edquido est\u00e1 hecha de acero inoxidable SUS316l o SUS304, esmerilado y pulido de la superficie interior y exterior. Peque\u00f1a resistencia al flujo, resistencia a los \u00e1cidos, resistencia a los \u00e1lcalis, resistencia a la corrosi\u00f3n, f\u00e1cil limpieza y desinfecci\u00f3n. Puede montar diferentes\u00a0<a href=\"https:\/\/lyfilter.com\/es\/products.html\/\">elemento filtrante<\/a>s de acuerdo a sus necesidades y cumplir con los requisitos de GMP para las industrias alimentaria y farmac\u00e9utica. El equipo de filtro es bueno para las industrias alimentaria y farmac\u00e9utica.<\/p>","protected":false},"excerpt":{"rendered":"<table>\n<thead>\n<tr>\n<th>Art\u00edculo<\/th>\n<th>Detalles<\/th>\n<\/tr>\n<\/thead>\n<tbody>\n<tr>\n<td>Puerto de inicio<\/td>\n<td>Guangzhou<\/td>\n<\/tr>\n<tr>\n<td>Capacidad de producci\u00f3n<\/td>\n<td>10000 unidades\/Mes<\/td>\n<\/tr>\n<tr>\n<td>Lugar de origen<\/td>\n<td>Guangdong, China<\/td>\n<\/tr>\n<tr>\n<td>Pago<\/td>\n<td>T\/T, Alibaba Trade Assurance, paypal<\/td>\n<\/tr>\n<tr>\n<td>Plazo de entrega<\/td>\n<td>En un plazo de 7 d\u00edas laborables<\/td>\n<\/tr>\n<tr>\n<td>Certificaci\u00f3n<\/td>\n<td>ISO 9001<\/td>\n<\/tr>\n<tr>\n<td>Marca<\/td>\n<td>OEM\/Lvyuan<\/td>\n<\/tr>\n<\/tbody>\n<\/table>","protected":false},"featured_media":3577,"comment_status":"open","ping_status":"closed","template":"","meta":{"_gspb_post_css":""},"product_brand":[],"product_cat":[15],"product_tag":[1085,1087,43,1089,1086,1088],"class_list":{"0":"post-3576","1":"product","2":"type-product","3":"status-publish","4":"has-post-thumbnail","6":"product_cat-stainless-steel-filter-housing","7":"product_tag-304-stainless-steel-filter-housing","8":"product_tag-biodiesel-filter-housing","9":"product_tag-corrosion-resistant-filter-housing","10":"product_tag-industrial-cartridge-housing","11":"product_tag-liquid-cartridge-filter-housing","12":"product_tag-stainless-steel-liquid-filter","14":"first","15":"instock","16":"shipping-taxable","17":"product-type-simple"},"_links":{"self":[{"href":"https:\/\/lyfilter.com\/es\/wp-json\/wp\/v2\/product\/3576","targetHints":{"allow":["GET"]}}],"collection":[{"href":"https:\/\/lyfilter.com\/es\/wp-json\/wp\/v2\/product"}],"about":[{"href":"https:\/\/lyfilter.com\/es\/wp-json\/wp\/v2\/types\/product"}],"replies":[{"embeddable":true,"href":"https:\/\/lyfilter.com\/es\/wp-json\/wp\/v2\/comments?post=3576"}],"wp:featuredmedia":[{"embeddable":true,"href":"https:\/\/lyfilter.com\/es\/wp-json\/wp\/v2\/media\/3577"}],"wp:attachment":[{"href":"https:\/\/lyfilter.com\/es\/wp-json\/wp\/v2\/media?parent=3576"}],"wp:term":[{"taxonomy":"product_brand","embeddable":true,"href":"https:\/\/lyfilter.com\/es\/wp-json\/wp\/v2\/product_brand?post=3576"},{"taxonomy":"product_cat","embeddable":true,"href":"https:\/\/lyfilter.com\/es\/wp-json\/wp\/v2\/product_cat?post=3576"},{"taxonomy":"product_tag","embeddable":true,"href":"https:\/\/lyfilter.com\/es\/wp-json\/wp\/v2\/product_tag?post=3576"}],"curies":[{"name":"wp","href":"https:\/\/api.w.org\/{rel}","templated":true}]}}