{"id":3569,"date":"2026-04-01T08:26:06","date_gmt":"2026-04-01T08:26:06","guid":{"rendered":"https:\/\/lyfilter.com\/"},"modified":"2026-04-01T08:26:06","modified_gmt":"2026-04-01T08:26:06","slug":"tri-clamp-10-20-30-inch-stainless-steel-steam-filter-housing-for-compressed-steam-air-gas-water-purifying","status":"publish","type":"product","link":"https:\/\/lyfilter.com\/es\/tri-clamp-10-20-30-inch-stainless-steel-steam-filter-housing-for-compressed-steam-air-gas-water-purifying\/","title":{"rendered":"Tri Clamp 10 20 30 pulgadas de acero inoxidable carcasa del filtro de vapor para vapor comprimido de aire de gas de purificaci\u00f3n de agua"},"content":{"rendered":"<table>\n<thead>\n<tr>\n<th>Art\u00edculo<\/th>\n<th>Detalles<\/th>\n<\/tr>\n<\/thead>\n<tbody>\n<tr>\n<td>Material<\/td>\n<td>Acero inoxidable<\/td>\n<\/tr>\n<tr>\n<td>Disponibilidad<\/td>\n<td>OEM\/ODM<\/td>\n<\/tr>\n<\/tbody>\n<\/table>\n<p><strong><span class=\"\">Tri abrazadera de 10 20 30 pulgadas de acero inoxidable Carcasa del filtro de vapor para vapor comprimido aire gas agua purificaci\u00f3n<\/span><\/strong><\/p>\n<ul>\n<li>Material y construcci\u00f3n: Estas carcasas de filtro est\u00e1n fabricadas en acero inoxidable de alta calidad, como acero inoxidable 304 o 316L, lo que garantiza su durabilidad y resistencia a la corrosi\u00f3n;<\/li>\n<li>Conexiones finales: Est\u00e1n disponibles con diferentes conexiones finales, incluyendo conexiones finales NPT (1\/2\u201d a 2\u201d) y bridadas ASME 150 (2-1\/2\u201d a 8\u201d), proporcionando flexibilidad para la instalaci\u00f3n y compatibilidad con diferentes sistemas;<\/li>\n<li>Aplicaciones: Las carcasas de los filtros de vapor de acero inoxidable est\u00e1n dise\u00f1adas para la purificaci\u00f3n de aire comprimido, gases t\u00e9cnicos y vapor en aplicaciones de grado sanitario, lo que las hace adecuadas para su uso en industrias como la farmac\u00e9utica, la de alimentos y bebidas y otras aplicaciones sanitarias;<\/li>\n<li>Versatilidad: Estos\u00a0<strong><a href=\"https:\/\/lyfilter.com\/es\/stainless-steel-filter-housing.html\/\">carcasa del filtro de acero inoxidable<\/a>s<\/strong>\u00a0son adecuados para filtrar aire comprimido y vapor, garantizando la eliminaci\u00f3n de contaminantes e impurezas para satisfacer los requisitos espec\u00edficos de la aplicaci\u00f3n;<\/li>\n<li>Aplicaciones sanitarias: Las carcasas est\u00e1n dise\u00f1adas para su uso en aplicaciones sanitarias, garantizando la pureza y limpieza del aire y vapor filtrados, lo cual es crucial en industrias con estrictas normas de higiene;<\/li>\n<li>Disponibilidad del producto: Estos\u00a0<strong>carcasa del filtro tri clamp<\/strong>\u00a0est\u00e1n disponibles en varios proveedores y se pueden encontrar en diferentes tama\u00f1os y configuraciones para satisfacer necesidades espec\u00edficas de filtraci\u00f3n.<\/li>\n<\/ul>\n<p>Las carcasas de los filtros de vapor de acero inoxidable son componentes esenciales para mantener la pureza y calidad del aire comprimido y el vapor en aplicaciones cr\u00edticas, proporcionando una filtraci\u00f3n fiable y garantizando la integridad de los procesos en los que se utilizan.<\/p>","protected":false},"excerpt":{"rendered":"<table>\n<thead>\n<tr>\n<th>Art\u00edculo<\/th>\n<th>Detalles<\/th>\n<\/tr>\n<\/thead>\n<tbody>\n<tr>\n<td>Puerto de inicio<\/td>\n<td>Guangzhou<\/td>\n<\/tr>\n<tr>\n<td>Capacidad de producci\u00f3n<\/td>\n<td>10000 unidades\/Mes<\/td>\n<\/tr>\n<tr>\n<td>Lugar de origen<\/td>\n<td>Guangdong, China<\/td>\n<\/tr>\n<tr>\n<td>Pago<\/td>\n<td>T\/T, Garant\u00eda Comercial Alibaba<\/td>\n<\/tr>\n<tr>\n<td>MOQ<\/td>\n<td>1 unidad<\/td>\n<\/tr>\n<tr>\n<td>Modelo<\/td>\n<td>LY-FB<\/td>\n<\/tr>\n<tr>\n<td>Plazo de entrega<\/td>\n<td>En un plazo de 7 d\u00edas laborables<\/td>\n<\/tr>\n<tr>\n<td>Certificaci\u00f3n<\/td>\n<td>ISO 9001<\/td>\n<\/tr>\n<tr>\n<td>Marca<\/td>\n<td>OEM\/Lvyuan<\/td>\n<\/tr>\n<\/tbody>\n<\/table>","protected":false},"featured_media":3570,"comment_status":"open","ping_status":"closed","template":"","meta":{"_gspb_post_css":""},"product_brand":[],"product_cat":[15],"product_tag":[1082,1081,1084,1079,1083,1080],"class_list":{"0":"post-3569","1":"product","2":"type-product","3":"status-publish","4":"has-post-thumbnail","6":"product_cat-stainless-steel-filter-housing","7":"product_tag-air-gas-water-filter-housing","8":"product_tag-compressed-steam-filter","9":"product_tag-industrial-filter-housing","10":"product_tag-stainless-steel-steam-filter-housing","11":"product_tag-steam-filtration-housing","12":"product_tag-tri-clamp-filter-housing","14":"first","15":"instock","16":"shipping-taxable","17":"product-type-simple"},"_links":{"self":[{"href":"https:\/\/lyfilter.com\/es\/wp-json\/wp\/v2\/product\/3569","targetHints":{"allow":["GET"]}}],"collection":[{"href":"https:\/\/lyfilter.com\/es\/wp-json\/wp\/v2\/product"}],"about":[{"href":"https:\/\/lyfilter.com\/es\/wp-json\/wp\/v2\/types\/product"}],"replies":[{"embeddable":true,"href":"https:\/\/lyfilter.com\/es\/wp-json\/wp\/v2\/comments?post=3569"}],"wp:featuredmedia":[{"embeddable":true,"href":"https:\/\/lyfilter.com\/es\/wp-json\/wp\/v2\/media\/3570"}],"wp:attachment":[{"href":"https:\/\/lyfilter.com\/es\/wp-json\/wp\/v2\/media?parent=3569"}],"wp:term":[{"taxonomy":"product_brand","embeddable":true,"href":"https:\/\/lyfilter.com\/es\/wp-json\/wp\/v2\/product_brand?post=3569"},{"taxonomy":"product_cat","embeddable":true,"href":"https:\/\/lyfilter.com\/es\/wp-json\/wp\/v2\/product_cat?post=3569"},{"taxonomy":"product_tag","embeddable":true,"href":"https:\/\/lyfilter.com\/es\/wp-json\/wp\/v2\/product_tag?post=3569"}],"curies":[{"name":"wp","href":"https:\/\/api.w.org\/{rel}","templated":true}]}}