{"id":3548,"date":"2026-04-01T06:56:32","date_gmt":"2026-04-01T06:56:32","guid":{"rendered":"https:\/\/lyfilter.com\/"},"modified":"2026-04-01T06:56:32","modified_gmt":"2026-04-01T06:56:32","slug":"soe-226-fin-micro-pore-n66-folded-candle-filter-0-2-micron-nylon-membrane-filter-for-mineral-water-filter-treatment","status":"publish","type":"product","link":"https:\/\/lyfilter.com\/es\/soe-226-fin-micro-pore-n66-folded-candle-filter-0-2-micron-nylon-membrane-filter-for-mineral-water-filter-treatment\/","title":{"rendered":"SOE 226\/fin micro poro N66 plegado filtro de vela 0,2 micras filtro de membrana de nylon para el tratamiento de filtro de agua mineral"},"content":{"rendered":"<table>\n<thead>\n<tr>\n<th>Art\u00edculo<\/th>\n<th>Detalles<\/th>\n<\/tr>\n<\/thead>\n<tbody>\n<tr>\n<td>Unidades de venta<\/td>\n<td>Art\u00edculo \u00fanico<\/td>\n<\/tr>\n<tr>\n<td>Tama\u00f1o de envase individual<\/td>\n<td>68X40X40 cm<\/td>\n<\/tr>\n<tr>\n<td>Peso bruto \u00fanico<\/td>\n<td>23.000 kg<\/td>\n<\/tr>\n<tr>\n<td>Tipo de envase<\/td>\n<td>SOE 226\/fin micro poro N66 plegado filtro de vela 0,2 micras filtro de membrana de nylon para el tratamiento de filtro de agua mineral: 10\u2033 50PCS\/CTN, 20\u2033 25PCS\/CTN, 30\u2033 25PCS\/CTN, 40\u2033 25PCS\/CTN.<\/td>\n<\/tr>\n<\/tbody>\n<\/table>\n<p>&nbsp;<\/p>\n<table>\n<thead>\n<tr>\n<th>Cantidad(Piezas)<\/th>\n<th>Est. Tiempo (d\u00edas)<\/th>\n<\/tr>\n<\/thead>\n<tbody>\n<tr>\n<td>1 - 100<\/td>\n<td>2<\/td>\n<\/tr>\n<tr>\n<td>101 - 500<\/td>\n<td>5<\/td>\n<\/tr>\n<tr>\n<td>501 - 1000<\/td>\n<td>7<\/td>\n<\/tr>\n<tr>\n<td>&gt;1000<\/td>\n<td>A negociar<\/td>\n<\/tr>\n<\/tbody>\n<\/table>","protected":false},"excerpt":{"rendered":"<table>\n<thead>\n<tr>\n<th>Art\u00edculo<\/th>\n<th>Detalles<\/th>\n<\/tr>\n<\/thead>\n<tbody>\n<tr>\n<td>Industrias aplicables<\/td>\n<td>Planta de fabricaci\u00f3n, F\u00e1brica de alimentos y bebidas, Restaurante, Energ\u00eda y miner\u00eda, Tiendas de alimentos y bebidas<\/td>\n<\/tr>\n<tr>\n<td>Lugar de origen<\/td>\n<td>Guangdong, China<\/td>\n<\/tr>\n<tr>\n<td>Marca<\/td>\n<td>Lvyuan\/OEM<\/td>\n<\/tr>\n<tr>\n<td>Material<\/td>\n<td>Polipropileno<\/td>\n<\/tr>\n<tr>\n<td>Peso<\/td>\n<td>Est\u00e1ndar<\/td>\n<\/tr>\n<tr>\n<td>Talla<\/td>\n<td>Est\u00e1ndar<\/td>\n<\/tr>\n<tr>\n<td>Potencia<\/td>\n<td>0<\/td>\n<\/tr>\n<tr>\n<td>Garant\u00eda<\/td>\n<td>No disponible<\/td>\n<\/tr>\n<tr>\n<td>Nombre<\/td>\n<td>Filtro de vela plegado 226\/fin Filtro de membrana de nailon de 0,2 micras<\/td>\n<\/tr>\n<tr>\n<td>Material de la membrana filtrante<\/td>\n<td>PP\/PVDF\/PTFE\/PES\/Nil\u00f3n<\/td>\n<\/tr>\n<tr>\n<td>Longitud<\/td>\n<td>5 \/ 10 \/ 20 \/ 30 \/ 40 \/ 50 \/ 60 pulgadas<\/td>\n<\/tr>\n<tr>\n<td>Conector<\/td>\n<td>Fin\/222\/226\/215\/DOE\/Thread<\/td>\n<\/tr>\n<tr>\n<td>Micron<\/td>\n<td>0.22\/0.5\/1\/3\/5\/10\/25\/50\/75\/100\/150<\/td>\n<\/tr>\n<tr>\n<td>Material de la junta t\u00f3rica<\/td>\n<td>EPDM\/Vit\u00f3n\/Silicona\/Tefl\u00f3n<\/td>\n<\/tr>\n<tr>\n<td>M\u00e9todo de sellado<\/td>\n<td>Soldadura por fusi\u00f3n en caliente<\/td>\n<\/tr>\n<tr>\n<td>Di\u00e1metro<\/td>\n<td>70 mm\/OEM<\/td>\n<\/tr>\n<tr>\n<td>N\u00facleo interior<\/td>\n<td>PP\/SS\/OEM<\/td>\n<\/tr>\n<tr>\n<td>MOQ<\/td>\n<td>Actualmente no hay<\/td>\n<\/tr>\n<tr>\n<td>Servicio posventa<\/td>\n<td>Asistencia en l\u00ednea<\/td>\n<\/tr>\n<\/tbody>\n<\/table>","protected":false},"featured_media":3550,"comment_status":"open","ping_status":"closed","template":"","meta":{"_gspb_post_css":""},"product_brand":[],"product_cat":[21],"product_tag":[],"class_list":{"0":"post-3548","1":"product","2":"type-product","3":"status-publish","4":"has-post-thumbnail","6":"product_cat-pleated-filter-cartridge","8":"first","9":"instock","10":"shipping-taxable","11":"product-type-simple"},"_links":{"self":[{"href":"https:\/\/lyfilter.com\/es\/wp-json\/wp\/v2\/product\/3548","targetHints":{"allow":["GET"]}}],"collection":[{"href":"https:\/\/lyfilter.com\/es\/wp-json\/wp\/v2\/product"}],"about":[{"href":"https:\/\/lyfilter.com\/es\/wp-json\/wp\/v2\/types\/product"}],"replies":[{"embeddable":true,"href":"https:\/\/lyfilter.com\/es\/wp-json\/wp\/v2\/comments?post=3548"}],"wp:featuredmedia":[{"embeddable":true,"href":"https:\/\/lyfilter.com\/es\/wp-json\/wp\/v2\/media\/3550"}],"wp:attachment":[{"href":"https:\/\/lyfilter.com\/es\/wp-json\/wp\/v2\/media?parent=3548"}],"wp:term":[{"taxonomy":"product_brand","embeddable":true,"href":"https:\/\/lyfilter.com\/es\/wp-json\/wp\/v2\/product_brand?post=3548"},{"taxonomy":"product_cat","embeddable":true,"href":"https:\/\/lyfilter.com\/es\/wp-json\/wp\/v2\/product_cat?post=3548"},{"taxonomy":"product_tag","embeddable":true,"href":"https:\/\/lyfilter.com\/es\/wp-json\/wp\/v2\/product_tag?post=3548"}],"curies":[{"name":"wp","href":"https:\/\/api.w.org\/{rel}","templated":true}]}}