{"id":3541,"date":"2026-04-01T06:27:53","date_gmt":"2026-04-01T06:27:53","guid":{"rendered":"https:\/\/lyfilter.com\/"},"modified":"2026-04-01T06:27:53","modified_gmt":"2026-04-01T06:27:53","slug":"stainless-steel-micron-porous-pleated-filter-housing","status":"publish","type":"product","link":"https:\/\/lyfilter.com\/es\/stainless-steel-micron-porous-pleated-filter-housing\/","title":{"rendered":"Carcasa de filtro plisado poroso microm\u00e9trico de acero inoxidable"},"content":{"rendered":"<table>\n<thead>\n<tr>\n<th>Capacidad de suministro<\/th>\n<th>1000000pc\/mes<\/th>\n<\/tr>\n<\/thead>\n<tbody>\n<tr>\n<td>Material<\/td>\n<td>Acero inoxidable<\/td>\n<\/tr>\n<tr>\n<td>Disponibilidad<\/td>\n<td>OEM<\/td>\n<\/tr>\n<tr>\n<td>Nombre del producto<\/td>\n<td>Carcasa de filtro plisado poroso microm\u00e9trico de acero inoxidable<\/td>\n<\/tr>\n<tr>\n<td>Descripci\u00f3n<\/td>\n<td>El filtro microporoso es un nuevo tipo de equipo de filtrado desarrollado en el pa\u00eds y en el extranjero. Puede filtrar part\u00edculas y bacterias por encima de 0,1um en l\u00edquidos y gases. Tiene las ventajas de alta precisi\u00f3n de filtraci\u00f3n, velocidad de transici\u00f3n r\u00e1pida, menos adsorci\u00f3n, sin desprendimiento de medio, resistencia a la corrosi\u00f3n de \u00e1cidos y \u00e1lcalis, y operaci\u00f3n conveniente. Ha sido ampliamente utilizado en medicina, industria qu\u00edmica, electr\u00f3nica, bebidas, vino de frutas, tratamiento bioqu\u00edmico del agua, protecci\u00f3n del medio ambiente y otras industrias.<\/td>\n<\/tr>\n<\/tbody>\n<\/table>","protected":false},"excerpt":{"rendered":"<table>\n<thead>\n<tr>\n<th>Puerto de inicio<\/th>\n<th>Guangzhou<\/th>\n<\/tr>\n<\/thead>\n<tbody>\n<tr>\n<td>Capacidad de producci\u00f3n<\/td>\n<td>10000 unidades\/Mes<\/td>\n<\/tr>\n<tr>\n<td>Lugar de origen<\/td>\n<td>Guangdong, China<\/td>\n<\/tr>\n<tr>\n<td>Pago<\/td>\n<td>T\/T, Garant\u00eda Comercial Alibaba<\/td>\n<\/tr>\n<tr>\n<td>MOQ<\/td>\n<td>1 unidad<\/td>\n<\/tr>\n<tr>\n<td>Plazo de entrega<\/td>\n<td>En un plazo de 7 d\u00edas laborables<\/td>\n<\/tr>\n<tr>\n<td>Certificaci\u00f3n<\/td>\n<td>ISO 9001<\/td>\n<\/tr>\n<tr>\n<td>Marca<\/td>\n<td>OEM\/Lvyuan<\/td>\n<\/tr>\n<\/tbody>\n<\/table>","protected":false},"featured_media":3543,"comment_status":"open","ping_status":"closed","template":"","meta":{"_gspb_post_css":""},"product_brand":[],"product_cat":[15],"product_tag":[1071,1069,1070,1067,1068,34],"class_list":{"0":"post-3541","1":"product","2":"type-product","3":"status-publish","4":"has-post-thumbnail","6":"product_cat-stainless-steel-filter-housing","7":"product_tag-corrosion-resistant-filter","8":"product_tag-industrial-filtration-housing","9":"product_tag-liquid-filtration-system","10":"product_tag-micron-porous-filter-housing","11":"product_tag-pleated-filter-housing","12":"product_tag-stainless-steel-filter-housing","14":"first","15":"instock","16":"shipping-taxable","17":"product-type-simple"},"_links":{"self":[{"href":"https:\/\/lyfilter.com\/es\/wp-json\/wp\/v2\/product\/3541","targetHints":{"allow":["GET"]}}],"collection":[{"href":"https:\/\/lyfilter.com\/es\/wp-json\/wp\/v2\/product"}],"about":[{"href":"https:\/\/lyfilter.com\/es\/wp-json\/wp\/v2\/types\/product"}],"replies":[{"embeddable":true,"href":"https:\/\/lyfilter.com\/es\/wp-json\/wp\/v2\/comments?post=3541"}],"wp:featuredmedia":[{"embeddable":true,"href":"https:\/\/lyfilter.com\/es\/wp-json\/wp\/v2\/media\/3543"}],"wp:attachment":[{"href":"https:\/\/lyfilter.com\/es\/wp-json\/wp\/v2\/media?parent=3541"}],"wp:term":[{"taxonomy":"product_brand","embeddable":true,"href":"https:\/\/lyfilter.com\/es\/wp-json\/wp\/v2\/product_brand?post=3541"},{"taxonomy":"product_cat","embeddable":true,"href":"https:\/\/lyfilter.com\/es\/wp-json\/wp\/v2\/product_cat?post=3541"},{"taxonomy":"product_tag","embeddable":true,"href":"https:\/\/lyfilter.com\/es\/wp-json\/wp\/v2\/product_tag?post=3541"}],"curies":[{"name":"wp","href":"https:\/\/api.w.org\/{rel}","templated":true}]}}