{"id":3519,"date":"2026-04-01T03:34:49","date_gmt":"2026-04-01T03:34:49","guid":{"rendered":"https:\/\/lyfilter.com\/"},"modified":"2026-04-01T03:39:20","modified_gmt":"2026-04-01T03:39:20","slug":"stainless-steel-high-pressure-filter-gas-filter","status":"publish","type":"product","link":"https:\/\/lyfilter.com\/es\/stainless-steel-high-pressure-filter-gas-filter\/","title":{"rendered":"Filtro de acero inoxidable de alta presi\u00f3n Filtro de gas"},"content":{"rendered":"<div class=\"unit-detail-html-tabs__content-attr\">\n<div class=\"unit-product-attrparam\">\n<div class=\"unit-product-attrparam__items row\">\n<div class=\"col-12 col-md-6\">\n<div class=\"unit-product-attrparam__item\">\n<div class=\"unit-product-attrparam__label\">\n<table>\n<thead>\n<tr>\n<th>Capacidad de suministro<\/th>\n<th>1000000pc\/mes<\/th>\n<\/tr>\n<\/thead>\n<tbody>\n<tr>\n<td>Material<\/td>\n<td>Acero inoxidable<\/td>\n<\/tr>\n<tr>\n<td>Disponibilidad<\/td>\n<td>OEM<\/td>\n<\/tr>\n<tr>\n<td>Nombre del producto<\/td>\n<td>Filtro de acero inoxidable de alta presi\u00f3n Filtro de gas<\/td>\n<\/tr>\n<tr>\n<td>Descripci\u00f3n<\/td>\n<td>Los filtros de alta presi\u00f3n se utilizan para filtrar las impurezas s\u00f3lidas y l\u00edquidas del aire comprimido a alta presi\u00f3n. Los filtros de alta presi\u00f3n son adecuados para filtrar impurezas s\u00f3lidas y l\u00edquidas en aire comprimido a alta presi\u00f3n. El filtro de alta presi\u00f3n de aleaci\u00f3n de aluminio puede manejar hasta 50barg de aire comprimido, y el filtro de alta presi\u00f3n de acero inoxidable puede manejar hasta 350barg de aire comprimido.<\/td>\n<\/tr>\n<\/tbody>\n<\/table>\n<\/div>\n<\/div>\n<\/div>\n<\/div>\n<\/div>\n<\/div>","protected":false},"excerpt":{"rendered":"<div class=\"unit-detail-tradeinfo__item\">\n<table>\n<thead>\n<tr>\n<th>Puerto de inicio<\/th>\n<th>Guangzhou<\/th>\n<\/tr>\n<\/thead>\n<tbody>\n<tr>\n<td>Capacidad de producci\u00f3n<\/td>\n<td>10000 unidades\/Mes<\/td>\n<\/tr>\n<tr>\n<td>Lugar de origen<\/td>\n<td>Guangdong, China<\/td>\n<\/tr>\n<tr>\n<td>Pago<\/td>\n<td>T\/T, Alibaba Trade Assurance, paypal<\/td>\n<\/tr>\n<tr>\n<td>MOQ<\/td>\n<td>1 unidad<\/td>\n<\/tr>\n<tr>\n<td>Plazo de entrega<\/td>\n<td>En un plazo de 7 d\u00edas laborables<\/td>\n<\/tr>\n<tr>\n<td>Certificaci\u00f3n<\/td>\n<td>ISO 9001<\/td>\n<\/tr>\n<tr>\n<td>Marca<\/td>\n<td>OEM\/Lvyuan<\/td>\n<\/tr>\n<\/tbody>\n<\/table>\n<\/div>","protected":false},"featured_media":3529,"comment_status":"open","ping_status":"closed","template":"","meta":{"_gspb_post_css":""},"product_brand":[],"product_cat":[15],"product_tag":[1057,1056,1059,1058,1060,80],"class_list":{"0":"post-3519","1":"product","2":"type-product","3":"status-publish","4":"has-post-thumbnail","6":"product_cat-stainless-steel-filter-housing","7":"product_tag-compressed-air-filter","8":"product_tag-high-pressure-gas-filter","9":"product_tag-impurity-removal-filter","10":"product_tag-industrial-air-filtration","11":"product_tag-oem-air-filter","12":"product_tag-stainless-steel-filter","14":"first","15":"instock","16":"shipping-taxable","17":"product-type-simple"},"_links":{"self":[{"href":"https:\/\/lyfilter.com\/es\/wp-json\/wp\/v2\/product\/3519","targetHints":{"allow":["GET"]}}],"collection":[{"href":"https:\/\/lyfilter.com\/es\/wp-json\/wp\/v2\/product"}],"about":[{"href":"https:\/\/lyfilter.com\/es\/wp-json\/wp\/v2\/types\/product"}],"replies":[{"embeddable":true,"href":"https:\/\/lyfilter.com\/es\/wp-json\/wp\/v2\/comments?post=3519"}],"wp:featuredmedia":[{"embeddable":true,"href":"https:\/\/lyfilter.com\/es\/wp-json\/wp\/v2\/media\/3529"}],"wp:attachment":[{"href":"https:\/\/lyfilter.com\/es\/wp-json\/wp\/v2\/media?parent=3519"}],"wp:term":[{"taxonomy":"product_brand","embeddable":true,"href":"https:\/\/lyfilter.com\/es\/wp-json\/wp\/v2\/product_brand?post=3519"},{"taxonomy":"product_cat","embeddable":true,"href":"https:\/\/lyfilter.com\/es\/wp-json\/wp\/v2\/product_cat?post=3519"},{"taxonomy":"product_tag","embeddable":true,"href":"https:\/\/lyfilter.com\/es\/wp-json\/wp\/v2\/product_tag?post=3519"}],"curies":[{"name":"wp","href":"https:\/\/api.w.org\/{rel}","templated":true}]}}