{"id":2592,"date":"2026-01-08T07:13:58","date_gmt":"2026-01-08T07:13:58","guid":{"rendered":"https:\/\/lyfilter.com\/?post_type=product&#038;p=2592"},"modified":"2026-01-08T07:13:59","modified_gmt":"2026-01-08T07:13:59","slug":"ss-304-316-stainless-steel-filter-bag","status":"publish","type":"product","link":"https:\/\/lyfilter.com\/es\/ss-304-316-stainless-steel-filter-bag\/","title":{"rendered":"SS 304 316 Bolsa de filtro de acero inoxidable"},"content":{"rendered":"<div class=\"unit-detail-html-tabs__content-attr\">\n<div class=\"unit-product-attrparam\">\n<div class=\"unit-product-attrparam__items row\">\n<div class=\"col-12 col-md-6\">\n<div class=\"unit-product-attrparam__item\">\n<div class=\"unit-product-attrparam__label\">\n<table>\n<thead>\n<tr>\n<th>Material<\/th>\n<th>Acero inoxidable<\/th>\n<\/tr>\n<\/thead>\n<tbody>\n<tr>\n<td>Disponibilidad<\/td>\n<td>OEM<\/td>\n<\/tr>\n<\/tbody>\n<\/table>\n<\/div>\n<\/div>\n<\/div>\n<\/div>\n<\/div>\n<\/div>\n<div class=\"unit-detail-html-tabs__content-featuresAttr\"><\/div>\n<div class=\"unit-detail-html-tabs__content-html\">\n<p><strong>SS 304 316 Bolsa de filtro de acero inoxidable<\/strong><\/p>\n<p>MATERIAL DE FILTRO PREFERIDO DE ACERO INOXIDABLE 304<\/p>\n<p>La bolsa de acero inoxidable est\u00e1 hecha de acero inoxidable indeformable SUS304 o SUS316 y tejida en una malla de acuerdo con las especificaciones especificadas. El tejido constituye una superficie lisa, f\u00e1cil de limpiar y que puede utilizarse repetidamente. Al mismo tiempo. es adecuado para la filtracion de algunos liquidos con alto contenido de impurezas. lo que reduce el coste de fiitracion.<\/p>\n<p>EXCIPIENTES DE PRIMERA CALIDAD<\/p>\n<p>Los accesorios de buena calidad son una condici\u00f3n indispensable para la producci\u00f3n de buenas bolsas filtrantes. S\u00f3lo a trav\u00e9s de nuestro estricto control de los proveedores se pueden seleccionar accesorios de buena calidad,y s\u00f3lo despu\u00e9s de pasar las pruebas de fluorescencia y plastificantes se pueden utilizar para producir bolsas filtrantes.<\/p>\n<p><img decoding=\"async\" src=\"https:\/\/img.yfisher.com\/m6076\/1725732616tgn\/jpg70-t3-scale100.webp\" alt=\"SS 304 316 Bolsa de filtro de acero inoxidable 2\" data-lazy=\"2\" title=\"\"><\/p>\n<p><img decoding=\"async\" src=\"https:\/\/img.yfisher.com\/m6076\/1725732616e42\/jpg70-t3-scale100.webp\" alt=\"SS 304 316 Bolsa de filtro de acero inoxidable 3\" data-lazy=\"2\" title=\"\"><\/p>\n<p><img decoding=\"async\" src=\"https:\/\/img.yfisher.com\/m6076\/1725732616srt\/jpg70-t3-scale100.webp\" alt=\"SS 304 316 Bolsa de filtro de acero inoxidable 4\" data-lazy=\"2\" title=\"\"><\/p>\n<p><img decoding=\"async\" src=\"https:\/\/img.yfisher.com\/m6076\/1725732616e74\/jpg70-t3-scale100.webp\" alt=\"SS 304 316 Bolsa de filtro de acero inoxidable 5\" data-lazy=\"2\" title=\"\"><\/p>\n<p><img decoding=\"async\" src=\"https:\/\/img.yfisher.com\/m6076\/1725732616zjv\/jpg70-t3-scale100.webp\" alt=\"SS 304 316 Bolsa de filtro de acero inoxidable 6\" data-lazy=\"2\" title=\"\"><\/p>\n<\/div>","protected":false},"excerpt":{"rendered":"<p>Material Stainless Steel Availability OEM SS 304 316 Stainless Steel Filter Bag PREFERRED 304 STAINLESS STEEL FILTER MATERIAL The stainiess steel fiter bag is made of non-deformable stainless steel spun SUS304 or SUS316 material and woven into a mesh according to the specified specifications, After heat setting, it becomes a monofilament mesh. The weaving constitutes [&hellip;]<\/p>\n","protected":false},"featured_media":2594,"comment_status":"open","ping_status":"closed","template":"","meta":{"_gspb_post_css":""},"product_brand":[],"product_cat":[1054],"product_tag":[],"class_list":{"0":"post-2592","1":"product","2":"type-product","3":"status-publish","4":"has-post-thumbnail","6":"product_cat-filter-bag","8":"first","9":"instock","10":"shipping-taxable","11":"product-type-simple"},"_links":{"self":[{"href":"https:\/\/lyfilter.com\/es\/wp-json\/wp\/v2\/product\/2592","targetHints":{"allow":["GET"]}}],"collection":[{"href":"https:\/\/lyfilter.com\/es\/wp-json\/wp\/v2\/product"}],"about":[{"href":"https:\/\/lyfilter.com\/es\/wp-json\/wp\/v2\/types\/product"}],"replies":[{"embeddable":true,"href":"https:\/\/lyfilter.com\/es\/wp-json\/wp\/v2\/comments?post=2592"}],"wp:featuredmedia":[{"embeddable":true,"href":"https:\/\/lyfilter.com\/es\/wp-json\/wp\/v2\/media\/2594"}],"wp:attachment":[{"href":"https:\/\/lyfilter.com\/es\/wp-json\/wp\/v2\/media?parent=2592"}],"wp:term":[{"taxonomy":"product_brand","embeddable":true,"href":"https:\/\/lyfilter.com\/es\/wp-json\/wp\/v2\/product_brand?post=2592"},{"taxonomy":"product_cat","embeddable":true,"href":"https:\/\/lyfilter.com\/es\/wp-json\/wp\/v2\/product_cat?post=2592"},{"taxonomy":"product_tag","embeddable":true,"href":"https:\/\/lyfilter.com\/es\/wp-json\/wp\/v2\/product_tag?post=2592"}],"curies":[{"name":"wp","href":"https:\/\/api.w.org\/{rel}","templated":true}]}}