{"id":2589,"date":"2026-01-08T07:13:51","date_gmt":"2026-01-08T07:13:51","guid":{"rendered":"https:\/\/lyfilter.com\/?post_type=product&#038;p=2589"},"modified":"2026-01-08T07:13:51","modified_gmt":"2026-01-08T07:13:51","slug":"nmo-nylon-filter-bag","status":"publish","type":"product","link":"https:\/\/lyfilter.com\/es\/nmo-nylon-filter-bag\/","title":{"rendered":"Bolsa filtrante de nylon NMO"},"content":{"rendered":"<div id=\"block-JVSo1kkEkB\">\n<div id=\"module-oFFB1t57qD\" class=\"\">\n<div id=\"grid-DKXJDX9oJK\" class=\"container\">\n<div class=\"row no-gutters\">\n<div id=\"cell-HFTPDqMCj3\" class=\"col col-12 col-md-12 col-xl-12\">\n<div class=\"cell-has-list\">\n<div id=\"unit-zqvbREUpma\" class=\"b2b-product_detail-unit-1__wrapper unit-detail-album--y unit-detail-album--bottom\">\n<div class=\"unit-product-detail\">\n<div class=\"row\">\n<div class=\"col col-12 col-md-12 col-xl-7\">\n<div class=\"unit-detail_content\">\n<div class=\"unit-detail_item\">\n<div class=\"unit-social-list d-flex flex-wrap\">\n<div class=\"unit-social-list__icon\">\n<table>\n<thead>\n<tr>\n<th>Material<\/th>\n<th>Nylon<\/th>\n<\/tr>\n<\/thead>\n<tbody>\n<tr>\n<td>Disponibilidad<\/td>\n<td>OEM<\/td>\n<\/tr>\n<\/tbody>\n<\/table>\n<\/div>\n<\/div>\n<\/div>\n<\/div>\n<\/div>\n<\/div>\n<\/div>\n<\/div>\n<\/div>\n<\/div>\n<\/div>\n<\/div>\n<\/div>\n<\/div>\n<div id=\"block-jxTJoa6WsU\">\n<div>\n<div id=\"module-fM3xClvogn\" class=\"\">\n<div>\n<div id=\"grid-T9dGh6wxM4\" class=\"container\">\n<div class=\"row no-gutters\">\n<div id=\"cell-WBf41syh9n\" class=\"col col-12 col-md-12 col-xl-12\">\n<div class=\"\">\n<div id=\"unit-ukyO2oXIn1\" class=\"b2b-product_detail-unit-6__wrapper\">\n<div class=\"unit-detail-html-tabs\" data-tabs-num=\"1\">\n<div class=\"unit-detail-html-tabs__content tab-content\">\n<div id=\"unit-ukyO2oXIn1-15012\" class=\"tab-pane fade show active\" role=\"tabpanel\" aria-labelledby=\"unit-ukyO2oXIn1-15012-tab\">\n<div class=\"unit-detail-html-tabs__content-featuresAttr\"><\/div>\n<div class=\"unit-detail-html-tabs__content-html\">\n<p><strong>Bolsa filtrante de nylon NMO<\/strong><\/p>\n<p>Malla tejida de nylon de alta resistencia, y todas ellas utilizan una tecnolog\u00eda \u00fanica de dobladillo para evitar al m\u00e1ximo las fugas por agujeros de alfiler, y atrapan directamente en la superficie del material las impurezas de mayor tama\u00f1o que sus propias mallas. con un di\u00e1metro inferior al de la malla. Las part\u00edculas con un tama\u00f1o de malla pasan a trav\u00e9s de la malla y entran en el flujo descendente. as\u00ed, la bolsa filtrante de monofilamento de nailon consigue una filtraci\u00f3n superficial. y la superficie lisa tambi\u00e9n es f\u00e1cil de limpiar y reutilizar.<\/p>\n<p><img decoding=\"async\" src=\"https:\/\/img.yfisher.com\/m6076\/17257326121ys\/jpg70-t3-scale100.webp\" alt=\"NMO Bolsa filtrante de nailon 2\" data-lazy=\"2\" title=\"\"><\/p>\n<p><img decoding=\"async\" src=\"https:\/\/img.yfisher.com\/m6076\/1725732612lyk\/jpg70-t3-scale100.webp\" alt=\"NMO Bolsa filtrante de nailon 3\" data-lazy=\"2\" title=\"\"><\/p>\n<p><img decoding=\"async\" src=\"https:\/\/img.yfisher.com\/m6076\/1725732612cys\/jpg70-t3-scale100.webp\" alt=\"NMO Bolsa filtrante de nylon 4\" data-lazy=\"2\" title=\"\"><\/p>\n<p><img decoding=\"async\" src=\"https:\/\/img.yfisher.com\/m6076\/1725732612bdr\/jpg70-t3-scale100.webp\" alt=\"NMO Bolsa filtrante de nylon 5\" data-lazy=\"2\" title=\"\"><\/p>\n<p><img decoding=\"async\" src=\"https:\/\/img.yfisher.com\/m6076\/17257326121z6\/jpg70-t3-scale100.webp\" alt=\"NMO Bolsa filtrante de nylon 6\" data-lazy=\"2\" title=\"\"><\/p>\n<\/div>\n<\/div>\n<\/div>\n<\/div>\n<\/div>\n<\/div>\n<\/div>\n<\/div>\n<\/div>\n<\/div>\n<\/div>\n<\/div>\n<\/div>","protected":false},"excerpt":{"rendered":"<table>\n<thead>\n<tr>\n<th>Puerto de inicio<\/th>\n<th>Guangzhou<\/th>\n<\/tr>\n<\/thead>\n<tbody>\n<tr>\n<td>Lugar de origen<\/td>\n<td>Guangdong, China<\/td>\n<\/tr>\n<tr>\n<td>Pago<\/td>\n<td>T\/T, Western Union, Alibaba Trade Assurance<\/td>\n<\/tr>\n<tr>\n<td>Modelo<\/td>\n<td>LY-HFPL<\/td>\n<\/tr>\n<tr>\n<td>Plazo de entrega<\/td>\n<td>En un plazo de 7 d\u00edas laborables<\/td>\n<\/tr>\n<tr>\n<td>Certificaci\u00f3n<\/td>\n<td>ISO 9001<\/td>\n<\/tr>\n<tr>\n<td>Marca<\/td>\n<td>OEM\/Lvyuan<\/td>\n<\/tr>\n<\/tbody>\n<\/table>","protected":false},"featured_media":2591,"comment_status":"open","ping_status":"closed","template":"","meta":{"_gspb_post_css":""},"product_brand":[],"product_cat":[1054],"product_tag":[279,261,266,260,268,971],"class_list":{"0":"post-2589","1":"product","2":"type-product","3":"status-publish","4":"has-post-thumbnail","6":"product_cat-filter-bag","7":"product_tag-alibaba-trade-assurance","8":"product_tag-guangdong-china","9":"product_tag-guangzhou","10":"product_tag-iso-9001","11":"product_tag-ly-hfpl","12":"product_tag-western-union","14":"first","15":"instock","16":"shipping-taxable","17":"product-type-simple"},"_links":{"self":[{"href":"https:\/\/lyfilter.com\/es\/wp-json\/wp\/v2\/product\/2589","targetHints":{"allow":["GET"]}}],"collection":[{"href":"https:\/\/lyfilter.com\/es\/wp-json\/wp\/v2\/product"}],"about":[{"href":"https:\/\/lyfilter.com\/es\/wp-json\/wp\/v2\/types\/product"}],"replies":[{"embeddable":true,"href":"https:\/\/lyfilter.com\/es\/wp-json\/wp\/v2\/comments?post=2589"}],"wp:featuredmedia":[{"embeddable":true,"href":"https:\/\/lyfilter.com\/es\/wp-json\/wp\/v2\/media\/2591"}],"wp:attachment":[{"href":"https:\/\/lyfilter.com\/es\/wp-json\/wp\/v2\/media?parent=2589"}],"wp:term":[{"taxonomy":"product_brand","embeddable":true,"href":"https:\/\/lyfilter.com\/es\/wp-json\/wp\/v2\/product_brand?post=2589"},{"taxonomy":"product_cat","embeddable":true,"href":"https:\/\/lyfilter.com\/es\/wp-json\/wp\/v2\/product_cat?post=2589"},{"taxonomy":"product_tag","embeddable":true,"href":"https:\/\/lyfilter.com\/es\/wp-json\/wp\/v2\/product_tag?post=2589"}],"curies":[{"name":"wp","href":"https:\/\/api.w.org\/{rel}","templated":true}]}}