{"id":2570,"date":"2026-01-07T06:23:26","date_gmt":"2026-01-07T06:23:26","guid":{"rendered":"https:\/\/lyfilter.com\/?post_type=product&#038;p=2570"},"modified":"2026-01-07T06:23:26","modified_gmt":"2026-01-07T06:23:26","slug":"high-performance-sanitary-filter-housings-in-stainless-steel-2","status":"publish","type":"product","link":"https:\/\/lyfilter.com\/es\/high-performance-sanitary-filter-housings-in-stainless-steel-2\/","title":{"rendered":"Carcasas de acero inoxidable para filtros sanitarios de alto rendimiento"},"content":{"rendered":"<div class=\"unit-detail-html-tabs__content-attr\">\n<div class=\"unit-product-attrparam\">\n<div class=\"unit-product-attrparam__items row\">\n<div class=\"col-12 col-md-6\">\n<div class=\"unit-product-attrparam__item\">\n<div class=\"unit-product-attrparam__label\">\n<table>\n<thead>\n<tr>\n<th>Material<\/th>\n<th>Acero inoxidable<\/th>\n<\/tr>\n<\/thead>\n<tbody>\n<tr>\n<td>Disponibilidad<\/td>\n<td>OEM\/ODM<\/td>\n<\/tr>\n<\/tbody>\n<\/table>\n<\/div>\n<\/div>\n<\/div>\n<\/div>\n<\/div>\n<\/div>\n<div class=\"unit-detail-html-tabs__content-featuresAttr\"><\/div>\n<div class=\"unit-detail-html-tabs__content-html\">\n<div id=\"module-74E4U0f4f3b0a\">\n<div class=\"ce-d-flex ce-flex-wrap\">\n<div class=\"ce-col-12\">\n<div id=\"unit-zzuNfqHeIMdKBT5\">\n<div class=\"ce-text_item\">\n<div class=\"ce-text\" data-qb-tmp-id=\"lt-270764\" data-gramm=\"false\">\n<div>\n<div class=\"ce-d-flex ce-flex-wrap\">\n<div class=\"ce-col-12\">\n<div id=\"unit-adi8SlZ2NA87g7x\">\n<div class=\"ce-text_item\">\n<div class=\"ce-text\">\n<p><strong>Carcasas de acero inoxidable para filtros sanitarios de alto rendimiento<\/strong><\/p>\n<p>&nbsp;<\/p>\n<p>Caracter\u00edsticas de las carcasas de filtros sanitarios de acero inoxidable<\/p>\n<ul>\n<li>Dise\u00f1o higi\u00e9nico: Nuestras carcasas de filtros sanitarios de acero inoxidable est\u00e1n fabricadas con un dise\u00f1o higi\u00e9nico que garantiza que el proceso de filtraci\u00f3n mantenga la pureza de sus productos.<\/li>\n<li>Resistencia a la corrosi\u00f3n: Construidas con acero inoxidable de alta calidad, estas carcasas ofrecen una excepcional resistencia a la corrosi\u00f3n, lo que las hace ideales para su uso en entornos dif\u00edciles.<\/li>\n<li>Facilidad de limpieza: Las superficies lisas y pulidas de nuestras carcasas de filtros sanitarios facilitan la limpieza, lo que permite un mantenimiento r\u00e1pido y eficaz.<\/li>\n<li>Material de calidad alimentaria: Fabricadas con acero inoxidable de calidad alimentaria, nuestras carcasas de filtro cumplen las normas del sector, por lo que son adecuadas para aplicaciones en el sector de la alimentaci\u00f3n y las bebidas.<\/li>\n<li>Opciones personalizables: Adapte estas carcasas de filtro a sus requisitos espec\u00edficos. Elija entre varios tama\u00f1os, configuraciones y tipos de conexi\u00f3n para adaptarse a sus necesidades de filtraci\u00f3n.<\/li>\n<li>Integridad del sellado: El dise\u00f1o de la carcasa garantiza un sellado seguro, evitando cualquier fuga o contaminaci\u00f3n durante el proceso de filtraci\u00f3n.<\/li>\n<li>Cumplimiento de las normas: Nuestras carcasas de filtros sanitarios cumplen las normas y reglamentos del sector, lo que le proporciona tranquilidad en cuanto a la seguridad y calidad del producto.<\/li>\n<li>Amplia gama de aplicaciones: Ya sea en el sector farmac\u00e9utico, cosm\u00e9tico, alimentario o en otras industrias, estas\u00a0<a href=\"https:\/\/lyfilter.com\/es\/stainless-steel-filter-housing.html\/\">carcasa del filtro de acero inoxidable<\/a>s ofrecen soluciones de filtraci\u00f3n vers\u00e1tiles y fiables.<\/li>\n<li>Construcci\u00f3n duradera: Con una construcci\u00f3n robusta y materiales duraderos, nuestras carcasas de filtros sanitarios est\u00e1n fabricadas para soportar los rigores del funcionamiento continuo en entornos exigentes.<\/li>\n<li>F\u00e1cil instalaci\u00f3n: Dise\u00f1adas para una instalaci\u00f3n sencilla, estas carcasas de filtro vienen con caracter\u00edsticas que simplifican el proceso de instalaci\u00f3n, garantizando un tiempo de inactividad m\u00ednimo para sus operaciones.<\/li>\n<\/ul>\n<\/div>\n<\/div>\n<\/div>\n<\/div>\n<\/div>\n<\/div>\n<\/div>\n<\/div>\n<\/div>\n<\/div>\n<\/div>\n<\/div>\n<\/div>","protected":false},"excerpt":{"rendered":"<table>\n<thead>\n<tr>\n<th>Puerto de inicio<\/th>\n<th>Guangzhou<\/th>\n<\/tr>\n<\/thead>\n<tbody>\n<tr>\n<td>Capacidad de producci\u00f3n<\/td>\n<td>10000 unidades\/Mes<\/td>\n<\/tr>\n<tr>\n<td>Lugar de origen<\/td>\n<td>Guangdong, China<\/td>\n<\/tr>\n<tr>\n<td>Pago<\/td>\n<td>T\/T, Western Union, paypal<\/td>\n<\/tr>\n<tr>\n<td>MOQ<\/td>\n<td>1 unidad<\/td>\n<\/tr>\n<tr>\n<td>Modelo<\/td>\n<td>LY-FB<\/td>\n<\/tr>\n<tr>\n<td>Plazo de entrega<\/td>\n<td>En un plazo de 7 d\u00edas laborables<\/td>\n<\/tr>\n<tr>\n<td>Certificaci\u00f3n<\/td>\n<td>ISO 9001<\/td>\n<\/tr>\n<tr>\n<td>Marca<\/td>\n<td>OEM\/Lvyuan<\/td>\n<\/tr>\n<\/tbody>\n<\/table>","protected":false},"featured_media":2577,"comment_status":"open","ping_status":"closed","template":"","meta":{"_gspb_post_css":""},"product_brand":[],"product_cat":[15],"product_tag":[261,266,260,258,282,971],"class_list":{"0":"post-2570","1":"product","2":"type-product","3":"status-publish","4":"has-post-thumbnail","6":"product_cat-stainless-steel-filter-housing","7":"product_tag-guangdong-china","8":"product_tag-guangzhou","9":"product_tag-iso-9001","10":"product_tag-ly-fb","11":"product_tag-oem-lvyuan","12":"product_tag-western-union","14":"first","15":"instock","16":"shipping-taxable","17":"product-type-simple"},"_links":{"self":[{"href":"https:\/\/lyfilter.com\/es\/wp-json\/wp\/v2\/product\/2570","targetHints":{"allow":["GET"]}}],"collection":[{"href":"https:\/\/lyfilter.com\/es\/wp-json\/wp\/v2\/product"}],"about":[{"href":"https:\/\/lyfilter.com\/es\/wp-json\/wp\/v2\/types\/product"}],"replies":[{"embeddable":true,"href":"https:\/\/lyfilter.com\/es\/wp-json\/wp\/v2\/comments?post=2570"}],"wp:featuredmedia":[{"embeddable":true,"href":"https:\/\/lyfilter.com\/es\/wp-json\/wp\/v2\/media\/2577"}],"wp:attachment":[{"href":"https:\/\/lyfilter.com\/es\/wp-json\/wp\/v2\/media?parent=2570"}],"wp:term":[{"taxonomy":"product_brand","embeddable":true,"href":"https:\/\/lyfilter.com\/es\/wp-json\/wp\/v2\/product_brand?post=2570"},{"taxonomy":"product_cat","embeddable":true,"href":"https:\/\/lyfilter.com\/es\/wp-json\/wp\/v2\/product_cat?post=2570"},{"taxonomy":"product_tag","embeddable":true,"href":"https:\/\/lyfilter.com\/es\/wp-json\/wp\/v2\/product_tag?post=2570"}],"curies":[{"name":"wp","href":"https:\/\/api.w.org\/{rel}","templated":true}]}}