{"id":2563,"date":"2026-01-07T06:21:22","date_gmt":"2026-01-07T06:21:22","guid":{"rendered":"https:\/\/lyfilter.com\/?post_type=product&#038;p=2563"},"modified":"2026-01-07T06:21:23","modified_gmt":"2026-01-07T06:21:23","slug":"30-inch-pp-melt-blown-activated-carbon-water-filter-cartridge","status":"publish","type":"product","link":"https:\/\/lyfilter.com\/es\/30-inch-pp-melt-blown-activated-carbon-water-filter-cartridge\/","title":{"rendered":"30 pulgadas PP fundido soplado cartucho de filtro de agua de carb\u00f3n activado"},"content":{"rendered":"<div class=\"unit-detail-html-tabs__content-attr\">\n<div class=\"unit-product-attrparam\">\n<div class=\"unit-product-attrparam__items row\">\n<div class=\"col-12 col-md-6\">\n<div class=\"unit-product-attrparam__item\">\n<div class=\"unit-product-attrparam__label\">\n<table>\n<thead>\n<tr>\n<th>Capacidad de suministro<\/th>\n<th>1000pc\/mes<\/th>\n<\/tr>\n<\/thead>\n<tbody>\n<tr>\n<td>Material<\/td>\n<td>Acero inoxidable<\/td>\n<\/tr>\n<tr>\n<td>Disponibilidad<\/td>\n<td>OEM\/ODM<\/td>\n<\/tr>\n<\/tbody>\n<\/table>\n<\/div>\n<\/div>\n<\/div>\n<\/div>\n<\/div>\n<\/div>\n<div class=\"unit-detail-html-tabs__content-html\">\n<p><strong>Cartucho filtrante de agua de 30 pulgadas de PP fundido soplado y carb\u00f3n activado<\/strong><\/p>\n<p>PP fundido soplado y\u00a0<strong>cartucho filtrante de agua de carb\u00f3n activado<\/strong>\u00a0son componentes esenciales en los sistemas de filtraci\u00f3n de agua, dise\u00f1ados para eliminar impurezas y contaminantes del agua. A continuaci\u00f3n se muestran algunas especificaciones relacionadas con los cartuchos filtrantes de agua de PP fundido soplado y carb\u00f3n activado basadas en los resultados de b\u00fasqueda:<\/p>\n<ul>\n<li>Gama de micras: Disponible en varios rangos de micras, incluyendo 1, 5, 10, 25, 50, 75 y 100 micras.<\/li>\n<li>Longitud: Disponible en diferentes longitudes, incluyendo 5\u2033, 9,75\u2033, 9,8\u2033, 10\u2033, 20\u2033, 30\u2033, 40\u2033, 50\u2033, 60\u2033 y 70\u2033.<\/li>\n<li>Eficacia: Valor nominal con eficacia de eliminaci\u00f3n de contaminantes 85%<\/li>\n<li>Grado de filtraci\u00f3n: Disponible en varios grados de filtraci\u00f3n, incluidos 1\u03bcm, 5\u03bcm, 10\u03bcm, 25\u03bcm, 30\u03bcm, 50\u03bcm, 75\u03bcm y 100\u03bcm4.<\/li>\n<li>Tapa final: Disponible en diferentes tipos, incluyendo DOE, 222\/Flat(SOE), 222\/Fin(SOE), 226\/Flat(SOE), y 226\/Fin(SOE)<\/li>\n<\/ul>\n<\/div>","protected":false},"excerpt":{"rendered":"<table>\n<thead>\n<tr>\n<th>Puerto de inicio<\/th>\n<th>Guangzhou<\/th>\n<\/tr>\n<\/thead>\n<tbody>\n<tr>\n<td>Capacidad de producci\u00f3n<\/td>\n<td>10000 unidades\/Mes<\/td>\n<\/tr>\n<tr>\n<td>Lugar de origen<\/td>\n<td>Guangdong, China<\/td>\n<\/tr>\n<tr>\n<td>Pago<\/td>\n<td>T\/T, Western Union, Alibaba Trade Assurance<\/td>\n<\/tr>\n<tr>\n<td>MOQ<\/td>\n<td>1 unidad<\/td>\n<\/tr>\n<tr>\n<td>Modelo<\/td>\n<td>LY-FB<\/td>\n<\/tr>\n<tr>\n<td>Plazo de entrega<\/td>\n<td>En un plazo de 7 d\u00edas laborables<\/td>\n<\/tr>\n<tr>\n<td>Certificaci\u00f3n<\/td>\n<td>ISO 9001<\/td>\n<\/tr>\n<tr>\n<td>Marca<\/td>\n<td>OEM\/Lvyuan<\/td>\n<\/tr>\n<\/tbody>\n<\/table>","protected":false},"featured_media":2571,"comment_status":"open","ping_status":"closed","template":"","meta":{"_gspb_post_css":""},"product_brand":[],"product_cat":[17,19],"product_tag":[279,261,266,260,258,971],"class_list":{"0":"post-2563","1":"product","2":"type-product","3":"status-publish","4":"has-post-thumbnail","6":"product_cat-sediment-filter","7":"product_cat-melt-blown-filter-cartridge","8":"product_tag-alibaba-trade-assurance","9":"product_tag-guangdong-china","10":"product_tag-guangzhou","11":"product_tag-iso-9001","12":"product_tag-ly-fb","13":"product_tag-western-union","15":"first","16":"instock","17":"shipping-taxable","18":"product-type-simple"},"_links":{"self":[{"href":"https:\/\/lyfilter.com\/es\/wp-json\/wp\/v2\/product\/2563","targetHints":{"allow":["GET"]}}],"collection":[{"href":"https:\/\/lyfilter.com\/es\/wp-json\/wp\/v2\/product"}],"about":[{"href":"https:\/\/lyfilter.com\/es\/wp-json\/wp\/v2\/types\/product"}],"replies":[{"embeddable":true,"href":"https:\/\/lyfilter.com\/es\/wp-json\/wp\/v2\/comments?post=2563"}],"wp:featuredmedia":[{"embeddable":true,"href":"https:\/\/lyfilter.com\/es\/wp-json\/wp\/v2\/media\/2571"}],"wp:attachment":[{"href":"https:\/\/lyfilter.com\/es\/wp-json\/wp\/v2\/media?parent=2563"}],"wp:term":[{"taxonomy":"product_brand","embeddable":true,"href":"https:\/\/lyfilter.com\/es\/wp-json\/wp\/v2\/product_brand?post=2563"},{"taxonomy":"product_cat","embeddable":true,"href":"https:\/\/lyfilter.com\/es\/wp-json\/wp\/v2\/product_cat?post=2563"},{"taxonomy":"product_tag","embeddable":true,"href":"https:\/\/lyfilter.com\/es\/wp-json\/wp\/v2\/product_tag?post=2563"}],"curies":[{"name":"wp","href":"https:\/\/api.w.org\/{rel}","templated":true}]}}