{"id":2549,"date":"2026-01-07T06:14:53","date_gmt":"2026-01-07T06:14:53","guid":{"rendered":"https:\/\/lyfilter.com\/?post_type=product&#038;p=2549"},"modified":"2026-01-07T06:14:54","modified_gmt":"2026-01-07T06:14:54","slug":"lvyuan-manufacturer-stainless-steel-wire-mesh-for-filters-strainers-and-separations","status":"publish","type":"product","link":"https:\/\/lyfilter.com\/es\/lvyuan-manufacturer-stainless-steel-wire-mesh-for-filters-strainers-and-separations\/","title":{"rendered":"Lvyuan fabricante de malla de alambre de acero inoxidable para filtros, coladores y separaciones"},"content":{"rendered":"<div class=\"unit-detail-html-tabs__content-attr\">\n<div class=\"unit-product-attrparam\">\n<div class=\"unit-product-attrparam__items row\">\n<div class=\"col-12 col-md-6\">\n<div class=\"unit-product-attrparam__item\">\n<div class=\"unit-product-attrparam__label\">\n<table>\n<thead>\n<tr>\n<th>Capacidad de suministro<\/th>\n<th>1000000pc\/mes<\/th>\n<\/tr>\n<\/thead>\n<tbody>\n<tr>\n<td>Material<\/td>\n<td>pe<\/td>\n<\/tr>\n<tr>\n<td>Disponibilidad<\/td>\n<td>OEM\/ODM<\/td>\n<\/tr>\n<\/tbody>\n<\/table>\n<\/div>\n<\/div>\n<\/div>\n<\/div>\n<\/div>\n<\/div>\n<div class=\"unit-detail-html-tabs__content-html\">\n<p><strong>Lvyuan fabricante de malla de alambre de acero inoxidable para filtros, coladores y separaciones<\/strong><\/p>\n<p>&nbsp;<\/p>\n<p>Nuestra malla de alambre de acero inoxidable es ideal para filtros, tamices y aplicaciones de separaci\u00f3n que exigen solidez, resistencia qu\u00edmica y aberturas de precisi\u00f3n:<\/p>\n<p>- Fabricado en acero inoxidable de grado 304 o 316 para resistir la corrosi\u00f3n;<\/p>\n<p>- Aperturas de malla estrechas de 10 micras a 4 mm para la filtraci\u00f3n de part\u00edculas finas;<\/p>\n<p>- Disponible en tejido cuadrado liso o de sarga holandesa;<\/p>\n<p>- Soporta altas presiones y temperaturas de hasta 500\u00b0C;<\/p>\n<p>- Evita los atascos gracias a la superficie lisa y no absorbente del alambre ;<\/p>\n<p>- Tejidos a medida disponibles para sus necesidades espec\u00edficas de separaci\u00f3n molecular o de part\u00edculas;<\/p>\n<p>- Disponible en hojas, rollos, discos y varillas para adaptarse a la carcasa de su filtro;<\/p>\n<p>- Cumple los requisitos sanitarios para la filtraci\u00f3n de productos alimentarios, farmac\u00e9uticos y qu\u00edmicos;<\/p>\n<p>Con una excelente compatibilidad qu\u00edmica y propiedades de limpieza, nuestra malla de alambre inoxidable supera a otros medios filtrantes. Obtenga m\u00e1s informaci\u00f3n sobre nuestros tejidos de alambre de acero inoxidable para filtraci\u00f3n hoy mismo.<\/p>\n<\/div>","protected":false},"excerpt":{"rendered":"<table>\n<thead>\n<tr>\n<th>Capacidad de producci\u00f3n<\/th>\n<th>10000 unidades\/Mes<\/th>\n<\/tr>\n<\/thead>\n<tbody>\n<tr>\n<td>Lugar de origen<\/td>\n<td>Guangdong, China<\/td>\n<\/tr>\n<tr>\n<td>Pago<\/td>\n<td>T\/T, Western Union, Alibaba Trade Assurance<\/td>\n<\/tr>\n<tr>\n<td>MOQ<\/td>\n<td>1 unidad<\/td>\n<\/tr>\n<tr>\n<td>Modelo<\/td>\n<td>LY-FB<\/td>\n<\/tr>\n<tr>\n<td>Plazo de entrega<\/td>\n<td>En un plazo de 7 d\u00edas laborables<\/td>\n<\/tr>\n<tr>\n<td>Certificaci\u00f3n<\/td>\n<td>ISO 9001<\/td>\n<\/tr>\n<tr>\n<td>Marca<\/td>\n<td>OEM\/Lvyuan<\/td>\n<\/tr>\n<tr>\n<td>Puerto de inicio<\/td>\n<td>Guangzhou<\/td>\n<\/tr>\n<\/tbody>\n<\/table>","protected":false},"featured_media":2558,"comment_status":"open","ping_status":"closed","template":"","meta":{"_gspb_post_css":""},"product_brand":[],"product_cat":[17,18],"product_tag":[279,266,260,258,282,971],"class_list":{"0":"post-2549","1":"product","2":"type-product","3":"status-publish","4":"has-post-thumbnail","6":"product_cat-sediment-filter","7":"product_cat-sintered-metal-filters","8":"product_tag-alibaba-trade-assurance","9":"product_tag-guangzhou","10":"product_tag-iso-9001","11":"product_tag-ly-fb","12":"product_tag-oem-lvyuan","13":"product_tag-western-union","15":"first","16":"instock","17":"shipping-taxable","18":"product-type-simple"},"_links":{"self":[{"href":"https:\/\/lyfilter.com\/es\/wp-json\/wp\/v2\/product\/2549","targetHints":{"allow":["GET"]}}],"collection":[{"href":"https:\/\/lyfilter.com\/es\/wp-json\/wp\/v2\/product"}],"about":[{"href":"https:\/\/lyfilter.com\/es\/wp-json\/wp\/v2\/types\/product"}],"replies":[{"embeddable":true,"href":"https:\/\/lyfilter.com\/es\/wp-json\/wp\/v2\/comments?post=2549"}],"wp:featuredmedia":[{"embeddable":true,"href":"https:\/\/lyfilter.com\/es\/wp-json\/wp\/v2\/media\/2558"}],"wp:attachment":[{"href":"https:\/\/lyfilter.com\/es\/wp-json\/wp\/v2\/media?parent=2549"}],"wp:term":[{"taxonomy":"product_brand","embeddable":true,"href":"https:\/\/lyfilter.com\/es\/wp-json\/wp\/v2\/product_brand?post=2549"},{"taxonomy":"product_cat","embeddable":true,"href":"https:\/\/lyfilter.com\/es\/wp-json\/wp\/v2\/product_cat?post=2549"},{"taxonomy":"product_tag","embeddable":true,"href":"https:\/\/lyfilter.com\/es\/wp-json\/wp\/v2\/product_tag?post=2549"}],"curies":[{"name":"wp","href":"https:\/\/api.w.org\/{rel}","templated":true}]}}