{"id":2542,"date":"2026-01-07T06:12:36","date_gmt":"2026-01-07T06:12:36","guid":{"rendered":"https:\/\/lyfilter.com\/?post_type=product&#038;p=2542"},"modified":"2026-01-07T06:14:07","modified_gmt":"2026-01-07T06:14:07","slug":"sintered-ptfe-filter-elements-high-purity-filtration-solutions","status":"publish","type":"product","link":"https:\/\/lyfilter.com\/es\/sintered-ptfe-filter-elements-high-purity-filtration-solutions\/","title":{"rendered":"Elementos filtrantes de PTFE sinterizado - Soluciones de filtraci\u00f3n de gran pureza"},"content":{"rendered":"<div class=\"unit-detail-html-tabs__content-attr\">\n<div class=\"unit-product-attrparam\">\n<div class=\"unit-product-attrparam__items row\">\n<div class=\"col-12 col-md-6\">\n<div class=\"unit-product-attrparam__item\">\n<div class=\"unit-product-attrparam__label\">\n<table>\n<thead>\n<tr>\n<th>Capacidad de suministro<\/th>\n<th>1000000pc\/mes<\/th>\n<\/tr>\n<\/thead>\n<tbody>\n<tr>\n<td>Material<\/td>\n<td>pe<\/td>\n<\/tr>\n<tr>\n<td>Disponibilidad<\/td>\n<td>OEM\/ODM<\/td>\n<\/tr>\n<\/tbody>\n<\/table>\n<\/div>\n<\/div>\n<\/div>\n<\/div>\n<\/div>\n<\/div>\n<div class=\"unit-detail-html-tabs__content-featuresAttr\"><\/div>\n<div class=\"unit-detail-html-tabs__content-html\">\n<p>Elementos filtrantes de PTFE sinterizado - Soluciones de filtraci\u00f3n de gran pureza<\/p>\n<ul>\n<li>Fabricado con resina de politetrafluoroetileno puro (PTFE);<\/li>\n<li>Contiene una membrana porosa de PTFE sinterizado con tama\u00f1o de poro controlado;<\/li>\n<li>Disponible en micras de 0,1 \u03bcm a 10 \u03bcm para filtraci\u00f3n de part\u00edculas finas;<\/li>\n<li>Volumen de huecos extremadamente alto hasta 90% que permite altos caudales;<\/li>\n<li>Excelente resistencia qu\u00edmica a casi todos los productos qu\u00edmicos corrosivos;<\/li>\n<li>Soporta un uso continuo de hasta 500 \u00b0F y picos de hasta 600 \u00b0F;<\/li>\n<li>Amplia gama de pH de 1 a 14, incluyendo condiciones altamente \u00e1cidas y alcalinas;<\/li>\n<li>Alta repelencia al agua y superficie antiadherente para facilitar la limpieza;<\/li>\n<li>Gran capacidad de retenci\u00f3n de la suciedad gracias a su estructura porosa;<\/li>\n<li>Bajo contenido en extra\u00edbles que cumple las normas de la FDA;<\/li>\n<li>Gran resistencia mec\u00e1nica y estabilidad dimensional;<\/li>\n<li>Amplia gama de accesorios y configuraciones de herrajes;<\/li>\n<li>Puede esterilizarse repetidamente con vapor in situ;<\/li>\n<li>Ideal para aplicaciones cr\u00edticas como l\u00edneas de fabricaci\u00f3n de semiconductores, productos farmac\u00e9uticos, etc.<\/li>\n<\/ul>\n<p><img decoding=\"async\" src=\"https:\/\/img.yfisher.com\/m6076\/172573280017x\/jpg70-t3-scale100.webp\" alt=\"Elementos filtrantes de PTFE sinterizado - Soluciones de filtraci\u00f3n de gran pureza 6\" data-lazy=\"2\" title=\"\"><\/p>\n<\/div>","protected":false},"excerpt":{"rendered":"<table>\n<thead>\n<tr>\n<th>Puerto de inicio<\/th>\n<th>Guangzhou<\/th>\n<\/tr>\n<\/thead>\n<tbody>\n<tr>\n<td>Lugar de origen<\/td>\n<td>Guangdong, China<\/td>\n<\/tr>\n<tr>\n<td>Pago<\/td>\n<td>T\/T, Alibaba Trade Assurance, paypal<\/td>\n<\/tr>\n<tr>\n<td>MOQ<\/td>\n<td>1 unidad<\/td>\n<\/tr>\n<tr>\n<td>Modelo<\/td>\n<td>LY-FB<\/td>\n<\/tr>\n<tr>\n<td>Plazo de entrega<\/td>\n<td>En un plazo de 7 d\u00edas laborables<\/td>\n<\/tr>\n<tr>\n<td>Certificaci\u00f3n<\/td>\n<td>ISO 9001<\/td>\n<\/tr>\n<tr>\n<td>Marca<\/td>\n<td>OEM\/Lvyuan<\/td>\n<\/tr>\n<\/tbody>\n<\/table>","protected":false},"featured_media":2551,"comment_status":"open","ping_status":"closed","template":"","meta":{"_gspb_post_css":""},"product_brand":[],"product_cat":[24],"product_tag":[279,261,266,260,258,282],"class_list":{"0":"post-2542","1":"product","2":"type-product","3":"status-publish","4":"has-post-thumbnail","6":"product_cat-sintered-porous-plastic","7":"product_tag-alibaba-trade-assurance","8":"product_tag-guangdong-china","9":"product_tag-guangzhou","10":"product_tag-iso-9001","11":"product_tag-ly-fb","12":"product_tag-oem-lvyuan","14":"first","15":"instock","16":"shipping-taxable","17":"product-type-simple"},"_links":{"self":[{"href":"https:\/\/lyfilter.com\/es\/wp-json\/wp\/v2\/product\/2542","targetHints":{"allow":["GET"]}}],"collection":[{"href":"https:\/\/lyfilter.com\/es\/wp-json\/wp\/v2\/product"}],"about":[{"href":"https:\/\/lyfilter.com\/es\/wp-json\/wp\/v2\/types\/product"}],"replies":[{"embeddable":true,"href":"https:\/\/lyfilter.com\/es\/wp-json\/wp\/v2\/comments?post=2542"}],"wp:featuredmedia":[{"embeddable":true,"href":"https:\/\/lyfilter.com\/es\/wp-json\/wp\/v2\/media\/2551"}],"wp:attachment":[{"href":"https:\/\/lyfilter.com\/es\/wp-json\/wp\/v2\/media?parent=2542"}],"wp:term":[{"taxonomy":"product_brand","embeddable":true,"href":"https:\/\/lyfilter.com\/es\/wp-json\/wp\/v2\/product_brand?post=2542"},{"taxonomy":"product_cat","embeddable":true,"href":"https:\/\/lyfilter.com\/es\/wp-json\/wp\/v2\/product_cat?post=2542"},{"taxonomy":"product_tag","embeddable":true,"href":"https:\/\/lyfilter.com\/es\/wp-json\/wp\/v2\/product_tag?post=2542"}],"curies":[{"name":"wp","href":"https:\/\/api.w.org\/{rel}","templated":true}]}}