{"id":2536,"date":"2026-01-07T06:09:25","date_gmt":"2026-01-07T06:09:25","guid":{"rendered":"https:\/\/lyfilter.com\/?post_type=product&#038;p=2536"},"modified":"2026-01-07T06:09:25","modified_gmt":"2026-01-07T06:09:25","slug":"porous-industrial-solid-liquid-filtration-sintered-white-black-pe-filter-cartridge","status":"publish","type":"product","link":"https:\/\/lyfilter.com\/es\/porous-industrial-solid-liquid-filtration-sintered-white-black-pe-filter-cartridge\/","title":{"rendered":"Poroso Filtraci\u00f3n Industrial S\u00f3lido L\u00edquido Sinterizado Blanco Negro PE Filtro Cartucho"},"content":{"rendered":"<div class=\"unit-detail-html-tabs__content-attr\">\n<div class=\"unit-product-attrparam\">\n<div class=\"unit-product-attrparam__items row\">\n<div class=\"col-12 col-md-6\">\n<div class=\"unit-product-attrparam__item\">\n<div class=\"unit-product-attrparam__label\">\n<table>\n<thead>\n<tr>\n<th>Capacidad de suministro<\/th>\n<th>1000000pc\/mes<\/th>\n<\/tr>\n<\/thead>\n<tbody>\n<tr>\n<td>Material<\/td>\n<td>pe<\/td>\n<\/tr>\n<tr>\n<td>Disponibilidad<\/td>\n<td>OEM\/ODM<\/td>\n<\/tr>\n<\/tbody>\n<\/table>\n<\/div>\n<\/div>\n<\/div>\n<\/div>\n<\/div>\n<\/div>\n<div class=\"unit-detail-html-tabs__content-featuresAttr\"><\/div>\n<div class=\"unit-detail-html-tabs__content-html\">\n<p><strong>Poroso Filtraci\u00f3n Industrial S\u00f3lido L\u00edquido Sinterizado Blanco Negro PE Filtro Cartucho<\/strong><\/p>\n<ul>\n<li>Contiene PE blanco para la capa de prefiltraci\u00f3n y PE negro para la capa de filtraci\u00f3n fina;<\/li>\n<li>Cartucho filtrante sinterizado: estructura porosa sinterizada con tama\u00f1o de poro controlado para la eliminaci\u00f3n de part\u00edculas s\u00f3lidas;<\/li>\n<li>La capa negra tiene un tama\u00f1o de poro tan fino como 5 micras para una mayor eficacia de filtraci\u00f3n;<\/li>\n<li>Baja ca\u00edda de presi\u00f3n a trav\u00e9s del cartucho para una filtraci\u00f3n de gran caudal;<\/li>\n<li>Filtro poroso: gran capacidad de retenci\u00f3n de la suciedad y larga vida \u00fatil;<\/li>\n<li>Soporta altas temperaturas de hasta 140\u00b0F y un amplio rango de pH 1-14;<\/li>\n<li>Puede esterilizarse con vapor y limpiarse con productos qu\u00edmicos;<\/li>\n<li>Excelente compatibilidad qu\u00edmica resistente a la mayor\u00eda de \u00e1cidos, bases y disolventes;<\/li>\n<li>Disponible en longitudes est\u00e1ndar con tubos de varios di\u00e1metros;<\/li>\n<li>Cartucho filtrante de PE ampliamente utilizado para la filtraci\u00f3n pre-RO y final en aplicaciones farmac\u00e9uticas, qu\u00edmicas, alimentarias y de bebidas.<\/li>\n<\/ul>\n<p><img decoding=\"async\" src=\"https:\/\/img.yfisher.com\/m6076\/1725732797cjk\/jpg70-t3-scale100.webp\" alt=\"Poroso Filtraci\u00f3n Industrial S\u00f3lido L\u00edquido Sinterizado Blanco Negro PE Filtro Cartucho 7\" data-lazy=\"2\" title=\"\"><\/p>\n<\/div>","protected":false},"excerpt":{"rendered":"<table>\n<thead>\n<tr>\n<th>Puerto de inicio<\/th>\n<th>Guangzhou<\/th>\n<\/tr>\n<\/thead>\n<tbody>\n<tr>\n<td>Lugar de origen<\/td>\n<td>Guangdong, China<\/td>\n<\/tr>\n<tr>\n<td>Pago<\/td>\n<td>T\/T, paypal<\/td>\n<\/tr>\n<tr>\n<td>MOQ<\/td>\n<td>1 unidad<\/td>\n<\/tr>\n<tr>\n<td>Modelo<\/td>\n<td>LY-FB<\/td>\n<\/tr>\n<tr>\n<td>Plazo de entrega<\/td>\n<td>En un plazo de 7 d\u00edas laborables<\/td>\n<\/tr>\n<tr>\n<td>Certificaci\u00f3n<\/td>\n<td>ISO 9001<\/td>\n<\/tr>\n<tr>\n<td>Marca<\/td>\n<td>OEM\/Lvyuan<\/td>\n<\/tr>\n<\/tbody>\n<\/table>","protected":false},"featured_media":2543,"comment_status":"open","ping_status":"closed","template":"","meta":{"_gspb_post_css":""},"product_brand":[],"product_cat":[24],"product_tag":[261,266,260,258,282,979],"class_list":{"0":"post-2536","1":"product","2":"type-product","3":"status-publish","4":"has-post-thumbnail","6":"product_cat-sintered-porous-plastic","7":"product_tag-guangdong-china","8":"product_tag-guangzhou","9":"product_tag-iso-9001","10":"product_tag-ly-fb","11":"product_tag-oem-lvyuan","12":"product_tag-t-t-and-paypal","14":"first","15":"instock","16":"shipping-taxable","17":"product-type-simple"},"_links":{"self":[{"href":"https:\/\/lyfilter.com\/es\/wp-json\/wp\/v2\/product\/2536","targetHints":{"allow":["GET"]}}],"collection":[{"href":"https:\/\/lyfilter.com\/es\/wp-json\/wp\/v2\/product"}],"about":[{"href":"https:\/\/lyfilter.com\/es\/wp-json\/wp\/v2\/types\/product"}],"replies":[{"embeddable":true,"href":"https:\/\/lyfilter.com\/es\/wp-json\/wp\/v2\/comments?post=2536"}],"wp:featuredmedia":[{"embeddable":true,"href":"https:\/\/lyfilter.com\/es\/wp-json\/wp\/v2\/media\/2543"}],"wp:attachment":[{"href":"https:\/\/lyfilter.com\/es\/wp-json\/wp\/v2\/media?parent=2536"}],"wp:term":[{"taxonomy":"product_brand","embeddable":true,"href":"https:\/\/lyfilter.com\/es\/wp-json\/wp\/v2\/product_brand?post=2536"},{"taxonomy":"product_cat","embeddable":true,"href":"https:\/\/lyfilter.com\/es\/wp-json\/wp\/v2\/product_cat?post=2536"},{"taxonomy":"product_tag","embeddable":true,"href":"https:\/\/lyfilter.com\/es\/wp-json\/wp\/v2\/product_tag?post=2536"}],"curies":[{"name":"wp","href":"https:\/\/api.w.org\/{rel}","templated":true}]}}