{"id":2530,"date":"2026-01-07T03:56:56","date_gmt":"2026-01-07T03:56:56","guid":{"rendered":"https:\/\/lyfilter.com\/?post_type=product&#038;p=2530"},"modified":"2026-01-07T03:56:56","modified_gmt":"2026-01-07T03:56:56","slug":"customized-size-pogoda-connector-304-316-stainless-steel-filter-cartridge","status":"publish","type":"product","link":"https:\/\/lyfilter.com\/es\/customized-size-pogoda-connector-304-316-stainless-steel-filter-cartridge\/","title":{"rendered":"Tama\u00f1o personalizado Pogoda Conector 304 316 cartucho de filtro de acero inoxidable"},"content":{"rendered":"<div class=\"unit-detail-html-tabs__content-attr\">\n<div class=\"unit-product-attrparam\">\n<div class=\"unit-product-attrparam__items row\">\n<div class=\"col-12 col-md-6\">\n<div class=\"unit-product-attrparam__item\">\n<div class=\"unit-product-attrparam__label\">\n<table>\n<thead>\n<tr>\n<th><strong>Atributo<\/strong><\/th>\n<th><strong>Detalles<\/strong><\/th>\n<\/tr>\n<\/thead>\n<tbody>\n<tr>\n<td><strong>Disponibilidad<\/strong><\/td>\n<td>OEM\/ODM<\/td>\n<\/tr>\n<\/tbody>\n<\/table>\n<\/div>\n<\/div>\n<\/div>\n<\/div>\n<\/div>\n<\/div>\n<div class=\"unit-detail-html-tabs__content-featuresAttr\"><\/div>\n<div class=\"unit-detail-html-tabs__content-html\">\n<p><strong>Tama\u00f1o personalizado Pogoda Conector 304 316 cartucho de filtro de acero inoxidable<\/strong><\/p>\n<p><strong>Descripci\u00f3n\uff1a<\/strong><\/p>\n<ol>\n<li>Fabricado en acero inoxidable 304 y 316 resistente a la corrosi\u00f3n<\/li>\n<li>El dise\u00f1o del cartucho filtrante plisado proporciona una gran superficie para eliminar eficazmente los contaminantes<\/li>\n<li>Elimina sedimentos, \u00f3xido, incrustaciones, limo, arena, suciedad y otras part\u00edculas.<\/li>\n<li>Ideal para aplicaciones de gran caudal con una ca\u00edda de presi\u00f3n m\u00ednima<\/li>\n<li>Compatible con una amplia gama de sistemas de filtraci\u00f3n industriales, comerciales y residenciales<\/li>\n<li>Disponible en varios micrajes para diferentes necesidades de filtraci\u00f3n<\/li>\n<li>La malla de soporte exterior de acero inoxidable mantiene la integridad de los pliegues<\/li>\n<li>Envolturas interior y exterior de polipropileno para mayor durabilidad<\/li>\n<li>La alineaci\u00f3n radial de los pliegues permite un flujo uniforme en toda la superficie del filtro<\/li>\n<li>Disponible en longitudes est\u00e1ndar de 10\u2033, 20\u2033, 30\u2033 y 40\u2033 para adaptarse a la mayor\u00eda de las carcasas.<\/li>\n<li>Puede soportar temperaturas de hasta 180\u00b0F dependiendo del material de la junta<\/li>\n<li>Direcci\u00f3n de flujo reversible para mayor flexibilidad<\/li>\n<\/ol>\n<p><strong><br \/>\n<\/strong><\/p>\n<p><img decoding=\"async\" src=\"https:\/\/img.yfisher.com\/m6076\/17257327950r2\/jpg70-t3-scale100.webp\" alt=\"Tama\u00f1o personalizado Pogoda Conector 304 316 cartucho de filtro de acero inoxidable 6\" data-lazy=\"2\" title=\"\"><\/p>\n<\/div>","protected":false},"excerpt":{"rendered":"<table>\n<thead>\n<tr>\n<th><strong>Atributo<\/strong><\/th>\n<th><strong>Detalles<\/strong><\/th>\n<\/tr>\n<\/thead>\n<tbody>\n<tr>\n<td><strong>Puerto de inicio<\/strong><\/td>\n<td>Guangzhou<\/td>\n<\/tr>\n<tr>\n<td><strong>Capacidad de producci\u00f3n<\/strong><\/td>\n<td>10000 unidades\/Mes<\/td>\n<\/tr>\n<tr>\n<td><strong>Lugar de origen<\/strong><\/td>\n<td>Guangdong, China<\/td>\n<\/tr>\n<tr>\n<td><strong>Pago<\/strong><\/td>\n<td>T\/T, Alibaba Trade Assurance, Paypal<\/td>\n<\/tr>\n<tr>\n<td><strong>Modelo<\/strong><\/td>\n<td>LY-FB<\/td>\n<\/tr>\n<tr>\n<td><strong>Plazo de entrega<\/strong><\/td>\n<td>En un plazo de 7 d\u00edas laborables<\/td>\n<\/tr>\n<tr>\n<td><strong>Certificaci\u00f3n<\/strong><\/td>\n<td>ISO 9001<\/td>\n<\/tr>\n<tr>\n<td><strong>Marca<\/strong><\/td>\n<td>OEM\/Lvyuan<\/td>\n<\/tr>\n<\/tbody>\n<\/table>","protected":false},"featured_media":2537,"comment_status":"open","ping_status":"closed","template":"","meta":{"_gspb_post_css":""},"product_brand":[],"product_cat":[17,18],"product_tag":[978,977,266,260,258,259],"class_list":{"0":"post-2530","1":"product","2":"type-product","3":"status-publish","4":"has-post-thumbnail","6":"product_cat-sediment-filter","7":"product_cat-sintered-metal-filters","8":"product_tag-alibaba","9":"product_tag-filter-element","10":"product_tag-guangzhou","11":"product_tag-iso-9001","12":"product_tag-ly-fb","13":"product_tag-oem","15":"first","16":"instock","17":"shipping-taxable","18":"product-type-simple"},"_links":{"self":[{"href":"https:\/\/lyfilter.com\/es\/wp-json\/wp\/v2\/product\/2530","targetHints":{"allow":["GET"]}}],"collection":[{"href":"https:\/\/lyfilter.com\/es\/wp-json\/wp\/v2\/product"}],"about":[{"href":"https:\/\/lyfilter.com\/es\/wp-json\/wp\/v2\/types\/product"}],"replies":[{"embeddable":true,"href":"https:\/\/lyfilter.com\/es\/wp-json\/wp\/v2\/comments?post=2530"}],"wp:featuredmedia":[{"embeddable":true,"href":"https:\/\/lyfilter.com\/es\/wp-json\/wp\/v2\/media\/2537"}],"wp:attachment":[{"href":"https:\/\/lyfilter.com\/es\/wp-json\/wp\/v2\/media?parent=2530"}],"wp:term":[{"taxonomy":"product_brand","embeddable":true,"href":"https:\/\/lyfilter.com\/es\/wp-json\/wp\/v2\/product_brand?post=2530"},{"taxonomy":"product_cat","embeddable":true,"href":"https:\/\/lyfilter.com\/es\/wp-json\/wp\/v2\/product_cat?post=2530"},{"taxonomy":"product_tag","embeddable":true,"href":"https:\/\/lyfilter.com\/es\/wp-json\/wp\/v2\/product_tag?post=2530"}],"curies":[{"name":"wp","href":"https:\/\/api.w.org\/{rel}","templated":true}]}}