{"id":2525,"date":"2026-01-07T03:54:51","date_gmt":"2026-01-07T03:54:51","guid":{"rendered":"https:\/\/lyfilter.com\/?post_type=product&#038;p=2525"},"modified":"2026-04-24T23:43:14","modified_gmt":"2026-04-24T23:43:14","slug":"lvyuan-customized-micron-high-flow-filter-cartridge","status":"publish","type":"product","link":"https:\/\/lyfilter.com\/es\/lvyuan-customized-micron-high-flow-filter-cartridge\/","title":{"rendered":"Cartucho filtrante de alto flujo micr\u00f3nico personalizado Lvyuan"},"content":{"rendered":"<div class=\"unit-detail-html-tabs__content-attr\">\n<div class=\"unit-product-attrparam\">\n<div class=\"unit-product-attrparam__items row\">\n<div class=\"col-12 col-md-6\">\n<div class=\"unit-product-attrparam__item\">\n<div class=\"unit-product-attrparam__label\">\n<table>\n<thead>\n<tr>\n<th><strong>Atributo<\/strong><\/th>\n<th><strong>Detalles<\/strong><\/th>\n<\/tr>\n<\/thead>\n<tbody>\n<tr>\n<td><strong>Capacidad de suministro<\/strong><\/td>\n<td>1000000pc\/mes<\/td>\n<\/tr>\n<tr>\n<td><strong>Disponibilidad<\/strong><\/td>\n<td>OEM\/ODM<\/td>\n<\/tr>\n<\/tbody>\n<\/table>\n<\/div>\n<\/div>\n<\/div>\n<\/div>\n<\/div>\n<\/div>\n<div class=\"unit-detail-html-tabs__content-html\">\n<p><strong>Lvyuan personalizado Micron cartucho de filtro de alto flujo<\/strong><\/p>\n<p>Los cartuchos filtrantes de la serie High Flow est\u00e1n dise\u00f1ados para la filtraci\u00f3n de alto caudal en aplicaciones industriales exigentes. Con una geometr\u00eda de pliegues optimizada y una construcci\u00f3n robusta, estos filtros proporcionan hasta 3 veces la capacidad de flujo de los cartuchos est\u00e1ndar para un rendimiento m\u00e1ximo.<\/p>\n<p>Construidos con m\u00faltiples capas de medios de polipropileno finamente plisado, los cartuchos de alto caudal presentan una mayor superficie y capacidad de carga en profundidad para manejar grandes cargas de contaminantes. La formulaci\u00f3n patentada del medio permite un alto caudal con una baja ca\u00edda de presi\u00f3n.<\/p>\n<p>El n\u00facleo central de polipropileno proporciona resistencia y estabilidad, mientras que las juntas integradas sellan eficazmente el cartucho dentro de la carcasa. Las tapas de polipropileno de una sola pieza eliminan los posibles puntos de fuga.<\/p>\n<p>Con una alta capacidad de retenci\u00f3n de suciedad y una eficacia de hasta 99,9% a micra nominal, los cartuchos filtrantes High Flow mantienen los caudales de proceso durante m\u00e1s tiempo entre cambios. Su amplia compatibilidad qu\u00edmica permite su uso en numerosas aplicaciones.<\/p>\n<p>Los cartuchos de alto caudal est\u00e1n disponibles en varios micrajes de 1 a 800 micras. Su gran huella de 2,5 pulgadas de di\u00e1metro combinada con un dise\u00f1o de alto caudal los convierte en una soluci\u00f3n ideal para fluidos a alta velocidad y flujos de proceso de gran volumen.<\/p>\n<p>Los caudales de 250 a 1250 GPM proporcionan flexibilidad en el manejo desde aplicaciones industriales duras hasta operaciones de fabricaci\u00f3n de alto rendimiento. Los cartuchos High Flow ofrecen una filtraci\u00f3n de caudal extremo en un paquete resistente pero econ\u00f3mico.<\/p>\n<\/div>","protected":false},"excerpt":{"rendered":"<table>\n<thead>\n<tr>\n<th><strong>Atributo<\/strong><\/th>\n<th><strong>Detalles<\/strong><\/th>\n<\/tr>\n<\/thead>\n<tbody>\n<tr>\n<td><strong>Capacidad de producci\u00f3n<\/strong><\/td>\n<td>10000 unidades\/Mes<\/td>\n<\/tr>\n<tr>\n<td><strong>Pago<\/strong><\/td>\n<td>T\/T, Garant\u00eda Comercial Alibaba<\/td>\n<\/tr>\n<tr>\n<td><strong>MOQ<\/strong><\/td>\n<td>1 unidad<\/td>\n<\/tr>\n<tr>\n<td><strong>Modelo<\/strong><\/td>\n<td>LY-FB<\/td>\n<\/tr>\n<tr>\n<td><strong>Plazo de entrega<\/strong><\/td>\n<td>En un plazo de 7 d\u00edas laborables<\/td>\n<\/tr>\n<tr>\n<td><strong>Certificaci\u00f3n<\/strong><\/td>\n<td>ISO 9001<\/td>\n<\/tr>\n<tr>\n<td><strong>Marca<\/strong><\/td>\n<td>OEM\/Lvyuan<\/td>\n<\/tr>\n<\/tbody>\n<\/table>","protected":false},"featured_media":2531,"comment_status":"open","ping_status":"closed","template":"","meta":{"_gspb_post_css":""},"product_brand":[],"product_cat":[17],"product_tag":[978,977,266,260,258,259],"class_list":{"0":"post-2525","1":"product","2":"type-product","3":"status-publish","4":"has-post-thumbnail","6":"product_cat-sediment-filter","7":"product_tag-alibaba","8":"product_tag-filter-element","9":"product_tag-guangzhou","10":"product_tag-iso-9001","11":"product_tag-ly-fb","12":"product_tag-oem","14":"first","15":"instock","16":"shipping-taxable","17":"product-type-simple"},"_links":{"self":[{"href":"https:\/\/lyfilter.com\/es\/wp-json\/wp\/v2\/product\/2525","targetHints":{"allow":["GET"]}}],"collection":[{"href":"https:\/\/lyfilter.com\/es\/wp-json\/wp\/v2\/product"}],"about":[{"href":"https:\/\/lyfilter.com\/es\/wp-json\/wp\/v2\/types\/product"}],"replies":[{"embeddable":true,"href":"https:\/\/lyfilter.com\/es\/wp-json\/wp\/v2\/comments?post=2525"}],"wp:featuredmedia":[{"embeddable":true,"href":"https:\/\/lyfilter.com\/es\/wp-json\/wp\/v2\/media\/2531"}],"wp:attachment":[{"href":"https:\/\/lyfilter.com\/es\/wp-json\/wp\/v2\/media?parent=2525"}],"wp:term":[{"taxonomy":"product_brand","embeddable":true,"href":"https:\/\/lyfilter.com\/es\/wp-json\/wp\/v2\/product_brand?post=2525"},{"taxonomy":"product_cat","embeddable":true,"href":"https:\/\/lyfilter.com\/es\/wp-json\/wp\/v2\/product_cat?post=2525"},{"taxonomy":"product_tag","embeddable":true,"href":"https:\/\/lyfilter.com\/es\/wp-json\/wp\/v2\/product_tag?post=2525"}],"curies":[{"name":"wp","href":"https:\/\/api.w.org\/{rel}","templated":true}]}}