{"id":2518,"date":"2026-01-07T03:50:02","date_gmt":"2026-01-07T03:50:02","guid":{"rendered":"https:\/\/lyfilter.com\/?post_type=product&#038;p=2518"},"modified":"2026-01-07T03:50:02","modified_gmt":"2026-01-07T03:50:02","slug":"round-white-polyethylene-porous-plastic-pe-fllter-plate","status":"publish","type":"product","link":"https:\/\/lyfilter.com\/es\/round-white-polyethylene-porous-plastic-pe-fllter-plate\/","title":{"rendered":"Placa redonda de polietileno blanco poroso PE Fllter"},"content":{"rendered":"<div class=\"unit-detail-html-tabs__content-attr\">\n<div class=\"unit-product-attrparam\">\n<div class=\"unit-product-attrparam__items row\">\n<div class=\"col-12 col-md-6\">\n<div class=\"unit-product-attrparam__item\">\n<div class=\"unit-product-attrparam__label\">\n<table>\n<thead>\n<tr>\n<th><strong>Atributo<\/strong><\/th>\n<th><strong>Detalles<\/strong><\/th>\n<\/tr>\n<\/thead>\n<tbody>\n<tr>\n<td><strong>Capacidad de suministro<\/strong><\/td>\n<td>1000000pc\/mes<\/td>\n<\/tr>\n<tr>\n<td><strong>Material<\/strong><\/td>\n<td>pe<\/td>\n<\/tr>\n<tr>\n<td><strong>Disponibilidad<\/strong><\/td>\n<td>OEM\/ODM<\/td>\n<\/tr>\n<\/tbody>\n<\/table>\n<\/div>\n<\/div>\n<\/div>\n<\/div>\n<\/div>\n<\/div>\n<div class=\"unit-detail-html-tabs__content-featuresAttr\"><\/div>\n<div class=\"unit-detail-html-tabs__content-html\">\n<p><strong>Placa redonda de polietileno blanco poroso PE Fllter<\/strong><\/p>\n<p>Material: PE\/ Polietileno<\/p>\n<p>Esta industria 95mm\uff08size se puede personalizar en tama\u00f1o de di\u00e1metro placa redonda de pl\u00e1stico est\u00e1 dise\u00f1ado para microscopios estereosc\u00f3picos.<\/p>\n<p><img loading=\"lazy\" decoding=\"async\" class=\"size-medium wp-image-2524\" src=\"https:\/\/lyfilter.com\/wp-content\/uploads\/2026\/01\/Round-White-Polyethylene-Porous-Plastic-PE-Fllter-Plate--300x200.webp\" alt=\"Placa redonda de polietileno blanco poroso PE Fllter \" width=\"300\" height=\"200\" title=\"\" srcset=\"https:\/\/lyfilter.com\/wp-content\/uploads\/2026\/01\/Round-White-Polyethylene-Porous-Plastic-PE-Fllter-Plate--300x200.webp 300w, https:\/\/lyfilter.com\/wp-content\/uploads\/2026\/01\/Round-White-Polyethylene-Porous-Plastic-PE-Fllter-Plate--18x12.webp 18w, https:\/\/lyfilter.com\/wp-content\/uploads\/2026\/01\/Round-White-Polyethylene-Porous-Plastic-PE-Fllter-Plate--600x400.webp 600w, https:\/\/lyfilter.com\/wp-content\/uploads\/2026\/01\/Round-White-Polyethylene-Porous-Plastic-PE-Fllter-Plate-.webp 750w\" sizes=\"auto, (max-width: 300px) 100vw, 300px\" \/><\/p>\n<\/div>","protected":false},"excerpt":{"rendered":"<table>\n<thead>\n<tr>\n<th><strong>Atributo<\/strong><\/th>\n<th><strong>Detalles<\/strong><\/th>\n<\/tr>\n<\/thead>\n<tbody>\n<tr>\n<td><strong>Puerto de inicio<\/strong><\/td>\n<td>Guangzhou<\/td>\n<\/tr>\n<tr>\n<td><strong>Capacidad de producci\u00f3n<\/strong><\/td>\n<td>10000 unidades\/Mes<\/td>\n<\/tr>\n<tr>\n<td><strong>Lugar de origen<\/strong><\/td>\n<td>Guangdong, China<\/td>\n<\/tr>\n<tr>\n<td><strong>Pago<\/strong><\/td>\n<td>T\/T, Alibaba Trade Assurance, Paypal<\/td>\n<\/tr>\n<tr>\n<td><strong>MOQ<\/strong><\/td>\n<td>1 unidad<\/td>\n<\/tr>\n<tr>\n<td><strong>Modelo<\/strong><\/td>\n<td>LY-FB<\/td>\n<\/tr>\n<tr>\n<td><strong>Plazo de entrega<\/strong><\/td>\n<td>En un plazo de 7 d\u00edas laborables<\/td>\n<\/tr>\n<tr>\n<td><strong>Certificaci\u00f3n<\/strong><\/td>\n<td>CE, ISO 9001<\/td>\n<\/tr>\n<tr>\n<td><strong>Marca<\/strong><\/td>\n<td>OEM\/Lvyuan<\/td>\n<\/tr>\n<\/tbody>\n<\/table>","protected":false},"featured_media":2519,"comment_status":"open","ping_status":"closed","template":"","meta":{"_gspb_post_css":""},"product_brand":[],"product_cat":[24],"product_tag":[963,977,266,260,258,259],"class_list":{"0":"post-2518","1":"product","2":"type-product","3":"status-publish","4":"has-post-thumbnail","6":"product_cat-sintered-porous-plastic","7":"product_tag-ce-certified","8":"product_tag-filter-element","9":"product_tag-guangzhou","10":"product_tag-iso-9001","11":"product_tag-ly-fb","12":"product_tag-oem","14":"first","15":"instock","16":"shipping-taxable","17":"product-type-simple"},"_links":{"self":[{"href":"https:\/\/lyfilter.com\/es\/wp-json\/wp\/v2\/product\/2518","targetHints":{"allow":["GET"]}}],"collection":[{"href":"https:\/\/lyfilter.com\/es\/wp-json\/wp\/v2\/product"}],"about":[{"href":"https:\/\/lyfilter.com\/es\/wp-json\/wp\/v2\/types\/product"}],"replies":[{"embeddable":true,"href":"https:\/\/lyfilter.com\/es\/wp-json\/wp\/v2\/comments?post=2518"}],"wp:featuredmedia":[{"embeddable":true,"href":"https:\/\/lyfilter.com\/es\/wp-json\/wp\/v2\/media\/2519"}],"wp:attachment":[{"href":"https:\/\/lyfilter.com\/es\/wp-json\/wp\/v2\/media?parent=2518"}],"wp:term":[{"taxonomy":"product_brand","embeddable":true,"href":"https:\/\/lyfilter.com\/es\/wp-json\/wp\/v2\/product_brand?post=2518"},{"taxonomy":"product_cat","embeddable":true,"href":"https:\/\/lyfilter.com\/es\/wp-json\/wp\/v2\/product_cat?post=2518"},{"taxonomy":"product_tag","embeddable":true,"href":"https:\/\/lyfilter.com\/es\/wp-json\/wp\/v2\/product_tag?post=2518"}],"curies":[{"name":"wp","href":"https:\/\/api.w.org\/{rel}","templated":true}]}}