{"id":2517,"date":"2026-01-07T03:52:43","date_gmt":"2026-01-07T03:52:43","guid":{"rendered":"https:\/\/lyfilter.com\/?post_type=product&#038;p=2517"},"modified":"2026-01-07T03:52:43","modified_gmt":"2026-01-07T03:52:43","slug":"ultrafiltration-polyethylene-pe-needle-filters","status":"publish","type":"product","link":"https:\/\/lyfilter.com\/es\/ultrafiltration-polyethylene-pe-needle-filters\/","title":{"rendered":"Filtros de aguja de polietileno (PE) de ultrafiltraci\u00f3n"},"content":{"rendered":"<div class=\"unit-detail-html-tabs__content-attr\">\n<div class=\"unit-product-attrparam\">\n<div class=\"unit-product-attrparam__items row\">\n<div class=\"col-12 col-md-6\">\n<div class=\"unit-product-attrparam__item\">\n<div class=\"unit-product-attrparam__label\">\n<table>\n<thead>\n<tr>\n<th><strong>Atributo<\/strong><\/th>\n<th><strong>Detalles<\/strong><\/th>\n<\/tr>\n<\/thead>\n<tbody>\n<tr>\n<td><strong>Disponibilidad<\/strong><\/td>\n<td>OEM\/ODM<\/td>\n<\/tr>\n<\/tbody>\n<\/table>\n<\/div>\n<\/div>\n<\/div>\n<\/div>\n<\/div>\n<\/div>\n<div class=\"unit-detail-html-tabs__content-html\">\n<p><strong>Filtros de aguja de polietileno (PE) de ultrafiltraci\u00f3n\u00a0<\/strong><\/p>\n<p>1. Material de PE - El polietileno (PE) es un material popular para las membranas de ultrafiltraci\u00f3n. Es resistente a los productos qu\u00edmicos, barato y duradero. Los filtros de aguja de PE son compatibles con una amplia gama de productos qu\u00edmicos, disolventes y l\u00edquidos.<\/p>\n<p>2. Alto flujo - Las membranas de ultrafiltraci\u00f3n de PE tienen un tama\u00f1o de poro de 0,01-0,1 micras y pueden alcanzar un alto flujo de permeado de varios a cientos de litros por m2 y hora. El alto flujo proporciona una alta eficiencia de producci\u00f3n y velocidad de proceso.<\/p>\n<p>3. Selectividad - Las membranas de ultrafiltraci\u00f3n de PE separan en funci\u00f3n del peso molecular. Pueden retener mol\u00e9culas grandes y dejar pasar mol\u00e9culas peque\u00f1as. Esta selectividad las hace adecuadas para aplicaciones de separaci\u00f3n, concentraci\u00f3n y purificaci\u00f3n.<\/p>\n<p>4. Resistencia al calor - Las membranas de ultrafiltraci\u00f3n de PE normales pueden soportar l\u00edquidos calientes de 50-70\u00b0C. Los filtros de aguja de PE fabricados con pl\u00e1sticos t\u00e9cnicos pueden soportar 90-120\u00b0C. La alta resistencia al calor ampl\u00eda su campo de aplicaci\u00f3n.<\/p>\n<p>5. Reutilizaci\u00f3n - Algunos filtros de agujas de PE pueden lavarse a contracorriente o limpiarse qu\u00edmicamente para eliminar la suciedad y las part\u00edculas del n\u00facleo del filtro y reutilizarse. La reutilizaci\u00f3n prolonga enormemente la vida \u00fatil del filtro y reduce el coste.<\/p>\n<p>6. Conexiones - Los filtros de agujas de PE suelen venir con carcasas de acero inoxidable o pl\u00e1stico y disponen de conectores comunes como conexiones roscadas o de brida para enlazar con tuber\u00edas o recipientes. La carcasa y los conectores deben sellar correctamente para evitar fugas.<\/p>\n<p>7. Especificaciones - Los filtros de agujas de PE vienen en versiones de bajo caudal (50L\/min) con una precisi\u00f3n de filtraci\u00f3n de 0,01 a 0,2 micras. Puede elegir las especificaciones adecuadas en funci\u00f3n de su aplicaci\u00f3n.<\/p>\n<\/div>","protected":false},"excerpt":{"rendered":"<table>\n<thead>\n<tr>\n<th><strong>Atributo<\/strong><\/th>\n<th><strong>Detalles<\/strong><\/th>\n<\/tr>\n<\/thead>\n<tbody>\n<tr>\n<td><strong>Puerto de inicio<\/strong><\/td>\n<td>Guangzhou<\/td>\n<\/tr>\n<tr>\n<td><strong>Lugar de origen<\/strong><\/td>\n<td>Guangdong, China<\/td>\n<\/tr>\n<tr>\n<td><strong>Pago<\/strong><\/td>\n<td>T\/T, Alibaba Trade Assurance, Paypal<\/td>\n<\/tr>\n<tr>\n<td><strong>MOQ<\/strong><\/td>\n<td>1 unidad<\/td>\n<\/tr>\n<tr>\n<td><strong>Modelo<\/strong><\/td>\n<td>LY-FB<\/td>\n<\/tr>\n<tr>\n<td><strong>Plazo de entrega<\/strong><\/td>\n<td>En un plazo de 7 d\u00edas laborables<\/td>\n<\/tr>\n<tr>\n<td><strong>Certificaci\u00f3n<\/strong><\/td>\n<td>ISO 9001<\/td>\n<\/tr>\n<tr>\n<td><strong>Marca<\/strong><\/td>\n<td>OEM\/Lvyuan<\/td>\n<\/tr>\n<\/tbody>\n<\/table>","protected":false},"featured_media":2526,"comment_status":"open","ping_status":"closed","template":"","meta":{"_gspb_post_css":""},"product_brand":[],"product_cat":[17,22],"product_tag":[978,977,266,260,258,259],"class_list":{"0":"post-2517","1":"product","2":"type-product","3":"status-publish","4":"has-post-thumbnail","6":"product_cat-sediment-filter","7":"product_cat-sintered-filter-cartridge","8":"product_tag-alibaba","9":"product_tag-filter-element","10":"product_tag-guangzhou","11":"product_tag-iso-9001","12":"product_tag-ly-fb","13":"product_tag-oem","15":"first","16":"instock","17":"shipping-taxable","18":"product-type-simple"},"_links":{"self":[{"href":"https:\/\/lyfilter.com\/es\/wp-json\/wp\/v2\/product\/2517","targetHints":{"allow":["GET"]}}],"collection":[{"href":"https:\/\/lyfilter.com\/es\/wp-json\/wp\/v2\/product"}],"about":[{"href":"https:\/\/lyfilter.com\/es\/wp-json\/wp\/v2\/types\/product"}],"replies":[{"embeddable":true,"href":"https:\/\/lyfilter.com\/es\/wp-json\/wp\/v2\/comments?post=2517"}],"wp:featuredmedia":[{"embeddable":true,"href":"https:\/\/lyfilter.com\/es\/wp-json\/wp\/v2\/media\/2526"}],"wp:attachment":[{"href":"https:\/\/lyfilter.com\/es\/wp-json\/wp\/v2\/media?parent=2517"}],"wp:term":[{"taxonomy":"product_brand","embeddable":true,"href":"https:\/\/lyfilter.com\/es\/wp-json\/wp\/v2\/product_brand?post=2517"},{"taxonomy":"product_cat","embeddable":true,"href":"https:\/\/lyfilter.com\/es\/wp-json\/wp\/v2\/product_cat?post=2517"},{"taxonomy":"product_tag","embeddable":true,"href":"https:\/\/lyfilter.com\/es\/wp-json\/wp\/v2\/product_tag?post=2517"}],"curies":[{"name":"wp","href":"https:\/\/api.w.org\/{rel}","templated":true}]}}