{"id":2505,"date":"2026-01-07T03:31:27","date_gmt":"2026-01-07T03:31:27","guid":{"rendered":"https:\/\/lyfilter.com\/?post_type=product&#038;p=2505"},"modified":"2026-01-07T03:31:28","modified_gmt":"2026-01-07T03:31:28","slug":"lvyuan-0-2-to-5-microns-needle-filter","status":"publish","type":"product","link":"https:\/\/lyfilter.com\/es\/lvyuan-0-2-to-5-microns-needle-filter\/","title":{"rendered":"Filtro de aguja Lvyuan de 0,2 a 5 micras"},"content":{"rendered":"<div class=\"unit-detail-html-tabs__content-attr\">\n<div class=\"unit-product-attrparam\">\n<div class=\"unit-product-attrparam__items row\">\n<div class=\"col-12 col-md-6\">\n<div class=\"unit-product-attrparam__item\">\n<div class=\"unit-product-attrparam__label\">\n<table>\n<thead>\n<tr>\n<th>art\u00edculo<\/th>\n<th>detalles<\/th>\n<\/tr>\n<\/thead>\n<tbody>\n<tr>\n<td>Capacidad de suministro<\/td>\n<td>1000000pc\/mes<\/td>\n<\/tr>\n<tr>\n<td>Material<\/td>\n<td>PTFE\/PE<\/td>\n<\/tr>\n<tr>\n<td>Disponibilidad<\/td>\n<td>OEM\/ODM<\/td>\n<\/tr>\n<\/tbody>\n<\/table>\n<\/div>\n<\/div>\n<\/div>\n<\/div>\n<\/div>\n<\/div>\n<div class=\"unit-detail-html-tabs__content-html\">\n<p>Un filtro de aguja es un tipo de filtro utilizado habitualmente en aplicaciones m\u00e9dicas para eliminar part\u00edculas o impurezas de fluidos como f\u00e1rmacos o sangre. A continuaci\u00f3n se indican algunas especificaciones de un filtro de agujas:<\/p>\n<ol>\n<li>Tama\u00f1o de los poros: Los filtros de aguja suelen tener tama\u00f1os de poro que oscilan entre 0,2 y 5 micras, dependiendo de la aplicaci\u00f3n. El tama\u00f1o de poro del filtro se selecciona en funci\u00f3n del tama\u00f1o de las part\u00edculas a eliminar y del caudal deseado.<\/li>\n<li>Material: Los filtros de aguja se fabrican con diversos materiales, como polipropileno, nailon, PTFE y PVDF. El material utilizado para el filtro se selecciona en funci\u00f3n de factores como la compatibilidad qu\u00edmica con el fluido filtrado, la estabilidad t\u00e9rmica y la resistencia mec\u00e1nica.<\/li>\n<li>Carcasa: La carcasa del filtro de aguja suele estar hecha de polipropileno u otro material pl\u00e1stico. La carcasa est\u00e1 dise\u00f1ada para encajar en una jeringa u otro dispositivo de suministro y para proporcionar un sello alrededor de la membrana del filtro.<\/li>\n<li>\u00c1rea de filtraci\u00f3n: El \u00e1rea de filtraci\u00f3n del filtro de agujas suele ser peque\u00f1a, desde unos pocos cent\u00edmetros cuadrados hasta unos pocos mil\u00edmetros cuadrados. Esto permite una alta eficacia de filtraci\u00f3n en un tama\u00f1o compacto.<\/li>\n<li>Caudal: El caudal del filtro de agujas depende del tama\u00f1o de los poros, del material de la membrana y de la viscosidad del fluido filtrado. En general, los tama\u00f1os de poro m\u00e1s peque\u00f1os y los fluidos m\u00e1s espesos dar\u00e1n lugar a caudales m\u00e1s bajos.<\/li>\n<li>Esterilizaci\u00f3n: Los filtros de aguja se esterilizan com\u00fanmente utilizando radiaci\u00f3n gamma o gas de \u00f3xido de etileno para garantizar que est\u00e9n libres de contaminantes antes de su uso.<\/li>\n<\/ol>\n<p>En general, las especificaciones de un filtro de agujas depender\u00e1n de la aplicaci\u00f3n espec\u00edfica y de los requisitos del usuario.<\/p>\n<p><img decoding=\"async\" src=\"https:\/\/img.yfisher.com\/m6076\/1725732767nbs\/jpg70-t3-scale100.webp\" alt=\"Lvyuan 0,2 a 5 micras filtro de aguja 6\" data-lazy=\"2\" title=\"\"><\/p>\n<\/div>","protected":false},"excerpt":{"rendered":"<table>\n<thead>\n<tr>\n<th>art\u00edculo<\/th>\n<th>detalles<\/th>\n<\/tr>\n<\/thead>\n<tbody>\n<tr>\n<td>modelo<\/td>\n<td>Filtro de aguja<\/td>\n<\/tr>\n<tr>\n<td>marca<\/td>\n<td>OEM\/Lvyuan<\/td>\n<\/tr>\n<tr>\n<td>puerto de inicio<\/td>\n<td>Guangzhou<\/td>\n<\/tr>\n<tr>\n<td>capacidad de producci\u00f3n<\/td>\n<td>10000 unidades\/Mes<\/td>\n<\/tr>\n<tr>\n<td>lugar de origen<\/td>\n<td>Guangdong, China<\/td>\n<\/tr>\n<tr>\n<td>pago<\/td>\n<td>T\/T, Alibaba Trade Assurance, paypal<\/td>\n<\/tr>\n<tr>\n<td>moq<\/td>\n<td>1 unidad<\/td>\n<\/tr>\n<tr>\n<td>plazo de entrega<\/td>\n<td>En un plazo de 7 d\u00edas laborables<\/td>\n<\/tr>\n<tr>\n<td>certificaci\u00f3n<\/td>\n<td>ISO 9001<\/td>\n<\/tr>\n<\/tbody>\n<\/table>","protected":false},"featured_media":2512,"comment_status":"open","ping_status":"closed","template":"","meta":{"_gspb_post_css":""},"product_brand":[],"product_cat":[24,25],"product_tag":[956,279,964,260,975,976],"class_list":{"0":"post-2505","1":"product","2":"type-product","3":"status-publish","4":"has-post-thumbnail","6":"product_cat-sintered-porous-plastic","7":"product_cat-medical-filters","8":"product_tag-1-piece-moq","9":"product_tag-alibaba-trade-assurance","10":"product_tag-guangdong-manufacturer","11":"product_tag-iso-9001","12":"product_tag-needle-filter","13":"product_tag-oem-needle-filter","15":"first","16":"instock","17":"shipping-taxable","18":"product-type-simple"},"_links":{"self":[{"href":"https:\/\/lyfilter.com\/es\/wp-json\/wp\/v2\/product\/2505","targetHints":{"allow":["GET"]}}],"collection":[{"href":"https:\/\/lyfilter.com\/es\/wp-json\/wp\/v2\/product"}],"about":[{"href":"https:\/\/lyfilter.com\/es\/wp-json\/wp\/v2\/types\/product"}],"replies":[{"embeddable":true,"href":"https:\/\/lyfilter.com\/es\/wp-json\/wp\/v2\/comments?post=2505"}],"wp:featuredmedia":[{"embeddable":true,"href":"https:\/\/lyfilter.com\/es\/wp-json\/wp\/v2\/media\/2512"}],"wp:attachment":[{"href":"https:\/\/lyfilter.com\/es\/wp-json\/wp\/v2\/media?parent=2505"}],"wp:term":[{"taxonomy":"product_brand","embeddable":true,"href":"https:\/\/lyfilter.com\/es\/wp-json\/wp\/v2\/product_brand?post=2505"},{"taxonomy":"product_cat","embeddable":true,"href":"https:\/\/lyfilter.com\/es\/wp-json\/wp\/v2\/product_cat?post=2505"},{"taxonomy":"product_tag","embeddable":true,"href":"https:\/\/lyfilter.com\/es\/wp-json\/wp\/v2\/product_tag?post=2505"}],"curies":[{"name":"wp","href":"https:\/\/api.w.org\/{rel}","templated":true}]}}