{"id":2499,"date":"2026-01-07T03:28:21","date_gmt":"2026-01-07T03:28:21","guid":{"rendered":"https:\/\/lyfilter.com\/?post_type=product&#038;p=2499"},"modified":"2026-01-07T03:28:21","modified_gmt":"2026-01-07T03:28:21","slug":"factory-price-porous-plastic-sintered-pa-membrane-filter-with-screw-connector","status":"publish","type":"product","link":"https:\/\/lyfilter.com\/es\/factory-price-porous-plastic-sintered-pa-membrane-filter-with-screw-connector\/","title":{"rendered":"Precio de f\u00e1brica de pl\u00e1stico poroso sinterizado PA filtro de membrana con conector de tornillo"},"content":{"rendered":"<div class=\"unit-detail-html-tabs__content-attr\">\n<div class=\"unit-product-attrparam\">\n<div class=\"unit-product-attrparam__items row\">\n<div class=\"col-12 col-md-6\">\n<div class=\"unit-product-attrparam__item\">\n<div class=\"unit-product-attrparam__label\">\n<table>\n<thead>\n<tr>\n<th>art\u00edculo<\/th>\n<th>detalles<\/th>\n<\/tr>\n<\/thead>\n<tbody>\n<tr>\n<td>capacidad de suministro<\/td>\n<td>1000000 unidades\/mes<\/td>\n<\/tr>\n<tr>\n<td>material<\/td>\n<td>pe<\/td>\n<\/tr>\n<tr>\n<td>disponibilidad<\/td>\n<td>oem<\/td>\n<\/tr>\n<\/tbody>\n<\/table>\n<\/div>\n<\/div>\n<\/div>\n<\/div>\n<\/div>\n<\/div>\n<div class=\"unit-detail-html-tabs__content-featuresAttr\"><\/div>\n<div class=\"unit-detail-html-tabs__content-html\">\n<p><strong>Precio de f\u00e1brica de pl\u00e1stico poroso sinterizado PA filtro de membrana con conector de tornillo<\/strong><\/p>\n<p><strong>Descripci\u00f3n del producto<\/strong><\/p>\n<p>El elemento filtrante sinterizado PA est\u00e1 hecho de polietileno de alta calidad molecular como materia prima principal y fibra de carbono a trav\u00e9s de la sinterizaci\u00f3n f\u00f3rmula cient\u00edfica. Estructura compacta, fuerte, peso ligero, puede soportar alta presi\u00f3n de filtraci\u00f3n, no t\u00f3xico e ins\u00edpido, y tiene buena resistencia a la corrosi\u00f3n a los disolventes \u00e1cidos y alcalinos.<\/p>\n<p>1. Caracter\u00edsticas del producto del elemento filtrante sinterizado microporoso de PA:<\/p>\n<p>1. Resistente a la corrosi\u00f3n de \u00e1cidos fuertes y \u00e1lcalis fuertes, y resistente a la disoluci\u00f3n de disolventes org\u00e1nicos;<\/p>\n<p>2. Su excelente solidez y resistencia al desgaste garantizan su vida \u00fatil;<\/p>\n<p>3. La superficie de la luz exterior dificulta la adherencia de impurezas;<\/p>\n<p>4. El lavado a contracorriente y el lavado a contracorriente son f\u00e1ciles de reutilizar;<\/p>\n<p>5. Buena tenacidad, el elemento filtrante no es f\u00e1cil de romper;<\/p>\n<p>6. Sin fen\u00f3meno de trilla, fuerte resistencia a la presi\u00f3n.<\/p>\n<p>&nbsp;<\/p>\n<p><strong>Especificaciones<\/strong><\/p>\n<p>Diameter: \u222e20\u222e25\u222e30\u222e35\u222e38\u222e45\u222e50\u222e60<\/p>\n<p>Tama\u00f1o del conector: M20-M22-M24-M26-M30<\/p>\n<p>Material de la junta: polipropileno, acero inoxidable 316<\/p>\n<p>Longitud: 5\u203310\u203320\u203330\u203340\u203360\u203380\u2033.<\/p>\n<p>Precisi\u00f3n de filtraci\u00f3n: 0,5um-100um<\/p>\n<p><strong>Condiciones de funcionamiento<\/strong><\/p>\n<p>0-40\u2103 diferencia de presi\u00f3n m\u00e1xima de funcionamiento 6bar<\/p>\n<p>60 \u2103 diferencia de presi\u00f3n m\u00e1xima de funcionamiento 5bar<\/p>\n<p>80\u2103 diferencia de presi\u00f3n m\u00e1xima de funcionamiento 4,5bar<\/p>\n<p>120\u2103 diferencia de presi\u00f3n m\u00e1xima de funcionamiento 4bar<\/p>\n<p>&nbsp;<\/p>\n<p><strong>M\u00e9todo de regeneraci\u00f3n de la varilla del filtro PA:<\/strong><\/p>\n<p>&nbsp;<\/p>\n<ul>\n<li>M\u00e9todo f\u00edsico: Dado que la varilla filtrante tiene buenas propiedades mec\u00e1nicas y no se rompe, se puede utilizar aire comprimido de 0,6Mpa para el soplado a contracorriente y la eliminaci\u00f3n de escoria. Back blowing tambi\u00e9n juega un papel en la regeneraci\u00f3n de los poros capilares, pero se acumula en la capa de filtro despu\u00e9s de su uso a largo plazo Las part\u00edculas finas afectar\u00e1n a la tasa de filtraci\u00f3n, y la regeneraci\u00f3n qu\u00edmica debe llevarse a cabo en este momento.\n<p>&nbsp;<\/li>\n<li>M\u00e9todo qu\u00edmico: Sumergir la varilla filtrante de PA obstruida en una soluci\u00f3n \u00e1cida o alcalina con una concentraci\u00f3n de 5%-10% para neutralizar los micromateriales obstruidos en la capa filtrante y, a continuaci\u00f3n, volver a enrollarla con agua o aire para limpiarla , El efecto filtrante de la varilla filtrante se puede restaurar.<\/li>\n<\/ul>\n<p><strong><br \/>\n<\/strong><\/p>\n<p><img decoding=\"async\" src=\"https:\/\/img.yfisher.com\/m6076\/1725732764rbg\/jpg70-t3-scale100.webp\" alt=\"Precio de f\u00e1brica de pl\u00e1stico poroso sinterizado PA filtro de membrana con conector de tornillo 6\" data-lazy=\"2\" title=\"\"><\/p>\n<\/div>","protected":false},"excerpt":{"rendered":"<table>\n<thead>\n<tr>\n<th>art\u00edculo<\/th>\n<th>detalles<\/th>\n<\/tr>\n<\/thead>\n<tbody>\n<tr>\n<td>puerto de inicio<\/td>\n<td>Guangzhou<\/td>\n<\/tr>\n<tr>\n<td>capacidad de producci\u00f3n<\/td>\n<td>10000 unidades\/Mes<\/td>\n<\/tr>\n<tr>\n<td>lugar de origen<\/td>\n<td>Guangdong, China<\/td>\n<\/tr>\n<tr>\n<td>pago<\/td>\n<td>D\/P, T\/T, Alibaba Trade Assurance, paypal<\/td>\n<\/tr>\n<tr>\n<td>moq<\/td>\n<td>1 unidad<\/td>\n<\/tr>\n<tr>\n<td>plazo de entrega<\/td>\n<td>En un plazo de 7 d\u00edas laborables<\/td>\n<\/tr>\n<tr>\n<td>certificaci\u00f3n<\/td>\n<td>ISO 9001<\/td>\n<\/tr>\n<tr>\n<td>marca<\/td>\n<td>OEM\/Lvyuan<\/td>\n<\/tr>\n<\/tbody>\n<\/table>","protected":false},"featured_media":2506,"comment_status":"open","ping_status":"closed","template":"","meta":{"_gspb_post_css":""},"product_brand":[],"product_cat":[24],"product_tag":[956,279,974,964,260,288],"class_list":{"0":"post-2499","1":"product","2":"type-product","3":"status-publish","4":"has-post-thumbnail","6":"product_cat-sintered-porous-plastic","7":"product_tag-1-piece-moq","8":"product_tag-alibaba-trade-assurance","9":"product_tag-dp-payment","10":"product_tag-guangdong-manufacturer","11":"product_tag-iso-9001","12":"product_tag-paypal","14":"first","15":"instock","16":"shipping-taxable","17":"product-type-simple"},"_links":{"self":[{"href":"https:\/\/lyfilter.com\/es\/wp-json\/wp\/v2\/product\/2499","targetHints":{"allow":["GET"]}}],"collection":[{"href":"https:\/\/lyfilter.com\/es\/wp-json\/wp\/v2\/product"}],"about":[{"href":"https:\/\/lyfilter.com\/es\/wp-json\/wp\/v2\/types\/product"}],"replies":[{"embeddable":true,"href":"https:\/\/lyfilter.com\/es\/wp-json\/wp\/v2\/comments?post=2499"}],"wp:featuredmedia":[{"embeddable":true,"href":"https:\/\/lyfilter.com\/es\/wp-json\/wp\/v2\/media\/2506"}],"wp:attachment":[{"href":"https:\/\/lyfilter.com\/es\/wp-json\/wp\/v2\/media?parent=2499"}],"wp:term":[{"taxonomy":"product_brand","embeddable":true,"href":"https:\/\/lyfilter.com\/es\/wp-json\/wp\/v2\/product_brand?post=2499"},{"taxonomy":"product_cat","embeddable":true,"href":"https:\/\/lyfilter.com\/es\/wp-json\/wp\/v2\/product_cat?post=2499"},{"taxonomy":"product_tag","embeddable":true,"href":"https:\/\/lyfilter.com\/es\/wp-json\/wp\/v2\/product_tag?post=2499"}],"curies":[{"name":"wp","href":"https:\/\/api.w.org\/{rel}","templated":true}]}}