{"id":2486,"date":"2026-01-07T03:21:09","date_gmt":"2026-01-07T03:21:09","guid":{"rendered":"https:\/\/lyfilter.com\/?post_type=product&#038;p=2486"},"modified":"2026-01-07T03:21:09","modified_gmt":"2026-01-07T03:21:09","slug":"factory-price-humidifier-bottle-filter-sintered-porous-pe-polyethylene-sparger-filter-for-gas-air-filters-diffuser-accessory","status":"publish","type":"product","link":"https:\/\/lyfilter.com\/es\/factory-price-humidifier-bottle-filter-sintered-porous-pe-polyethylene-sparger-filter-for-gas-air-filters-diffuser-accessory\/","title":{"rendered":"Precio de f\u00e1brica botella humidificador filtro sinterizado poroso PE polietileno Sparger filtro para filtros de aire de gas difusor accesorio"},"content":{"rendered":"<div class=\"unit-detail-html-tabs__content-attr\">\n<div class=\"unit-product-attrparam\">\n<div class=\"unit-product-attrparam__items row\">\n<div class=\"col-12 col-md-6\">\n<div class=\"unit-product-attrparam__item\">\n<div class=\"unit-product-attrparam__label\">\n<table>\n<thead>\n<tr>\n<th>art\u00edculo<\/th>\n<th>detalles<\/th>\n<\/tr>\n<\/thead>\n<tbody>\n<tr>\n<td>capacidad de suministro<\/td>\n<td>1000000 unidades\/mes<\/td>\n<\/tr>\n<tr>\n<td>material<\/td>\n<td>pe<\/td>\n<\/tr>\n<tr>\n<td>disponibilidad<\/td>\n<td>oem<\/td>\n<\/tr>\n<\/tbody>\n<\/table>\n<\/div>\n<\/div>\n<\/div>\n<\/div>\n<\/div>\n<\/div>\n<div class=\"unit-detail-html-tabs__content-featuresAttr\"><\/div>\n<div class=\"unit-detail-html-tabs__content-html\">\n<p>Los elementos filtrantes para botellas humidificadoras se utilizan ampliamente en botellas humidificadoras m\u00e9dicas, botellas humidificadoras y botellas de ox\u00edgeno. La selecci\u00f3n de materiales puros y la precisi\u00f3n de filtraci\u00f3n equilibrada del elemento filtrante Lvyuan pueden hacer que el ox\u00edgeno se divida en burbujas finas a trav\u00e9s del elemento filtrante de PE, aumentar el tiempo de contacto y el \u00e1rea con el l\u00edquido de humidificaci\u00f3n, y garantizar eficazmente que cuando el ox\u00edgeno pasa a trav\u00e9s, no importa la velocidad de flujo puede ser con la humedad El l\u00edquido qu\u00edmico alcanza la mayor \u00e1rea de contacto, a fin de lograr una humidificaci\u00f3n uniforme, est\u00e9ril y eficiente, y al mismo tiempo, tiene el efecto de reducci\u00f3n de ruido y reducci\u00f3n de ruido, haciendo que los pacientes se sientan m\u00e1s c\u00f3modos y a gusto.<\/p>\n<p><strong>Caracter\u00edsticas:<\/strong><\/p>\n<ul>\n<li>Cumplen los requisitos de caudal de varias botellas de humidificaci\u00f3n m\u00e9dica cuando pasa ox\u00edgeno;<\/li>\n<li>Excelente efecto de reducci\u00f3n del ruido;<\/li>\n<li>El tama\u00f1o y la estructura pueden ajustarse y personalizarse seg\u00fan el producto del cliente;<\/li>\n<li>Las materias primas son polietileno de peso molecular ultraalto de grado m\u00e9dico, higi\u00e9nico y seguro.<\/li>\n<\/ul>\n<p><img decoding=\"async\" src=\"https:\/\/img.yfisher.com\/m6076\/1725732759ob8\/jpg70-t3-scale100.webp\" alt=\"Precio de f\u00e1brica botella humidificador filtro sinterizado poroso PE polietileno Sparger filtro para filtros de aire de gas difusor accesorio 6\" data-lazy=\"2\" title=\"\"><\/p>\n<\/div>","protected":false},"excerpt":{"rendered":"<table>\n<thead>\n<tr>\n<th>art\u00edculo<\/th>\n<th>detalles<\/th>\n<\/tr>\n<\/thead>\n<tbody>\n<tr>\n<td>puerto de inicio<\/td>\n<td>Guangzhou<\/td>\n<\/tr>\n<tr>\n<td>capacidad de producci\u00f3n<\/td>\n<td>10000 unidades\/Mes<\/td>\n<\/tr>\n<tr>\n<td>lugar de origen<\/td>\n<td>Guangdong, China<\/td>\n<\/tr>\n<tr>\n<td>pago<\/td>\n<td>T\/T, Garant\u00eda Comercial Alibaba<\/td>\n<\/tr>\n<tr>\n<td>moq<\/td>\n<td>1 unidad<\/td>\n<\/tr>\n<tr>\n<td>plazo de entrega<\/td>\n<td>En un plazo de 7 d\u00edas laborables<\/td>\n<\/tr>\n<tr>\n<td>certificaci\u00f3n<\/td>\n<td>ISO 9001<\/td>\n<\/tr>\n<tr>\n<td>marca<\/td>\n<td>OEM\/Lvyuan<\/td>\n<\/tr>\n<\/tbody>\n<\/table>","protected":false},"featured_media":2494,"comment_status":"open","ping_status":"closed","template":"","meta":{"_gspb_post_css":""},"product_brand":[],"product_cat":[24,28,25],"product_tag":[956,279,964,260,968,965],"class_list":{"0":"post-2486","1":"product","2":"type-product","3":"status-publish","4":"has-post-thumbnail","6":"product_cat-sintered-porous-plastic","7":"product_cat-humidifier-bottle-filter","8":"product_cat-medical-filters","9":"product_tag-1-piece-moq","10":"product_tag-alibaba-trade-assurance","11":"product_tag-guangdong-manufacturer","12":"product_tag-iso-9001","13":"product_tag-oem-paper-tubes","14":"product_tag-paper-tubes","16":"first","17":"instock","18":"shipping-taxable","19":"product-type-simple"},"_links":{"self":[{"href":"https:\/\/lyfilter.com\/es\/wp-json\/wp\/v2\/product\/2486","targetHints":{"allow":["GET"]}}],"collection":[{"href":"https:\/\/lyfilter.com\/es\/wp-json\/wp\/v2\/product"}],"about":[{"href":"https:\/\/lyfilter.com\/es\/wp-json\/wp\/v2\/types\/product"}],"replies":[{"embeddable":true,"href":"https:\/\/lyfilter.com\/es\/wp-json\/wp\/v2\/comments?post=2486"}],"wp:featuredmedia":[{"embeddable":true,"href":"https:\/\/lyfilter.com\/es\/wp-json\/wp\/v2\/media\/2494"}],"wp:attachment":[{"href":"https:\/\/lyfilter.com\/es\/wp-json\/wp\/v2\/media?parent=2486"}],"wp:term":[{"taxonomy":"product_brand","embeddable":true,"href":"https:\/\/lyfilter.com\/es\/wp-json\/wp\/v2\/product_brand?post=2486"},{"taxonomy":"product_cat","embeddable":true,"href":"https:\/\/lyfilter.com\/es\/wp-json\/wp\/v2\/product_cat?post=2486"},{"taxonomy":"product_tag","embeddable":true,"href":"https:\/\/lyfilter.com\/es\/wp-json\/wp\/v2\/product_tag?post=2486"}],"curies":[{"name":"wp","href":"https:\/\/api.w.org\/{rel}","templated":true}]}}