{"id":2480,"date":"2026-01-07T03:14:14","date_gmt":"2026-01-07T03:14:14","guid":{"rendered":"https:\/\/lyfilter.com\/?post_type=product&#038;p=2480"},"modified":"2026-01-07T03:14:14","modified_gmt":"2026-01-07T03:14:14","slug":"factory-price-oem-porous-plastic-self-sealing-fitlers","status":"publish","type":"product","link":"https:\/\/lyfilter.com\/es\/factory-price-oem-porous-plastic-self-sealing-fitlers\/","title":{"rendered":"Precio de f\u00e1brica OEM pl\u00e1stico poroso autosellante Fitlers"},"content":{"rendered":"<div class=\"unit-detail-html-tabs__content-attr\">\n<div class=\"unit-product-attrparam\">\n<div class=\"unit-product-attrparam__items row\">\n<div class=\"col-12 col-md-6\">\n<div class=\"unit-product-attrparam__item\">\n<div class=\"unit-product-attrparam__label\">\n<table>\n<thead>\n<tr>\n<th>art\u00edculo<\/th>\n<th>detalles<\/th>\n<\/tr>\n<\/thead>\n<tbody>\n<tr>\n<td>capacidad de suministro<\/td>\n<td>1000000 unidades\/mes<\/td>\n<\/tr>\n<tr>\n<td>material<\/td>\n<td>pe<\/td>\n<\/tr>\n<tr>\n<td>disponibilidad<\/td>\n<td>oem<\/td>\n<\/tr>\n<\/tbody>\n<\/table>\n<\/div>\n<\/div>\n<\/div>\n<\/div>\n<\/div>\n<\/div>\n<div class=\"unit-detail-html-tabs__content-featuresAttr\"><\/div>\n<div class=\"unit-detail-html-tabs__content-html\">\n<p>El Filtro Sellador de Bolsas de Drenaje Desechables Lvyuan permite que el aire escape libremente a trav\u00e9s de la bolsa de recogida de residuos. Una vez en contacto con el l\u00edquido, el elemento filtrante producir\u00e1 un efecto de autosellado, impidiendo eficazmente que el l\u00edquido se desborde y evitando que el l\u00edquido contamine el instrumento y el medio ambiente. La v\u00e1lvula de retenci\u00f3n para bolsa de drenaje desechable se utiliza ampliamente en el sistema de tratamiento de l\u00edquidos residuales en el hospital.<\/p>\n<p><strong>Caracter\u00edsticas<\/strong><\/p>\n<ul>\n<li>Presi\u00f3n de trabajo &gt;50 kPa, equivalente a 5-10 m de columna de agua.<\/li>\n<li>Estrictas normas de pruebas de calidad, en consonancia con las normas m\u00e9dicas.<\/li>\n<\/ul>\n<div class=\"table-responsive\">\n<table>\n<tbody>\n<tr class=\"firstRow\">\n<td valign=\"top\" width=\"170\"><strong>N\u00ba de art\u00edculo.<\/strong><\/td>\n<td valign=\"top\" width=\"170\"><strong>Di\u00e1metro exterior<\/strong><\/td>\n<td valign=\"top\" width=\"170\"><strong>Di\u00e1metro interior<\/strong><\/td>\n<td valign=\"top\" width=\"170\"><strong>Altura<\/strong><\/td>\n<td valign=\"top\" width=\"170\"><strong>Di\u00e1metro de la copa<\/strong><\/td>\n<td valign=\"top\" width=\"170\"><strong>Altura de la copa<\/strong><\/td>\n<td valign=\"top\" width=\"170\"><strong>Paquete<\/strong><\/td>\n<\/tr>\n<tr>\n<td valign=\"top\" width=\"170\">LY160-245-X<\/td>\n<td valign=\"top\" width=\"170\">16 mm<\/td>\n<td valign=\"top\" width=\"170\">10 mm<\/td>\n<td valign=\"top\" width=\"170\">25 mm<\/td>\n<td valign=\"top\" width=\"170\">14,5 mm<\/td>\n<td valign=\"top\" width=\"170\">21 mm<\/td>\n<td valign=\"top\" width=\"170\">200pcs\/Caja<\/td>\n<\/tr>\n<tr>\n<td valign=\"top\" width=\"170\">LY198-300-X<\/td>\n<td valign=\"top\" width=\"170\">19 mm<\/td>\n<td valign=\"top\" width=\"170\">13 mm<\/td>\n<td valign=\"top\" width=\"170\">30 mm<\/td>\n<td valign=\"top\" width=\"170\">20 mm<\/td>\n<td valign=\"top\" width=\"170\">26 mm<\/td>\n<td valign=\"top\" width=\"170\">100pcs\/Caja<\/td>\n<\/tr>\n<tr>\n<td valign=\"top\" width=\"170\">LY252<\/td>\n<td valign=\"top\" width=\"170\">16 mm<\/td>\n<td valign=\"top\" width=\"170\">13 mm<\/td>\n<td valign=\"top\" width=\"170\">25 mm<\/td>\n<td valign=\"top\" width=\"170\">18 mm<\/td>\n<td valign=\"top\" width=\"170\">21 mm<\/td>\n<td valign=\"top\" width=\"170\">100pcs\/Caja<\/td>\n<\/tr>\n<tr>\n<td valign=\"top\" width=\"170\">LY276<\/td>\n<td valign=\"top\" width=\"170\">16 mm<\/td>\n<td valign=\"top\" width=\"170\">10 mm<\/td>\n<td valign=\"top\" width=\"170\">25 mm<\/td>\n<td valign=\"top\" width=\"170\">14 mm<\/td>\n<td valign=\"top\" width=\"170\">21 mm<\/td>\n<td valign=\"top\" width=\"170\">100pcs\/Caja<\/td>\n<\/tr>\n<\/tbody>\n<\/table>\n<\/div>\n<p><img decoding=\"async\" src=\"https:\/\/img.yfisher.com\/m6076\/1725732757ler\/jpg70-t3-scale100.webp\" alt=\"Precio de f\u00e1brica OEM pl\u00e1stico poroso autosellante Fitlers 6\" data-lazy=\"2\" title=\"\"><\/p>\n<\/div>","protected":false},"excerpt":{"rendered":"<p>item details supply ability 1000000 pc\/month material pe availability oem The Lvyuan Disposable Drainage Bag Sealing Filter Filter allows air to escape freely through the waste collection bag. Once in contact with the liquid, the\u00a0filter element\u00a0will produce a self-sealing effect, effectively preventing the liquid from overflowing and preventing the liquid from polluting the instrument and [&hellip;]<\/p>\n","protected":false},"featured_media":2487,"comment_status":"open","ping_status":"closed","template":"","meta":{"_gspb_post_css":""},"product_brand":[],"product_cat":[24,25,27],"product_tag":[],"class_list":{"0":"post-2480","1":"product","2":"type-product","3":"status-publish","4":"has-post-thumbnail","6":"product_cat-sintered-porous-plastic","7":"product_cat-medical-filters","8":"product_cat-self-sealing-filter","10":"first","11":"instock","12":"shipping-taxable","13":"product-type-simple"},"_links":{"self":[{"href":"https:\/\/lyfilter.com\/es\/wp-json\/wp\/v2\/product\/2480","targetHints":{"allow":["GET"]}}],"collection":[{"href":"https:\/\/lyfilter.com\/es\/wp-json\/wp\/v2\/product"}],"about":[{"href":"https:\/\/lyfilter.com\/es\/wp-json\/wp\/v2\/types\/product"}],"replies":[{"embeddable":true,"href":"https:\/\/lyfilter.com\/es\/wp-json\/wp\/v2\/comments?post=2480"}],"wp:featuredmedia":[{"embeddable":true,"href":"https:\/\/lyfilter.com\/es\/wp-json\/wp\/v2\/media\/2487"}],"wp:attachment":[{"href":"https:\/\/lyfilter.com\/es\/wp-json\/wp\/v2\/media?parent=2480"}],"wp:term":[{"taxonomy":"product_brand","embeddable":true,"href":"https:\/\/lyfilter.com\/es\/wp-json\/wp\/v2\/product_brand?post=2480"},{"taxonomy":"product_cat","embeddable":true,"href":"https:\/\/lyfilter.com\/es\/wp-json\/wp\/v2\/product_cat?post=2480"},{"taxonomy":"product_tag","embeddable":true,"href":"https:\/\/lyfilter.com\/es\/wp-json\/wp\/v2\/product_tag?post=2480"}],"curies":[{"name":"wp","href":"https:\/\/api.w.org\/{rel}","templated":true}]}}