{"id":2468,"date":"2026-01-07T03:06:51","date_gmt":"2026-01-07T03:06:51","guid":{"rendered":"https:\/\/lyfilter.com\/?post_type=product&#038;p=2468"},"modified":"2026-01-07T03:06:51","modified_gmt":"2026-01-07T03:06:51","slug":"factory-price-vacuum-feeding-pe-filter-element","status":"publish","type":"product","link":"https:\/\/lyfilter.com\/es\/factory-price-vacuum-feeding-pe-filter-element\/","title":{"rendered":"Precio de f\u00e1brica de alimentaci\u00f3n al vac\u00edo PE elemento filtrante"},"content":{"rendered":"<div class=\"unit-detail-html-tabs__content-attr\">\n<div class=\"unit-product-attrparam\">\n<div class=\"unit-product-attrparam__items row\">\n<div class=\"col-12 col-md-6\">\n<div class=\"unit-product-attrparam__item\">\n<div class=\"unit-product-attrparam__label\">\n<table>\n<thead>\n<tr>\n<th>art\u00edculo<\/th>\n<th>detalles<\/th>\n<\/tr>\n<\/thead>\n<tbody>\n<tr>\n<td>capacidad de suministro<\/td>\n<td>1000000 unidades\/mes<\/td>\n<\/tr>\n<tr>\n<td>material<\/td>\n<td>pe<\/td>\n<\/tr>\n<tr>\n<td>disponibilidad<\/td>\n<td>oem<\/td>\n<\/tr>\n<\/tbody>\n<\/table>\n<\/div>\n<\/div>\n<\/div>\n<\/div>\n<\/div>\n<\/div>\n<div class=\"unit-detail-html-tabs__content-featuresAttr\"><\/div>\n<div class=\"unit-detail-html-tabs__content-html\">\n<p>Las caracter\u00edsticas del elemento filtrante de PE de alimentaci\u00f3n por vac\u00edo: distribuci\u00f3n uniforme del tama\u00f1o de los poros, fuerte resistencia a \u00e1cidos y \u00e1lcalis, buenas propiedades mec\u00e1nicas, fuerte resistencia a la erosi\u00f3n por disolventes org\u00e1nicos, se puede utilizar el m\u00e9todo de deslagado de retroceso autom\u00e1tico o manual, las part\u00edculas s\u00f3lidas se pueden recuperar por descarga de escoria seca, no es necesario sustituir el elemento filtrante con frecuencia, funcionamiento autom\u00e1tico, bajo coste de filtraci\u00f3n, etc., son bien recibidas por los usuarios, y se pueden personalizar tama\u00f1os no est\u00e1ndar. Par\u00e1metros del elemento filtrante sinterizado PE del alimentador de vac\u00edo: Rango de precisi\u00f3n: 0.2-140um, Rango de longitud: 120mm-200mm-300mm-400mm-500mm-600mm Di\u00e1metros comunes: \u03a620mm \u03a630\u03a638 \u03a640 \u03a650\u03a660 \u03a665\u03a670 Especificaci\u00f3n del conector de rosca: M20-M22-M26-M30 Tuerca: tuerca simple o doble.<\/p>\n<p>&nbsp;<\/p>\n<div class=\"table-responsive\">\n<table data-sort=\"sortDisabled\">\n<tbody>\n<tr class=\"firstRow\">\n<td valign=\"top\" width=\"288\">Di\u00e1metro exterior\/interior \uff08mm\uff09<\/td>\n<td valign=\"top\" width=\"288\">Longitud<\/td>\n<td valign=\"top\" width=\"288\">Apertura\uff08mm\uff09<\/td>\n<td valign=\"top\" width=\"288\">Observaciones<\/td>\n<\/tr>\n<tr>\n<td valign=\"top\" width=\"288\">50\/35<\/td>\n<td valign=\"top\" width=\"288\">120<\/td>\n<td valign=\"top\" width=\"288\">0.5-10<\/td>\n<td colspan=\"1\" rowspan=\"6\" valign=\"top\" width=\"288\">Junta de material de polipropileno M26, varilla central de acero inoxidable 304 que refuerza y fija 2 tapas de extremo, opciones de tuercas simples y dobles y juntas t\u00f3ricas simples y dobles, precisi\u00f3n convencional de 5 micras.<\/td>\n<\/tr>\n<tr>\n<td valign=\"top\" width=\"288\">50\/35<\/td>\n<td valign=\"top\" width=\"288\">200<\/td>\n<td valign=\"top\" width=\"288\">0.5-10<\/td>\n<\/tr>\n<tr>\n<td valign=\"top\" width=\"288\">50\/35<\/td>\n<td valign=\"top\" width=\"288\">300<\/td>\n<td valign=\"top\" width=\"288\">0.5-10<\/td>\n<\/tr>\n<tr>\n<td valign=\"top\" width=\"288\">50\/35<\/td>\n<td valign=\"top\" width=\"288\">400<\/td>\n<td valign=\"top\" width=\"288\">0.5-10<\/td>\n<\/tr>\n<tr>\n<td valign=\"top\" width=\"288\">50\/35<\/td>\n<td valign=\"top\" width=\"288\">500<\/td>\n<td valign=\"top\" width=\"288\">0.5-10<\/td>\n<\/tr>\n<tr>\n<td valign=\"top\" width=\"288\">50\/35<\/td>\n<td valign=\"top\" width=\"288\">600<\/td>\n<td valign=\"top\" width=\"288\">0.5-10<\/td>\n<\/tr>\n<tr>\n<td valign=\"top\" width=\"288\">60\/35<\/td>\n<td valign=\"top\" width=\"288\">300<\/td>\n<td valign=\"top\" width=\"288\">0.5-10<\/td>\n<td colspan=\"1\" rowspan=\"3\" valign=\"top\" width=\"288\">\nRacor de polipropileno M30, doble tuerca m\u00e1s 1 arandela.<\/td>\n<\/tr>\n<tr>\n<td valign=\"top\" width=\"288\">60\/35<\/td>\n<td valign=\"top\" width=\"288\">400<\/td>\n<td valign=\"top\" width=\"288\">0.5-10<\/td>\n<\/tr>\n<tr>\n<td valign=\"top\" width=\"288\">60\/35<\/td>\n<td valign=\"top\" width=\"288\">500<\/td>\n<td valign=\"top\" width=\"288\">0.5-10<\/td>\n<\/tr>\n<\/tbody>\n<\/table>\n<\/div>\n<div class=\"table-responsive\">\n<table>\n<tbody>\n<tr class=\"firstRow\">\n<td valign=\"top\" width=\"226\">N\u00ba de modelo.<\/td>\n<td valign=\"top\" width=\"219\">Secci\u00f3n transversal efectiva mm3<\/td>\n<td valign=\"top\" width=\"202\">Conductancia s\u00f3nica (dm3\/s.bar)<\/td>\n<td valign=\"top\" width=\"157\">Caudal recomendado<\/td>\n<td valign=\"top\" width=\"226\">Calidad g<\/td>\n<\/tr>\n<tr>\n<td valign=\"top\" width=\"226\">AN05-M5<\/td>\n<td valign=\"top\" width=\"239\">5<\/td>\n<td valign=\"top\" width=\"222\">1<\/td>\n<td valign=\"top\" width=\"157\">por debajo de 0,4<\/td>\n<td valign=\"top\" width=\"226\">0.5<\/td>\n<\/tr>\n<tr>\n<td valign=\"top\" width=\"226\">AN10-01<\/td>\n<td valign=\"top\" width=\"239\">10<\/td>\n<td valign=\"top\" width=\"222\">2<\/td>\n<td valign=\"top\" width=\"157\">por debajo de 0,8<\/td>\n<td valign=\"top\" width=\"226\">1<\/td>\n<\/tr>\n<tr>\n<td valign=\"top\" width=\"226\">AN10-02<\/td>\n<td valign=\"top\" width=\"239\">15<\/td>\n<td valign=\"top\" width=\"222\">3<\/td>\n<td valign=\"top\" width=\"157\">por debajo de 1,0<\/td>\n<td valign=\"top\" width=\"226\">2.5<\/td>\n<\/tr>\n<tr>\n<td valign=\"top\" width=\"226\">AN10-02<\/td>\n<td valign=\"top\" width=\"239\">35<\/td>\n<td valign=\"top\" width=\"222\">7<\/td>\n<td valign=\"top\" width=\"157\">inferior a 3,0<\/td>\n<td valign=\"top\" width=\"226\">4<\/td>\n<\/tr>\n<tr>\n<td valign=\"top\" width=\"226\">AN10-03<\/td>\n<td valign=\"top\" width=\"239\">60<\/td>\n<td valign=\"top\" width=\"222\">12<\/td>\n<td valign=\"top\" width=\"157\">por debajo de 5,0<\/td>\n<td valign=\"top\" width=\"226\">5.5<\/td>\n<\/tr>\n<tr>\n<td valign=\"top\" width=\"226\">AN10-04<\/td>\n<td valign=\"top\" width=\"239\">90<\/td>\n<td valign=\"top\" width=\"222\">18<\/td>\n<td valign=\"top\" width=\"157\">por debajo de 8,0<\/td>\n<td valign=\"top\" width=\"226\">8.5<\/td>\n<\/tr>\n<\/tbody>\n<\/table>\n<\/div>\n<p><img decoding=\"async\" src=\"https:\/\/img.yfisher.com\/m6076\/1725732751nol\/jpg70-t3-scale100.webp\" alt=\"Precio de f\u00e1brica de alimentaci\u00f3n al vac\u00edo PE elemento filtrante 6\" data-lazy=\"2\" title=\"\"><\/p>\n<div class=\"table-responsive\">\n<table data-sort=\"sortDisabled\">\n<tbody>\n<tr class=\"firstRow\">\n<td colspan=\"5\" rowspan=\"1\" align=\"center\" valign=\"top\"><strong>Tabla comparativa de roscas<\/strong><\/td>\n<\/tr>\n<tr>\n<td valign=\"top\" width=\"226\">N\u00ba de art\u00edculo.<\/td>\n<td valign=\"top\" width=\"226\">\u00a0Medici\u00f3n brit\u00e1nica<\/td>\n<td valign=\"top\" width=\"226\">Indicaci\u00f3n est\u00e1ndar<\/td>\n<td valign=\"top\" width=\"226\">Di\u00e1metro de la rosca exterior mm<\/td>\n<td valign=\"top\" width=\"226\">Di\u00e1metro de la rosca interior<\/td>\n<\/tr>\n<tr>\n<td valign=\"top\" width=\"226\">PSL-01<\/td>\n<td valign=\"top\" width=\"226\">G1\/8<\/td>\n<td valign=\"top\" width=\"226\">DN6<\/td>\n<td valign=\"top\" width=\"226\">9.5\u00b10.2<\/td>\n<td valign=\"top\" width=\"226\">8.8\u00b10.3<\/td>\n<\/tr>\n<tr>\n<td valign=\"top\" width=\"226\">PSL-02<\/td>\n<td valign=\"top\" width=\"226\">G1\/4<\/td>\n<td valign=\"top\" width=\"226\">DN8<\/td>\n<td valign=\"top\" width=\"226\">12.5\u00b10.3<\/td>\n<td valign=\"top\" width=\"226\">11.5\u00b10.3<\/td>\n<\/tr>\n<tr>\n<td valign=\"top\" width=\"226\">PSL-03<\/td>\n<td valign=\"top\" width=\"226\">G3\/8<\/td>\n<td valign=\"top\" width=\"226\">DN10<\/td>\n<td valign=\"top\" width=\"226\">16.2\u00b10.3<\/td>\n<td valign=\"top\" width=\"226\">15.3\u00b10.3<\/td>\n<\/tr>\n<tr>\n<td valign=\"top\" width=\"226\">PSL-04<\/td>\n<td valign=\"top\" width=\"226\">G1\/2<\/td>\n<td valign=\"top\" width=\"226\">DN15<\/td>\n<td valign=\"top\" width=\"226\">20.3\u00b10.3<\/td>\n<td valign=\"top\" width=\"226\">19.5\u00b10.3<\/td>\n<\/tr>\n<tr>\n<td valign=\"top\" width=\"226\">PSL-06<\/td>\n<td valign=\"top\" width=\"226\">G3\/4<\/td>\n<td valign=\"top\" width=\"226\">DN20<\/td>\n<td valign=\"top\" width=\"226\">25.\u00b10.3<\/td>\n<td valign=\"top\" width=\"226\">24.0\u00b10.3<\/td>\n<\/tr>\n<tr>\n<td valign=\"top\" width=\"226\">PSL-10<\/td>\n<td valign=\"top\" width=\"226\">G1<\/td>\n<td valign=\"top\" width=\"226\">DN25<\/td>\n<td valign=\"top\" width=\"226\">32.5\u00b10.3<\/td>\n<td valign=\"top\" width=\"226\">30.5\u00b10.3<\/td>\n<\/tr>\n<\/tbody>\n<\/table>\n<\/div>\n<p>&nbsp;<\/p>\n<div class=\"table-responsive\">\n<table data-sort=\"sortDisabled\">\n<tbody>\n<tr class=\"firstRow\">\n<td colspan=\"2\" rowspan=\"1\" align=\"center\" valign=\"top\"><strong>Especificaci\u00f3n del hilo<\/strong><\/td>\n<\/tr>\n<tr>\n<td valign=\"top\">1\u5206<\/td>\n<td valign=\"top\">1\/8<\/td>\n<\/tr>\n<tr>\n<td valign=\"top\">2\u5206<\/td>\n<td valign=\"top\">1\/4<\/td>\n<\/tr>\n<tr>\n<td valign=\"top\">3\u5206<\/td>\n<td valign=\"top\">3\/8<\/td>\n<\/tr>\n<tr>\n<td valign=\"top\">4\u5206<\/td>\n<td valign=\"top\">1\/2<\/td>\n<\/tr>\n<tr>\n<td valign=\"top\">6\u5206<\/td>\n<td valign=\"top\">3\/4<\/td>\n<\/tr>\n<tr>\n<td valign=\"top\">1\u5bf8<\/td>\n<td valign=\"top\">G1<\/td>\n<\/tr>\n<\/tbody>\n<\/table>\n<\/div>\n<p>&nbsp;<\/p>\n<p><img decoding=\"async\" src=\"https:\/\/img.yfisher.com\/m6076\/1725732751v30\/jpg70-t3-scale100.webp\" alt=\"Precio de f\u00e1brica de alimentaci\u00f3n al vac\u00edo PE elemento filtrante 7\" data-lazy=\"2\" title=\"\"><\/p>\n<\/div>","protected":false},"excerpt":{"rendered":"<table>\n<thead>\n<tr>\n<th>art\u00edculo<\/th>\n<th>detalles<\/th>\n<\/tr>\n<\/thead>\n<tbody>\n<tr>\n<td>puerto de inicio<\/td>\n<td>Guangzhou<\/td>\n<\/tr>\n<tr>\n<td>capacidad de producci\u00f3n<\/td>\n<td>10000 unidades\/mes<\/td>\n<\/tr>\n<tr>\n<td>lugar de origen<\/td>\n<td>Guangdong, China<\/td>\n<\/tr>\n<tr>\n<td>pago<\/td>\n<td>T\/T, Alibaba Trade Assurance, paypal<\/td>\n<\/tr>\n<tr>\n<td>moq<\/td>\n<td>1 unidad<\/td>\n<\/tr>\n<tr>\n<td>plazo de entrega<\/td>\n<td>en un plazo de 7 d\u00edas laborables<\/td>\n<\/tr>\n<tr>\n<td>certificaci\u00f3n<\/td>\n<td>ISO 9001<\/td>\n<\/tr>\n<tr>\n<td>marca<\/td>\n<td>OEM\/Lvyuan<\/td>\n<\/tr>\n<\/tbody>\n<\/table>","protected":false},"featured_media":2475,"comment_status":"open","ping_status":"closed","template":"","meta":{"_gspb_post_css":""},"product_brand":[],"product_cat":[24],"product_tag":[956,279,964,260,968,965],"class_list":{"0":"post-2468","1":"product","2":"type-product","3":"status-publish","4":"has-post-thumbnail","6":"product_cat-sintered-porous-plastic","7":"product_tag-1-piece-moq","8":"product_tag-alibaba-trade-assurance","9":"product_tag-guangdong-manufacturer","10":"product_tag-iso-9001","11":"product_tag-oem-paper-tubes","12":"product_tag-paper-tubes","14":"first","15":"instock","16":"shipping-taxable","17":"product-type-simple"},"_links":{"self":[{"href":"https:\/\/lyfilter.com\/es\/wp-json\/wp\/v2\/product\/2468","targetHints":{"allow":["GET"]}}],"collection":[{"href":"https:\/\/lyfilter.com\/es\/wp-json\/wp\/v2\/product"}],"about":[{"href":"https:\/\/lyfilter.com\/es\/wp-json\/wp\/v2\/types\/product"}],"replies":[{"embeddable":true,"href":"https:\/\/lyfilter.com\/es\/wp-json\/wp\/v2\/comments?post=2468"}],"wp:featuredmedia":[{"embeddable":true,"href":"https:\/\/lyfilter.com\/es\/wp-json\/wp\/v2\/media\/2475"}],"wp:attachment":[{"href":"https:\/\/lyfilter.com\/es\/wp-json\/wp\/v2\/media?parent=2468"}],"wp:term":[{"taxonomy":"product_brand","embeddable":true,"href":"https:\/\/lyfilter.com\/es\/wp-json\/wp\/v2\/product_brand?post=2468"},{"taxonomy":"product_cat","embeddable":true,"href":"https:\/\/lyfilter.com\/es\/wp-json\/wp\/v2\/product_cat?post=2468"},{"taxonomy":"product_tag","embeddable":true,"href":"https:\/\/lyfilter.com\/es\/wp-json\/wp\/v2\/product_tag?post=2468"}],"curies":[{"name":"wp","href":"https:\/\/api.w.org\/{rel}","templated":true}]}}