{"id":2449,"date":"2026-01-07T02:53:49","date_gmt":"2026-01-07T02:53:49","guid":{"rendered":"https:\/\/lyfilter.com\/?post_type=product&#038;p=2449"},"modified":"2026-01-07T02:53:49","modified_gmt":"2026-01-07T02:53:49","slug":"pneumatic-components1-8-1-4-3-8-1-2-3-4-bsp-male-thread-plastic-silencer-pneumatic-black-blue-air-quick-exhaust-muffler","status":"publish","type":"product","link":"https:\/\/lyfilter.com\/es\/pneumatic-components1-8-1-4-3-8-1-2-3-4-bsp-male-thread-plastic-silencer-pneumatic-black-blue-air-quick-exhaust-muffler\/","title":{"rendered":"Componentes neum\u00e1ticos1\/8 1\/4 3\/8 1\/2 3\/4 BSP rosca macho Silenciador de pl\u00e1stico Neum\u00e1tico Negro azul Aire Escape r\u00e1pido Silenciador"},"content":{"rendered":"<div class=\"unit-detail-html-tabs__content-attr\">\n<div class=\"unit-product-attrparam\">\n<div class=\"unit-product-attrparam__items row\">\n<div class=\"col-12 col-md-6\">\n<div class=\"unit-product-attrparam__item\">\n<div class=\"unit-product-attrparam__label\">\n<table>\n<thead>\n<tr>\n<th>art\u00edculo<\/th>\n<th>detalles<\/th>\n<\/tr>\n<\/thead>\n<tbody>\n<tr>\n<td>capacidad de suministro<\/td>\n<td>1000000 unidades\/mes<\/td>\n<\/tr>\n<tr>\n<td>material<\/td>\n<td>pe<\/td>\n<\/tr>\n<tr>\n<td>disponibilidad<\/td>\n<td>oem<\/td>\n<\/tr>\n<\/tbody>\n<\/table>\n<\/div>\n<\/div>\n<\/div>\n<\/div>\n<\/div>\n<\/div>\n<div class=\"unit-detail-html-tabs__content-featuresAttr\"><\/div>\n<div class=\"unit-detail-html-tabs__content-html\">\n<p><strong>Componentes neum\u00e1ticos1\/8 1\/4 3\/8 1\/2 3\/4 BSP rosca macho Silenciador de pl\u00e1stico Neum\u00e1tico Negro azul Aire Escape r\u00e1pido Silenciador<\/strong><\/p>\n<p>Descripci\u00f3n del producto:<\/p>\n<p>1. Prop\u00f3sito del silenciador El silenciador, tambi\u00e9n conocido como el silenciador, es un producto que absorbe el sonido y reduce el ruido que se utiliza ampliamente. El silenciador es tambi\u00e9n un producto que no s\u00f3lo puede pasar el flujo de aire, sino tambi\u00e9n reducir el ruido. El silenciador se utiliza ampliamente en varios silenciadores de emisi\u00f3n de vapor de calderas en los sectores de energ\u00eda el\u00e9ctrica, petroqu\u00edmica, metal\u00fargica y otros sectores industriales.<\/p>\n<p>2. Antecedentes de aplicaci\u00f3n En el proceso de producci\u00f3n industrial moderna y el uso de equipos, el silenciador puede reducir eficazmente el ruido de los equipos neum\u00e1ticos, y puede proporcionar el mejor equilibrio entre la reducci\u00f3n del ruido y una contrapresi\u00f3n aceptable en el sistema neum\u00e1tico. En general, los silenciadores est\u00e1n disponibles en una amplia gama de tama\u00f1os para adaptarse a la mayor\u00eda de las v\u00e1lvulas est\u00e1ndar, y disponen de robustas roscas integradas para garantizar un f\u00e1cil montaje en los equipos neum\u00e1ticos.<\/p>\n<ul>\n<li>Alta porosidad para garantizar un mayor flujo por unidad de superficie;<\/li>\n<li>Superficie exterior lisa, las impurezas no se adhieren f\u00e1cilmente, el lavado posterior es f\u00e1cil y minucioso;<\/li>\n<li>Capacidad antiincrustante: el peque\u00f1o tama\u00f1o del filtro impide que las impurezas queden retenidas en el cuerpo del filtro;<\/li>\n<li>4. Resistencia a \u00e1cidos fuertes, corrosi\u00f3n alcalina, resistencia a disolventes org\u00e1nicos; 5. Excelentes propiedades mec\u00e1nicas; 6. No desprende part\u00edculas. 7. Amplia gama de productos y amplio \u00e1mbito de aplicaci\u00f3n<\/li>\n<\/ul>\n<p><strong>Especificaciones:\u00a0<\/strong><\/p>\n<p>1\/8 longitud es de unos 37mm, hilo directamente: 9.5-10mm, di\u00e1metro del agujero interior 6mm.<\/p>\n<p>1\/4 de longitud del cuerpo peque\u00f1o es de unos 41 mm, di\u00e1metro de la rosca: 12-12,5 mm, di\u00e1metro del orificio interior 8 mm.<\/p>\n<p>1\/4 La longitud general es de unos 63 mm, di\u00e1metro de la rosca: 12-12,5 mm, di\u00e1metro del orificio interior 8 mm.<\/p>\n<p>3\/8 de longitud es de aproximadamente 82 mm, di\u00e1metro de la rosca: 16-16,2 mm, di\u00e1metro del orificio interior: 10 mm.<\/p>\n<p>1\/2 longitud es de unos 91 mm, di\u00e1metro de la rosca: 20-20,3 mm, di\u00e1metro del orificio interior 12 mm.<\/p>\n<p><img decoding=\"async\" src=\"https:\/\/img.yfisher.com\/m6076\/1725732744cbe\/jpg70-t3-scale100.webp\" alt=\"Componentes neum\u00e1ticos1\/8 1\/4 3\/8 1\/2 3\/4 BSP Rosca macho Silenciador de pl\u00e1stico Neum\u00e1tico Negro azul Aire Escape r\u00e1pido Silenciador 6\" data-lazy=\"2\" title=\"\"><\/p>\n<\/div>","protected":false},"excerpt":{"rendered":"<table>\n<thead>\n<tr>\n<th>art\u00edculo<\/th>\n<th>detalles<\/th>\n<\/tr>\n<\/thead>\n<tbody>\n<tr>\n<td>puerto de inicio<\/td>\n<td>Guangzhou<\/td>\n<\/tr>\n<tr>\n<td>capacidad de producci\u00f3n<\/td>\n<td>10000 unidades\/mes<\/td>\n<\/tr>\n<tr>\n<td>pago<\/td>\n<td>T\/T, Alibaba Trade Assurance, paypal, OA<\/td>\n<\/tr>\n<tr>\n<td>moq<\/td>\n<td>1 unidad<\/td>\n<\/tr>\n<tr>\n<td>plazo de entrega<\/td>\n<td>en un plazo de 7 d\u00edas laborables<\/td>\n<\/tr>\n<tr>\n<td>certificaci\u00f3n<\/td>\n<td>ISO 9001<\/td>\n<\/tr>\n<tr>\n<td>marca<\/td>\n<td>OEM\/Lvyuan<\/td>\n<\/tr>\n<\/tbody>\n<\/table>","protected":false},"featured_media":2457,"comment_status":"open","ping_status":"closed","template":"","meta":{"_gspb_post_css":""},"product_brand":[],"product_cat":[24,26],"product_tag":[956,279,262,260,955,965],"class_list":{"0":"post-2449","1":"product","2":"type-product","3":"status-publish","4":"has-post-thumbnail","6":"product_cat-sintered-porous-plastic","7":"product_cat-plastic-silencer","8":"product_tag-1-piece-moq","9":"product_tag-alibaba-trade-assurance","10":"product_tag-guangzhou-port","11":"product_tag-iso-9001","12":"product_tag-oem-packaging","13":"product_tag-paper-tubes","15":"first","16":"instock","17":"shipping-taxable","18":"product-type-simple"},"_links":{"self":[{"href":"https:\/\/lyfilter.com\/es\/wp-json\/wp\/v2\/product\/2449","targetHints":{"allow":["GET"]}}],"collection":[{"href":"https:\/\/lyfilter.com\/es\/wp-json\/wp\/v2\/product"}],"about":[{"href":"https:\/\/lyfilter.com\/es\/wp-json\/wp\/v2\/types\/product"}],"replies":[{"embeddable":true,"href":"https:\/\/lyfilter.com\/es\/wp-json\/wp\/v2\/comments?post=2449"}],"wp:featuredmedia":[{"embeddable":true,"href":"https:\/\/lyfilter.com\/es\/wp-json\/wp\/v2\/media\/2457"}],"wp:attachment":[{"href":"https:\/\/lyfilter.com\/es\/wp-json\/wp\/v2\/media?parent=2449"}],"wp:term":[{"taxonomy":"product_brand","embeddable":true,"href":"https:\/\/lyfilter.com\/es\/wp-json\/wp\/v2\/product_brand?post=2449"},{"taxonomy":"product_cat","embeddable":true,"href":"https:\/\/lyfilter.com\/es\/wp-json\/wp\/v2\/product_cat?post=2449"},{"taxonomy":"product_tag","embeddable":true,"href":"https:\/\/lyfilter.com\/es\/wp-json\/wp\/v2\/product_tag?post=2449"}],"curies":[{"name":"wp","href":"https:\/\/api.w.org\/{rel}","templated":true}]}}