{"id":2444,"date":"2026-01-07T02:50:46","date_gmt":"2026-01-07T02:50:46","guid":{"rendered":"https:\/\/lyfilter.com\/?post_type=product&#038;p=2444"},"modified":"2026-01-07T02:50:46","modified_gmt":"2026-01-07T02:50:46","slug":"factory-oem-sintered-porous-polyethylene-pe-filter-for-filtered-pipette-tips","status":"publish","type":"product","link":"https:\/\/lyfilter.com\/es\/factory-oem-sintered-porous-polyethylene-pe-filter-for-filtered-pipette-tips\/","title":{"rendered":"F\u00e1brica OEM sinterizado polietileno poroso pe filtro para puntas de pipeta filtrada"},"content":{"rendered":"<div class=\"unit-detail-html-tabs__content-attr\">\n<div class=\"unit-product-attrparam\">\n<div class=\"unit-product-attrparam__items row\">\n<div class=\"col-12 col-md-6\">\n<div class=\"unit-product-attrparam__item\">\n<div class=\"unit-product-attrparam__label\">\n<table>\n<thead>\n<tr>\n<th>art\u00edculo<\/th>\n<th>detalles<\/th>\n<\/tr>\n<\/thead>\n<tbody>\n<tr>\n<td>capacidad de suministro<\/td>\n<td>1000000 unidades\/mes<\/td>\n<\/tr>\n<tr>\n<td>material<\/td>\n<td>pe<\/td>\n<\/tr>\n<tr>\n<td>disponibilidad<\/td>\n<td>oem<\/td>\n<\/tr>\n<\/tbody>\n<\/table>\n<\/div>\n<\/div>\n<\/div>\n<\/div>\n<\/div>\n<\/div>\n<div class=\"unit-detail-html-tabs__content-featuresAttr\"><\/div>\n<div class=\"unit-detail-html-tabs__content-html\">\n<p><strong>F\u00e1brica OEM sinterizado polietileno poroso pe filtro para puntas de pipeta filtrada<\/strong><\/p>\n<p>El filtro de pipeta tambi\u00e9n se denomina (filtro de punta, filtro de pipeta, filtro de pipeta, etc.), que est\u00e1 hecho de polietileno de peso molecular ultra alto de grado m\u00e9dico y procesado por un proceso \u00fanico, que es hidr\u00f3fobo. El filtro hidr\u00f3fobo crea una fuerte barrera contra aerosoles y l\u00edquidos, eliminando la posible contaminaci\u00f3n cruzada de la muestra y la pipeta que podr\u00eda afectar a los resultados.<\/p>\n<p>El elemento filtrante de la pipeta se procesa a alta temperatura, se produce y se envasa en un taller limpio, y cada proceso garantiza la ausencia de contaminaci\u00f3n.<\/p>\n<p>El elemento filtrante sinterizado PE de pipeta integra a\u00f1os de experiencia en producci\u00f3n de Guangzhou Filter Source Company. Se procesa con moldes de precisi\u00f3n sin rebabas \/ rebabas. El elemento filtrante tiene una elasticidad moderada y se ajusta perfectamente al di\u00e1metro interior de la punta para satisfacer sus requisitos de apariencia m\u00e1s exigentes. Los elementos filtrantes sinterizados de PE para pipetas est\u00e1n disponibles en docenas de especificaciones para satisfacer sus necesidades de dise\u00f1o de productos diferenciados.<\/p>\n<p><strong>Barrera perfecta contra los aerosoles<\/strong><\/p>\n<p>El elemento filtrante Lvyuan para cabezal de aspiraci\u00f3n est\u00e1 fabricado con polietileno puro de peso molecular ultra alto y procesado mediante un proceso \u00fanico, que es hidr\u00f3fobo.<\/p>\n<p>El filtro hidr\u00f3fobo crea una fuerte barrera contra aerosoles y l\u00edquidos, eliminando la posible contaminaci\u00f3n cruzada de la muestra y la pipeta que podr\u00eda afectar a los resultados.<\/p>\n<p><strong>Libre de RNasa\/DNasa<\/strong><\/p>\n<p>Las puntas Lvyuan se procesan a alta temperatura con elementos filtrantes, se producen y envasan en talleres limpios, y cada proceso garantiza la ausencia de contaminaci\u00f3n por RNasa y DNasa.<\/p>\n<p><strong>Satisfaga sus necesidades de apariencia m\u00e1s exigentes<\/strong><\/p>\n<p>El elemento filtrante Lvyuan para cabezal de succi\u00f3n integra la experiencia de producci\u00f3n de Biocomma de cientos de millones de elementos filtrantes. Se procesa con moldes de precisi\u00f3n sin rebabas\/ rebabas. El elemento filtrante tiene una elasticidad moderada y se adapta perfectamente al di\u00e1metro interior del cabezal de succi\u00f3n para satisfacer sus requisitos de apariencia m\u00e1s exigentes. .<\/p>\n<p>Incluso el elemento m\u00e1s peque\u00f1o (di\u00e1metro de 1,45 mm, grosor de 1,6 mm) es inflexible en cuanto a precisi\u00f3n de aspecto.<\/p>\n<p><strong>Variedad de especificaciones entre las que elegir<\/strong><\/p>\n<p>Los filtros Lvyuan para puntas de aspiraci\u00f3n est\u00e1n disponibles en docenas de especificaciones para satisfacer sus necesidades de dise\u00f1o de productos diferenciados.<\/p>\n<p><img decoding=\"async\" src=\"https:\/\/img.yfisher.com\/m6076\/1725732742htq\/jpg70-t3-scale100.webp\" alt=\"F\u00e1brica OEM sinterizado Polietileno poroso pe filtro para puntas de pipeta filtrada 6\" data-lazy=\"2\" title=\"\"><\/p>\n<p><strong>Lvyuan Puntas de pipeta 10ul<\/strong><\/p>\n<div class=\"table-responsive\">\n<table>\n<tbody>\n<tr class=\"firstRow\">\n<td valign=\"top\" width=\"199\"><strong>N\u00ba de art\u00edculo.<\/strong><\/td>\n<td valign=\"top\" width=\"199\"><strong>Di\u00e1metro (mm)<\/strong><\/td>\n<td valign=\"top\" width=\"199\"><strong>Espesor<\/strong><\/td>\n<td valign=\"top\" width=\"199\"><strong>Apertura<\/strong><\/td>\n<td valign=\"top\" width=\"199\"><strong>Utilizaci\u00f3n<\/strong><\/td>\n<td valign=\"top\" width=\"199\"><strong>Paquete<\/strong><\/td>\n<\/tr>\n<tr>\n<td valign=\"top\" width=\"199\">LV10-14-16<\/td>\n<td valign=\"top\" width=\"199\">1.4<\/td>\n<td valign=\"top\" width=\"199\">1.6<\/td>\n<td valign=\"top\" width=\"199\">10<\/td>\n<td valign=\"top\" width=\"199\">10\u03bcL<\/td>\n<td valign=\"top\" width=\"199\">10000pcs\/Bolsa<\/td>\n<\/tr>\n<tr>\n<td valign=\"top\" width=\"199\">LV10-14-35<\/td>\n<td valign=\"top\" width=\"199\">1.4<\/td>\n<td valign=\"top\" width=\"199\">3.5<\/td>\n<td valign=\"top\" width=\"199\">10<\/td>\n<td valign=\"top\" width=\"199\">10\u03bcL<\/td>\n<td valign=\"top\" width=\"199\">10000pcs\/Bolsa<\/td>\n<\/tr>\n<tr>\n<td valign=\"top\" width=\"199\">LV10-16-35<\/td>\n<td valign=\"top\" width=\"199\">1.6<\/td>\n<td valign=\"top\" width=\"199\">3.5<\/td>\n<td valign=\"top\" width=\"199\">10<\/td>\n<td valign=\"top\" width=\"199\">10\u03bcL<\/td>\n<td valign=\"top\" width=\"199\">10000pcs\/Bolsa<\/td>\n<\/tr>\n<tr>\n<td valign=\"top\" width=\"199\">LV10-18-35<\/td>\n<td valign=\"top\" width=\"199\">1.8<\/td>\n<td valign=\"top\" width=\"199\">3.5<\/td>\n<td valign=\"top\" width=\"199\">10<\/td>\n<td valign=\"top\" width=\"199\">10\u03bcL<\/td>\n<td valign=\"top\" width=\"199\">10000pcs\/Bolsa<\/td>\n<\/tr>\n<\/tbody>\n<\/table>\n<\/div>\n<p><strong>Lvyuan Puntas de pipeta 200ul<\/strong><\/p>\n<div class=\"table-responsive\">\n<table>\n<tbody>\n<tr class=\"firstRow\">\n<td valign=\"top\" width=\"199\"><strong>N\u00ba de art\u00edculo.<\/strong><\/td>\n<td valign=\"top\" width=\"199\"><strong>Di\u00e1metro (mm)<\/strong><\/td>\n<td valign=\"top\" width=\"199\"><strong>Espesor<\/strong><\/td>\n<td valign=\"top\" width=\"199\"><strong>Apertura<\/strong><\/td>\n<td valign=\"top\" width=\"199\"><strong>Utilizaci\u00f3n<\/strong><\/td>\n<td valign=\"top\" width=\"199\"><strong>Paquete<\/strong><\/td>\n<\/tr>\n<tr>\n<td valign=\"top\" width=\"199\">LV200-40-35<\/td>\n<td valign=\"top\" width=\"199\">4<\/td>\n<td valign=\"top\" width=\"199\">3.5<\/td>\n<td valign=\"top\" width=\"199\">10<\/td>\n<td valign=\"top\" width=\"199\">200\u03bcL<\/td>\n<td valign=\"top\" width=\"199\">10000pcs\/Bolsa<\/td>\n<\/tr>\n<tr>\n<td valign=\"top\" width=\"199\">LV200-41-35<\/td>\n<td valign=\"top\" width=\"199\">4.1<\/td>\n<td valign=\"top\" width=\"199\">3.5<\/td>\n<td valign=\"top\" width=\"199\">10<\/td>\n<td valign=\"top\" width=\"199\">200\u03bcL<\/td>\n<td valign=\"top\" width=\"199\">10000pcs\/Bolsa<\/td>\n<\/tr>\n<tr>\n<td valign=\"top\" width=\"199\">LV200-43-35<\/td>\n<td valign=\"top\" width=\"199\">4.3<\/td>\n<td valign=\"top\" width=\"199\">3.5<\/td>\n<td valign=\"top\" width=\"199\">10<\/td>\n<td valign=\"top\" width=\"199\">200\u03bcL<\/td>\n<td valign=\"top\" width=\"199\">10000pcs\/Bolsa<\/td>\n<\/tr>\n<tr>\n<td valign=\"top\" width=\"199\">LV200-45-35<\/td>\n<td valign=\"top\" width=\"199\">4.5<\/td>\n<td valign=\"top\" width=\"199\">3.5<\/td>\n<td valign=\"top\" width=\"199\">10<\/td>\n<td valign=\"top\" width=\"199\">200\u03bcL<\/td>\n<td valign=\"top\" width=\"199\">10000pcs\/Bolsa<\/td>\n<\/tr>\n<tr>\n<td valign=\"top\" width=\"199\">LV200-47-35<\/td>\n<td valign=\"top\" width=\"199\">4.7<\/td>\n<td valign=\"top\" width=\"199\">3.5<\/td>\n<td valign=\"top\" width=\"199\">10<\/td>\n<td valign=\"top\" width=\"199\">200\u03bcL<\/td>\n<td valign=\"top\" width=\"199\">10000pcs\/Bolsa<\/td>\n<\/tr>\n<tr>\n<td valign=\"top\" width=\"199\">LV200-49-35<\/td>\n<td valign=\"top\" width=\"199\">4.9<\/td>\n<td valign=\"top\" width=\"199\">3.5<\/td>\n<td valign=\"top\" width=\"199\">10<\/td>\n<td valign=\"top\" width=\"199\">200\u03bcL<\/td>\n<td valign=\"top\" width=\"199\">10000pcs\/Bolsa<\/td>\n<\/tr>\n<tr>\n<td valign=\"top\" width=\"199\">LV200-51-35<\/td>\n<td valign=\"top\" width=\"199\">5.1<\/td>\n<td valign=\"top\" width=\"199\">3.5<\/td>\n<td valign=\"top\" width=\"199\">10<\/td>\n<td valign=\"top\" width=\"199\">200\u03bcL<\/td>\n<td valign=\"top\" width=\"199\">10000pcs\/Bolsa<\/td>\n<\/tr>\n<\/tbody>\n<\/table>\n<\/div>\n<p><strong>Lvyuan Puntas de pipeta 1000ul<\/strong><\/p>\n<div class=\"table-responsive\">\n<table>\n<tbody>\n<tr class=\"firstRow\">\n<td valign=\"top\" width=\"199\"><strong>N\u00ba de art\u00edculo.<\/strong><\/td>\n<td valign=\"top\" width=\"199\"><strong>Di\u00e1metro (mm)<\/strong><\/td>\n<td valign=\"top\" width=\"199\"><strong>Espesor<\/strong><\/td>\n<td valign=\"top\" width=\"199\"><strong>Apertura<\/strong><\/td>\n<td valign=\"top\" width=\"199\"><strong>Utilizaci\u00f3n<\/strong><\/td>\n<td valign=\"top\" width=\"199\"><strong>Paquete<\/strong><\/td>\n<\/tr>\n<tr>\n<td valign=\"top\" width=\"199\">LV1000-70-40<\/td>\n<td valign=\"top\" width=\"199\">7<\/td>\n<td valign=\"top\" width=\"199\">4<\/td>\n<td valign=\"top\" width=\"199\">10<\/td>\n<td valign=\"top\" width=\"199\">1000\u03bcL<\/td>\n<td valign=\"top\" width=\"199\">10000pcs\/Bolsa<\/td>\n<\/tr>\n<tr>\n<td valign=\"top\" width=\"199\">LV1000-71-40<\/td>\n<td valign=\"top\" width=\"199\">7.1<\/td>\n<td valign=\"top\" width=\"199\">4<\/td>\n<td valign=\"top\" width=\"199\">10<\/td>\n<td valign=\"top\" width=\"199\">1000\u03bcL<\/td>\n<td valign=\"top\" width=\"199\">10000pcs\/Bolsa<\/td>\n<\/tr>\n<tr>\n<td valign=\"top\" width=\"199\">LV1000-72-40<\/td>\n<td valign=\"top\" width=\"199\">7.2<\/td>\n<td valign=\"top\" width=\"199\">4<\/td>\n<td valign=\"top\" width=\"199\">10<\/td>\n<td valign=\"top\" width=\"199\">1000\u03bcL<\/td>\n<td valign=\"top\" width=\"199\">10000pcs\/Bolsa<\/td>\n<\/tr>\n<tr>\n<td valign=\"top\" width=\"199\">LV1000-74-40<\/td>\n<td valign=\"top\" width=\"199\">7.4<\/td>\n<td valign=\"top\" width=\"199\">4<\/td>\n<td valign=\"top\" width=\"199\">10<\/td>\n<td valign=\"top\" width=\"199\">1000\u03bcL<\/td>\n<td valign=\"top\" width=\"199\">10000pcs\/Bolsa<\/td>\n<\/tr>\n<\/tbody>\n<\/table>\n<\/div>\n<p><strong>M\u00e1s especificaciones<\/strong><\/p>\n<div class=\"table-responsive\">\n<table>\n<tbody>\n<tr class=\"firstRow\">\n<td valign=\"top\" width=\"199\"><strong>N\u00ba de art\u00edculo.<\/strong><\/td>\n<td valign=\"top\" width=\"199\"><strong>Di\u00e1metro (mm)<\/strong><\/td>\n<td valign=\"top\" width=\"199\"><strong>Espesor<\/strong><\/td>\n<td valign=\"top\" width=\"199\"><strong>Espesor<\/strong><\/td>\n<td valign=\"top\" width=\"199\"><strong>Espesor<\/strong><\/td>\n<td valign=\"top\" width=\"199\"><strong>Espesor<\/strong><\/td>\n<\/tr>\n<tr>\n<td colspan=\"1\" rowspan=\"1\" valign=\"top\">LV1<\/td>\n<td colspan=\"1\" rowspan=\"1\" valign=\"top\">1.2<\/td>\n<td colspan=\"1\" rowspan=\"1\" valign=\"top\">3.0<\/td>\n<td colspan=\"1\" rowspan=\"1\" valign=\"top\">3.5<\/td>\n<td colspan=\"1\" rowspan=\"1\" valign=\"top\">4.0<\/td>\n<td colspan=\"1\" rowspan=\"1\" valign=\"top\">5.0<\/td>\n<\/tr>\n<tr>\n<td valign=\"top\" width=\"243\">LV2<\/td>\n<td valign=\"top\" width=\"243\">1.3<\/td>\n<td valign=\"top\" width=\"243\">3.0<\/td>\n<td valign=\"top\" width=\"243\">3.5<\/td>\n<td valign=\"top\" width=\"243\">4.0<\/td>\n<td valign=\"top\" width=\"243\">5.0<\/td>\n<\/tr>\n<tr>\n<td valign=\"top\" width=\"243\">LV3<\/td>\n<td valign=\"top\" width=\"243\">1.4<\/td>\n<td valign=\"top\" width=\"243\">3.0<\/td>\n<td valign=\"top\" width=\"243\">3.5<\/td>\n<td valign=\"top\" width=\"243\">4.0<\/td>\n<td valign=\"top\" width=\"243\">5.0<\/td>\n<\/tr>\n<tr>\n<td valign=\"top\" width=\"243\">LV4<\/td>\n<td valign=\"top\" width=\"243\">1.5<\/td>\n<td valign=\"top\" width=\"243\">3.0<\/td>\n<td valign=\"top\" width=\"243\">3.5<\/td>\n<td valign=\"top\" width=\"243\">4.0<\/td>\n<td valign=\"top\" width=\"243\">5.0<\/td>\n<\/tr>\n<tr>\n<td valign=\"top\" width=\"243\">LV9<\/td>\n<td valign=\"top\" width=\"243\">2.0<\/td>\n<td valign=\"top\" width=\"243\">3.0<\/td>\n<td valign=\"top\" width=\"243\">3.5<\/td>\n<td valign=\"top\" width=\"243\">4.0<\/td>\n<td valign=\"top\" width=\"243\">5.0<\/td>\n<\/tr>\n<tr>\n<td valign=\"top\" width=\"243\">LV10<\/td>\n<td valign=\"top\" width=\"243\">2.1<\/td>\n<td valign=\"top\" width=\"243\">3.0<\/td>\n<td valign=\"top\" width=\"243\">3.5<\/td>\n<td valign=\"top\" width=\"243\">4.0<\/td>\n<td valign=\"top\" width=\"243\">5.0<\/td>\n<\/tr>\n<tr>\n<td valign=\"top\" width=\"243\">LV11<\/td>\n<td valign=\"top\" width=\"243\">2.23<\/td>\n<td valign=\"top\" width=\"243\">3.0<\/td>\n<td valign=\"top\" width=\"243\">3.5<\/td>\n<td valign=\"top\" width=\"243\">4.0<\/td>\n<td valign=\"top\" width=\"243\">5.0<\/td>\n<\/tr>\n<tr>\n<td valign=\"top\" width=\"243\">LV12<\/td>\n<td valign=\"top\" width=\"243\">2.63<\/td>\n<td valign=\"top\" width=\"243\">3.0<\/td>\n<td valign=\"top\" width=\"243\">3.5<\/td>\n<td valign=\"top\" width=\"243\">4.0<\/td>\n<td valign=\"top\" width=\"243\">5.0<\/td>\n<\/tr>\n<tr>\n<td valign=\"top\" width=\"243\">LV16<\/td>\n<td valign=\"top\" width=\"243\">3.0<\/td>\n<td valign=\"top\" width=\"243\">3.0<\/td>\n<td valign=\"top\" width=\"243\">3.5<\/td>\n<td valign=\"top\" width=\"243\">4.0<\/td>\n<td valign=\"top\" width=\"243\">5.0<\/td>\n<\/tr>\n<tr>\n<td valign=\"top\" width=\"243\">LV17<\/td>\n<td valign=\"top\" width=\"243\">3.1<\/td>\n<td valign=\"top\" width=\"243\">3.0<\/td>\n<td valign=\"top\" width=\"243\">3.5<\/td>\n<td valign=\"top\" width=\"243\">4.0<\/td>\n<td valign=\"top\" width=\"243\">5.0<\/td>\n<\/tr>\n<tr>\n<td valign=\"top\" width=\"243\">LV18<\/td>\n<td valign=\"top\" width=\"243\">3.2<\/td>\n<td valign=\"top\" width=\"243\">3.0<\/td>\n<td valign=\"top\" width=\"243\">3.5<\/td>\n<td valign=\"top\" width=\"243\">4.0<\/td>\n<td valign=\"top\" width=\"243\">5.0<\/td>\n<\/tr>\n<tr>\n<td colspan=\"1\" rowspan=\"1\" valign=\"top\">LV19<\/td>\n<td colspan=\"1\" rowspan=\"1\" valign=\"top\">3.3<\/td>\n<td colspan=\"1\" rowspan=\"1\" valign=\"top\">3.0<\/td>\n<td colspan=\"1\" rowspan=\"1\" valign=\"top\">3.5<\/td>\n<td colspan=\"1\" rowspan=\"1\" valign=\"top\">4.0<\/td>\n<td colspan=\"1\" rowspan=\"1\" valign=\"top\">5.0<\/td>\n<\/tr>\n<tr>\n<td colspan=\"1\" rowspan=\"1\" valign=\"top\">LV26<\/td>\n<td colspan=\"1\" rowspan=\"1\" valign=\"top\">4.02<\/td>\n<td colspan=\"1\" rowspan=\"1\" valign=\"top\">3.0<\/td>\n<td colspan=\"1\" rowspan=\"1\" valign=\"top\">3.5<\/td>\n<td colspan=\"1\" rowspan=\"1\" valign=\"top\">4.0<\/td>\n<td colspan=\"1\" rowspan=\"1\" valign=\"top\">5.0<\/td>\n<\/tr>\n<tr>\n<td colspan=\"1\" rowspan=\"1\" valign=\"top\">LV27<\/td>\n<td colspan=\"1\" rowspan=\"1\" valign=\"top\">4.1<\/td>\n<td colspan=\"1\" rowspan=\"1\" valign=\"top\">3.0<\/td>\n<td colspan=\"1\" rowspan=\"1\" valign=\"top\">3.5<\/td>\n<td colspan=\"1\" rowspan=\"1\" valign=\"top\">4.0<\/td>\n<td colspan=\"1\" rowspan=\"1\" valign=\"top\">5.0<\/td>\n<\/tr>\n<tr>\n<td colspan=\"1\" rowspan=\"1\" valign=\"top\">LV28<\/td>\n<td colspan=\"1\" rowspan=\"1\" valign=\"top\">4.2<\/td>\n<td colspan=\"1\" rowspan=\"1\" valign=\"top\">3.0<\/td>\n<td colspan=\"1\" rowspan=\"1\" valign=\"top\">3.5<\/td>\n<td colspan=\"1\" rowspan=\"1\" valign=\"top\">4.0<\/td>\n<td colspan=\"1\" rowspan=\"1\" valign=\"top\">5.0<\/td>\n<\/tr>\n<\/tbody>\n<\/table>\n<\/div>\n<p><img decoding=\"async\" src=\"https:\/\/img.yfisher.com\/m6076\/17257327423e8\/jpg70-t3-scale100.webp\" alt=\"F\u00e1brica OEM sinterizado Polietileno poroso pe filtro para puntas de pipeta filtrada 7\" data-lazy=\"2\" title=\"\"><\/p>\n<\/div>","protected":false},"excerpt":{"rendered":"<table>\n<thead>\n<tr>\n<th>art\u00edculo<\/th>\n<th>detalles<\/th>\n<\/tr>\n<\/thead>\n<tbody>\n<tr>\n<td>puerto de inicio<\/td>\n<td>Guangzhou<\/td>\n<\/tr>\n<tr>\n<td>capacidad de producci\u00f3n<\/td>\n<td>10000 unidades\/mes<\/td>\n<\/tr>\n<tr>\n<td>lugar de origen<\/td>\n<td>Guangdong, China<\/td>\n<\/tr>\n<tr>\n<td>pago<\/td>\n<td>T\/T, Alibaba Trade Assurance, paypal<\/td>\n<\/tr>\n<tr>\n<td>moq<\/td>\n<td>1 unidad<\/td>\n<\/tr>\n<tr>\n<td>plazo de entrega<\/td>\n<td>en un plazo de 7 d\u00edas laborables<\/td>\n<\/tr>\n<tr>\n<td>certificaci\u00f3n<\/td>\n<td>ISO 9001<\/td>\n<\/tr>\n<tr>\n<td>marca<\/td>\n<td>OEM\/Lvyuan<\/td>\n<\/tr>\n<\/tbody>\n<\/table>","protected":false},"featured_media":2451,"comment_status":"open","ping_status":"closed","template":"","meta":{"_gspb_post_css":""},"product_brand":[],"product_cat":[24],"product_tag":[956,967,964,260,955,965],"class_list":{"0":"post-2444","1":"product","2":"type-product","3":"status-publish","4":"has-post-thumbnail","6":"product_cat-sintered-porous-plastic","7":"product_tag-1-piece-moq","8":"product_tag-7-day-delivery","9":"product_tag-guangdong-manufacturer","10":"product_tag-iso-9001","11":"product_tag-oem-packaging","12":"product_tag-paper-tubes","14":"first","15":"instock","16":"shipping-taxable","17":"product-type-simple"},"_links":{"self":[{"href":"https:\/\/lyfilter.com\/es\/wp-json\/wp\/v2\/product\/2444","targetHints":{"allow":["GET"]}}],"collection":[{"href":"https:\/\/lyfilter.com\/es\/wp-json\/wp\/v2\/product"}],"about":[{"href":"https:\/\/lyfilter.com\/es\/wp-json\/wp\/v2\/types\/product"}],"replies":[{"embeddable":true,"href":"https:\/\/lyfilter.com\/es\/wp-json\/wp\/v2\/comments?post=2444"}],"wp:featuredmedia":[{"embeddable":true,"href":"https:\/\/lyfilter.com\/es\/wp-json\/wp\/v2\/media\/2451"}],"wp:attachment":[{"href":"https:\/\/lyfilter.com\/es\/wp-json\/wp\/v2\/media?parent=2444"}],"wp:term":[{"taxonomy":"product_brand","embeddable":true,"href":"https:\/\/lyfilter.com\/es\/wp-json\/wp\/v2\/product_brand?post=2444"},{"taxonomy":"product_cat","embeddable":true,"href":"https:\/\/lyfilter.com\/es\/wp-json\/wp\/v2\/product_cat?post=2444"},{"taxonomy":"product_tag","embeddable":true,"href":"https:\/\/lyfilter.com\/es\/wp-json\/wp\/v2\/product_tag?post=2444"}],"curies":[{"name":"wp","href":"https:\/\/api.w.org\/{rel}","templated":true}]}}