{"id":2438,"date":"2026-01-07T02:46:54","date_gmt":"2026-01-07T02:46:54","guid":{"rendered":"https:\/\/lyfilter.com\/?post_type=product&#038;p=2438"},"modified":"2026-01-07T02:47:17","modified_gmt":"2026-01-07T02:47:17","slug":"factory-price-sintered-porous-pe-pp-filter-discs","status":"publish","type":"product","link":"https:\/\/lyfilter.com\/es\/factory-price-sintered-porous-pe-pp-filter-discs\/","title":{"rendered":"Precio de f\u00e1brica sinterizado poroso PE PP discos de filtro"},"content":{"rendered":"<div class=\"unit-detail-html-tabs__content-attr\">\n<div class=\"unit-product-attrparam\">\n<div class=\"unit-product-attrparam__items row\">\n<div class=\"col-12 col-md-6\">\n<div class=\"unit-product-attrparam__item\">\n<div class=\"unit-product-attrparam__label\">\n<table>\n<thead>\n<tr>\n<th>art\u00edculo<\/th>\n<th>detalles<\/th>\n<\/tr>\n<\/thead>\n<tbody>\n<tr>\n<td>capacidad de suministro<\/td>\n<td>1000000 unidades\/mes<\/td>\n<\/tr>\n<tr>\n<td>material<\/td>\n<td>pp<\/td>\n<\/tr>\n<tr>\n<td>disponibilidad<\/td>\n<td>oem<\/td>\n<\/tr>\n<\/tbody>\n<\/table>\n<\/div>\n<\/div>\n<\/div>\n<\/div>\n<\/div>\n<\/div>\n<div class=\"unit-detail-html-tabs__content-html\">\n<p><strong>Precio de f\u00e1brica sinterizado poroso PE PP discos de filtro<\/strong><\/p>\n<p>El filtro de bater\u00eda, la placa antideflagrante, el filtro de \u00e1cido, el respiradero, el filtro de aire, la placa de escape, el filtro de polvo, el tap\u00f3n de filtro de polvo y otros productos producidos por nuestra f\u00e1brica cumplen estrictamente la norma de v\u00e1lvula regulada de seguridad de almacenamiento de plomo-\u00e1cido filtro microporoso de \u00e1cido JB\/T11340.5-2012. El producto est\u00e1 hecho de polvo de PE\/PP a trav\u00e9s de sinterizaci\u00f3n de proporci\u00f3n cient\u00edfica, que tiene las caracter\u00edsticas de alta resistencia, di\u00e1metro de poro uniforme, buena permeabilidad, etc. El filtro de PP no se deforma ni se vuelve amarillo despu\u00e9s de 400 horas a 150 \u2103. Las especificaciones del producto son 5-30mm de di\u00e1metro y 2-7mm de espesor. Especificaciones especiales pueden ser personalizadas.<\/p>\n<p>&nbsp;<\/p>\n<div class=\"table-responsive\">\n<table>\n<tbody>\n<tr class=\"firstRow\">\n<td valign=\"top\" height=\"20\">Di\u00e1metro<\/td>\n<td valign=\"top\" height=\"20\">10mm,20mm,30mm,40mm,50mm,60mm,70mm,80mm,90mm,100mm,110mm,<br \/>\n120 mm, 200 mm, etc.<\/td>\n<\/tr>\n<tr>\n<td valign=\"top\">Espesor<\/td>\n<td valign=\"top\">2-7 mm<\/td>\n<\/tr>\n<tr>\n<td valign=\"top\">Tasa de micra<\/td>\n<td valign=\"top\">1um,5um,10um,20um,30um,etc.<\/td>\n<\/tr>\n<tr>\n<td valign=\"top\">Temperatura de trabajo<\/td>\n<td valign=\"top\">PE\u226480\u2103; PTFE\u2265200\u2103;PA\u2264120\u2103<\/td>\n<\/tr>\n<tr>\n<td valign=\"top\">Conector del filtro<\/td>\n<td valign=\"top\">PLANO,TIPO INSERCI\u00d3N,TIPO ROSCA,226,222,215, PERSONALIZADO<\/td>\n<\/tr>\n<tr>\n<td valign=\"top\">Observaci\u00f3n<\/td>\n<td valign=\"top\">El tama\u00f1o del filtro y las micras se pueden personalizar. Tama\u00f1o m\u00e1s peque\u00f1o o m\u00e1s grande.<\/td>\n<\/tr>\n<\/tbody>\n<\/table>\n<\/div>\n<p>&nbsp;<\/p>\n<div class=\"table-responsive\">\n<table data-sort=\"sortDisabled\">\n<tbody>\n<tr class=\"firstRow\">\n<td colspan=\"8\" rowspan=\"1\" align=\"center\" valign=\"top\">Especificaciones del molde del disco filtrante existente<\/td>\n<\/tr>\n<tr>\n<td valign=\"top\">Di\u00e1metro (mm)<\/td>\n<td valign=\"top\">Espesor (mm)<\/td>\n<td valign=\"top\"><\/td>\n<td valign=\"top\">Di\u00e1metro (mm)<\/td>\n<td valign=\"top\">Espesor (mm)<\/td>\n<td valign=\"top\"><\/td>\n<td valign=\"top\">Di\u00e1metro (mm)<\/td>\n<td valign=\"top\">Espesor (mm)<\/td>\n<\/tr>\n<tr>\n<td valign=\"top\">10<\/td>\n<td valign=\"top\">3<\/td>\n<td valign=\"top\"><\/td>\n<td valign=\"top\">18<\/td>\n<td valign=\"top\">3.1<\/td>\n<td valign=\"top\"><\/td>\n<td valign=\"top\">15<\/td>\n<td valign=\"top\">3<\/td>\n<\/tr>\n<tr>\n<td valign=\"top\">4<\/td>\n<td valign=\"top\">3<\/td>\n<td valign=\"top\"><\/td>\n<td valign=\"top\">9.8<\/td>\n<td valign=\"top\">3<\/td>\n<td valign=\"top\"><\/td>\n<td valign=\"top\">12<\/td>\n<td valign=\"top\">3<\/td>\n<\/tr>\n<tr>\n<td valign=\"top\">13<\/td>\n<td valign=\"top\">3<\/td>\n<td valign=\"top\"><\/td>\n<td valign=\"top\">8<\/td>\n<td valign=\"top\">2.5<\/td>\n<td valign=\"top\"><\/td>\n<td valign=\"top\">8.8<\/td>\n<td valign=\"top\">2.2<\/td>\n<\/tr>\n<tr>\n<td valign=\"top\">5<\/td>\n<td valign=\"top\">3.5<\/td>\n<td valign=\"top\"><\/td>\n<td valign=\"top\">14.45<\/td>\n<td valign=\"top\">4<\/td>\n<td valign=\"top\"><\/td>\n<td valign=\"top\">17<\/td>\n<td valign=\"top\">3.2<\/td>\n<\/tr>\n<tr>\n<td valign=\"top\">12.6<\/td>\n<td valign=\"top\">3.2<\/td>\n<td valign=\"top\"><\/td>\n<td valign=\"top\">25<\/td>\n<td valign=\"top\">3<\/td>\n<td valign=\"top\"><\/td>\n<td valign=\"top\">20<\/td>\n<td valign=\"top\">3.2<\/td>\n<\/tr>\n<tr>\n<td valign=\"top\">16.2<\/td>\n<td valign=\"top\">3.5<\/td>\n<td valign=\"top\"><\/td>\n<td valign=\"top\">16<\/td>\n<td valign=\"top\">2.5<\/td>\n<td valign=\"top\"><\/td>\n<td valign=\"top\">16<\/td>\n<td valign=\"top\">5.5<\/td>\n<\/tr>\n<tr>\n<td valign=\"top\">23<\/td>\n<td valign=\"top\">1.6<\/td>\n<td valign=\"top\"><\/td>\n<td valign=\"top\">13<\/td>\n<td valign=\"top\">3.4<\/td>\n<td valign=\"top\"><\/td>\n<td valign=\"top\">6.1<\/td>\n<td valign=\"top\">3<\/td>\n<\/tr>\n<tr>\n<td valign=\"top\">8.5<\/td>\n<td valign=\"top\">3<\/td>\n<td valign=\"top\"><\/td>\n<td valign=\"top\">16.1<\/td>\n<td valign=\"top\">2.65<\/td>\n<td valign=\"top\"><\/td>\n<td valign=\"top\">8.5<\/td>\n<td valign=\"top\">2<\/td>\n<\/tr>\n<\/tbody>\n<\/table>\n<\/div>\n<p><img decoding=\"async\" src=\"https:\/\/img.yfisher.com\/m6076\/1725732739cgm\/jpg70-t3-scale100.webp\" alt=\"Precio de f\u00e1brica sinterizado poroso PE PP discos de filtro 5\" data-lazy=\"2\" title=\"\"><\/p>\n<\/div>","protected":false},"excerpt":{"rendered":"<table>\n<thead>\n<tr>\n<th>art\u00edculo<\/th>\n<th>detalles<\/th>\n<\/tr>\n<\/thead>\n<tbody>\n<tr>\n<td>puerto de inicio<\/td>\n<td>Guangzhou<\/td>\n<\/tr>\n<tr>\n<td>capacidad de producci\u00f3n<\/td>\n<td>10000 unidades\/Mes<\/td>\n<\/tr>\n<tr>\n<td>lugar de origen<\/td>\n<td>Guangdong, China<\/td>\n<\/tr>\n<tr>\n<td>pago<\/td>\n<td>T\/T, Western Union, Alibaba Trade Assurance, paypal<\/td>\n<\/tr>\n<tr>\n<td>moq<\/td>\n<td>1 unidad<\/td>\n<\/tr>\n<tr>\n<td>plazo de entrega<\/td>\n<td>En un plazo de 7 d\u00edas laborables<\/td>\n<\/tr>\n<tr>\n<td>marca<\/td>\n<td>OEM\/Lvyuan<\/td>\n<\/tr>\n<\/tbody>\n<\/table>","protected":false},"featured_media":2445,"comment_status":"open","ping_status":"closed","template":"","meta":{"_gspb_post_css":""},"product_brand":[],"product_cat":[24],"product_tag":[956,279,964,965,288,971],"class_list":{"0":"post-2438","1":"product","2":"type-product","3":"status-publish","4":"has-post-thumbnail","6":"product_cat-sintered-porous-plastic","7":"product_tag-1-piece-moq","8":"product_tag-alibaba-trade-assurance","9":"product_tag-guangdong-manufacturer","10":"product_tag-paper-tubes","11":"product_tag-paypal","12":"product_tag-western-union","14":"first","15":"instock","16":"shipping-taxable","17":"product-type-simple"},"_links":{"self":[{"href":"https:\/\/lyfilter.com\/es\/wp-json\/wp\/v2\/product\/2438","targetHints":{"allow":["GET"]}}],"collection":[{"href":"https:\/\/lyfilter.com\/es\/wp-json\/wp\/v2\/product"}],"about":[{"href":"https:\/\/lyfilter.com\/es\/wp-json\/wp\/v2\/types\/product"}],"replies":[{"embeddable":true,"href":"https:\/\/lyfilter.com\/es\/wp-json\/wp\/v2\/comments?post=2438"}],"wp:featuredmedia":[{"embeddable":true,"href":"https:\/\/lyfilter.com\/es\/wp-json\/wp\/v2\/media\/2445"}],"wp:attachment":[{"href":"https:\/\/lyfilter.com\/es\/wp-json\/wp\/v2\/media?parent=2438"}],"wp:term":[{"taxonomy":"product_brand","embeddable":true,"href":"https:\/\/lyfilter.com\/es\/wp-json\/wp\/v2\/product_brand?post=2438"},{"taxonomy":"product_cat","embeddable":true,"href":"https:\/\/lyfilter.com\/es\/wp-json\/wp\/v2\/product_cat?post=2438"},{"taxonomy":"product_tag","embeddable":true,"href":"https:\/\/lyfilter.com\/es\/wp-json\/wp\/v2\/product_tag?post=2438"}],"curies":[{"name":"wp","href":"https:\/\/api.w.org\/{rel}","templated":true}]}}