{"id":2432,"date":"2026-01-07T02:37:41","date_gmt":"2026-01-07T02:37:41","guid":{"rendered":"https:\/\/lyfilter.com\/?post_type=product&#038;p=2432"},"modified":"2026-01-07T02:37:41","modified_gmt":"2026-01-07T02:37:41","slug":"factory-price-sintered-copper-powder-filter","status":"publish","type":"product","link":"https:\/\/lyfilter.com\/es\/factory-price-sintered-copper-powder-filter\/","title":{"rendered":"Filtro de polvo de cobre sinterizado con precio de f\u00e1brica"},"content":{"rendered":"<div class=\"unit-detail-html-tabs__content-attr\">\n<div class=\"unit-product-attrparam\">\n<div class=\"unit-product-attrparam__items row\">\n<div class=\"col-12 col-md-6\">\n<div class=\"unit-product-attrparam__item\">\n<div class=\"unit-product-attrparam__label\">\n<table>\n<thead>\n<tr>\n<th>art\u00edculo<\/th>\n<th>detalles<\/th>\n<\/tr>\n<\/thead>\n<tbody>\n<tr>\n<td>capacidad de suministro<\/td>\n<td>1000000 unidades\/mes<\/td>\n<\/tr>\n<tr>\n<td>material<\/td>\n<td>cobre<\/td>\n<\/tr>\n<tr>\n<td>disponibilidad<\/td>\n<td>oem<\/td>\n<\/tr>\n<\/tbody>\n<\/table>\n<\/div>\n<\/div>\n<\/div>\n<\/div>\n<\/div>\n<\/div>\n<div class=\"unit-detail-html-tabs__content-featuresAttr\"><\/div>\n<div class=\"unit-detail-html-tabs__content-html\">\n<p>El elemento filtrante sinterizado de polvo de cobre tiene un buen rendimiento de filtraci\u00f3n de permeaci\u00f3n y alta precisi\u00f3n de filtraci\u00f3n, puede soportar mejor la presi\u00f3n t\u00e9rmica y el impacto, alta resistencia, buena plasticidad, resistencia a la oxidaci\u00f3n y resistencia a la corrosi\u00f3n. Buen ensamblaje, se puede soldar, pegar y mecanizar; fuerte capacidad de regeneraci\u00f3n, larga vida \u00fatil; porosidad variada (28%-50%), tama\u00f1o de poro (4u-160U) y precisi\u00f3n de filtraci\u00f3n (0,2um-100um ), canales entrecruzados, se puede utilizar a 300 altas temperaturas, resistente al enfriamiento r\u00e1pido y al calentamiento r\u00e1pido. En comparaci\u00f3n con los filtros de papel, malla de alambre de cobre y otras telas de fibra, tiene un rendimiento superior, y es f\u00e1cil de montar, desmontar y limpiar. Se utiliza principalmente para filtrar gas, l\u00edquido y fuel-oil. Se utiliza ampliamente en las industrias petrolera, qu\u00edmica, automovil\u00edstica, de tractores, aeron\u00e1utica y naval. Tambi\u00e9n se utiliza ampliamente en los elementos filtrantes de los circuitos neum\u00e1ticos e hidr\u00e1ulicos. El cartucho filtrante sinterizado de polvo de cobre puede filtrar aceite, agua e impurezas en el aire, y tambi\u00e9n puede reducir el ruido. En el dispositivo de autorrescate de aire comprimido, su suministro de aire generalmente adopta la tuber\u00eda de aire comprimido de la mina, que realiza funciones como descompresi\u00f3n, reducci\u00f3n de ruido, ajuste de flujo, filtraci\u00f3n de aceite y agua, etc., para proporcionar aire fresco al personal. Los elementos filtrantes sinterizados de cobre tienen las funciones de filtraci\u00f3n de aire y reducci\u00f3n de ruido, y se utilizan ampliamente en procesadores de fuentes de aire para componentes neum\u00e1ticos.<\/p>\n<p><img decoding=\"async\" src=\"https:\/\/img.yfisher.com\/m6076\/1725732736yr2\/jpg70-t3-scale100.webp\" alt=\"Filtro de polvo de cobre sinterizado con precio de f\u00e1brica 6\" data-lazy=\"2\" title=\"\"><\/p>\n<p><img decoding=\"async\" src=\"https:\/\/img.yfisher.com\/m6076\/1725732736po4\/jpg70-t3-scale100.webp\" alt=\"Precio de f\u00e1brica Filtro de cobre sinterizado en polvo 7\" data-lazy=\"2\" title=\"\"><\/p>\n<p><img decoding=\"async\" src=\"https:\/\/img.yfisher.com\/m6076\/1725732736q6z\/jpg70-t3-scale100.webp\" alt=\"Filtro de polvo de cobre sinterizado con precio de f\u00e1brica 8\" data-lazy=\"2\" title=\"\"><\/p>\n<p><img decoding=\"async\" src=\"https:\/\/img.yfisher.com\/m6076\/1725732736a4m\/jpg70-t3-scale100.webp\" alt=\"Filtro de polvo de cobre sinterizado con precio de f\u00e1brica 9\" data-lazy=\"2\" title=\"\"><\/p>\n<p><img decoding=\"async\" src=\"https:\/\/img.yfisher.com\/m6076\/1725732736s7d\/jpg70-t3-scale100.webp\" alt=\"Filtro de polvo de cobre sinterizado con precio de f\u00e1brica 10\" data-lazy=\"2\" title=\"\"><\/p>\n<p><img decoding=\"async\" src=\"https:\/\/img.yfisher.com\/m6076\/17257327365t1\/jpg70-t3-scale100.webp\" alt=\"Filtro de polvo de cobre sinterizado con precio de f\u00e1brica 11\" data-lazy=\"2\" title=\"\"><\/p>\n<p><img decoding=\"async\" src=\"https:\/\/img.yfisher.com\/m6076\/1725732736b3t\/jpg70-t3-scale100.webp\" alt=\"Precio de f\u00e1brica Filtro de polvo de cobre sinterizado 12\" data-lazy=\"2\" title=\"\"><\/p>\n<\/div>","protected":false},"excerpt":{"rendered":"<table>\n<thead>\n<tr>\n<th>art\u00edculo<\/th>\n<th>detalles<\/th>\n<\/tr>\n<\/thead>\n<tbody>\n<tr>\n<td>puerto de inicio<\/td>\n<td>Guangzhou<\/td>\n<\/tr>\n<tr>\n<td>capacidad de producci\u00f3n<\/td>\n<td>10000 unidades\/Mes<\/td>\n<\/tr>\n<tr>\n<td>lugar de origen<\/td>\n<td>Guangdong, China<\/td>\n<\/tr>\n<tr>\n<td>pago<\/td>\n<td>T\/T, Alibaba Trade Assurance, paypal<\/td>\n<\/tr>\n<tr>\n<td>moq<\/td>\n<td>1 unidad<\/td>\n<\/tr>\n<tr>\n<td>certificaci\u00f3n<\/td>\n<td>ISO 9001<\/td>\n<\/tr>\n<tr>\n<td>marca<\/td>\n<td>OEM\/Lvyuan<\/td>\n<\/tr>\n<\/tbody>\n<\/table>","protected":false},"featured_media":2439,"comment_status":"open","ping_status":"closed","template":"","meta":{"_gspb_post_css":""},"product_brand":[],"product_cat":[17,18],"product_tag":[956,279,964,260,955,965],"class_list":{"0":"post-2432","1":"product","2":"type-product","3":"status-publish","4":"has-post-thumbnail","6":"product_cat-sediment-filter","7":"product_cat-sintered-metal-filters","8":"product_tag-1-piece-moq","9":"product_tag-alibaba-trade-assurance","10":"product_tag-guangdong-manufacturer","11":"product_tag-iso-9001","12":"product_tag-oem-packaging","13":"product_tag-paper-tubes","15":"first","16":"instock","17":"shipping-taxable","18":"product-type-simple"},"_links":{"self":[{"href":"https:\/\/lyfilter.com\/es\/wp-json\/wp\/v2\/product\/2432","targetHints":{"allow":["GET"]}}],"collection":[{"href":"https:\/\/lyfilter.com\/es\/wp-json\/wp\/v2\/product"}],"about":[{"href":"https:\/\/lyfilter.com\/es\/wp-json\/wp\/v2\/types\/product"}],"replies":[{"embeddable":true,"href":"https:\/\/lyfilter.com\/es\/wp-json\/wp\/v2\/comments?post=2432"}],"wp:featuredmedia":[{"embeddable":true,"href":"https:\/\/lyfilter.com\/es\/wp-json\/wp\/v2\/media\/2439"}],"wp:attachment":[{"href":"https:\/\/lyfilter.com\/es\/wp-json\/wp\/v2\/media?parent=2432"}],"wp:term":[{"taxonomy":"product_brand","embeddable":true,"href":"https:\/\/lyfilter.com\/es\/wp-json\/wp\/v2\/product_brand?post=2432"},{"taxonomy":"product_cat","embeddable":true,"href":"https:\/\/lyfilter.com\/es\/wp-json\/wp\/v2\/product_cat?post=2432"},{"taxonomy":"product_tag","embeddable":true,"href":"https:\/\/lyfilter.com\/es\/wp-json\/wp\/v2\/product_tag?post=2432"}],"curies":[{"name":"wp","href":"https:\/\/api.w.org\/{rel}","templated":true}]}}