{"id":2419,"date":"2026-01-07T02:33:33","date_gmt":"2026-01-07T02:33:33","guid":{"rendered":"https:\/\/lyfilter.com\/?post_type=product&#038;p=2419"},"modified":"2026-01-07T02:33:33","modified_gmt":"2026-01-07T02:33:33","slug":"oem-micro-316-stainless-steel-filter-cartridge-sintered-metal-powder-filter-element","status":"publish","type":"product","link":"https:\/\/lyfilter.com\/es\/oem-micro-316-stainless-steel-filter-cartridge-sintered-metal-powder-filter-element\/","title":{"rendered":"OEM micro 316 Acero inoxidable Cartucho de filtro Elemento filtrante de polvo met\u00e1lico sinterizado"},"content":{"rendered":"<div class=\"unit-detail-html-tabs__content-attr\">\n<div class=\"unit-product-attrparam\">\n<div class=\"unit-product-attrparam__items row\">\n<div class=\"col-12 col-md-6\">\n<div class=\"unit-product-attrparam__item\">\n<div class=\"unit-product-attrparam__label\">\n<table>\n<thead>\n<tr>\n<th>art\u00edculo<\/th>\n<th>detalles<\/th>\n<\/tr>\n<\/thead>\n<tbody>\n<tr>\n<td>capacidad de suministro<\/td>\n<td>1000000 unidades\/mes<\/td>\n<\/tr>\n<tr>\n<td>material<\/td>\n<td>acero inoxidable<\/td>\n<\/tr>\n<tr>\n<td>disponibilidad<\/td>\n<td>oem<\/td>\n<\/tr>\n<\/tbody>\n<\/table>\n<\/div>\n<\/div>\n<\/div>\n<\/div>\n<\/div>\n<\/div>\n<div class=\"unit-detail-html-tabs__content-featuresAttr\"><\/div>\n<div class=\"unit-detail-html-tabs__content-html\">\n<p>El elemento filtrante de polvo met\u00e1lico sinterizado de acero inoxidable tiene las caracter\u00edsticas de poros lisos, f\u00e1cil limpieza, resistencia a altas temperaturas, resistencia a la corrosi\u00f3n, ausencia de desprendimiento de la malla met\u00e1lica y largo ciclo de filtraci\u00f3n. El fieltro sinterizado de fibra de acero inoxidable es un material filtrante profundo poroso hecho de fibra de acero inoxidable sinterizada a alta temperatura. Su n\u00facleo ondulado plegado tiene las caracter\u00edsticas de alta porosidad, buena permeabilidad al aire, fuerte capacidad de retenci\u00f3n de suciedad y fuerte capacidad de regeneraci\u00f3n. Caracter\u00edsticas principales: gran \u00e1rea de filtraci\u00f3n (5-10 veces mayor que la de los elementos filtrantes cil\u00edndricos ordinarios), amplia gama de precisi\u00f3n de filtraci\u00f3n (1-300um) Principales m\u00e9todos de conexi\u00f3n: interfaz est\u00e1ndar (como 222, 220, 226), conexi\u00f3n de interfaz r\u00e1pida, conexi\u00f3n roscada, conexi\u00f3n de brida, conexi\u00f3n de tirante, interfaz especial personalizada. Se utiliza principalmente en la filtraci\u00f3n de pol\u00edmeros de alta mol\u00e9cula y el tratamiento de agua-aceite, gas de alta temperatura, productos farmac\u00e9uticos y otros medios.<\/p>\n<p><img decoding=\"async\" src=\"https:\/\/img.yfisher.com\/m6076\/1725732731zgv\/jpg70-t3-scale100.webp\" alt=\"OEM micro 316 de acero inoxidable Cartucho de filtro de polvo de metal sinterizado elemento filtrante 6\" data-lazy=\"2\" title=\"\"><\/p>\n<p><img decoding=\"async\" src=\"https:\/\/img.yfisher.com\/m6076\/1725732731pwm\/jpg70-t3-scale100.webp\" alt=\"OEM micro 316 de acero inoxidable Cartucho de filtro de polvo de metal sinterizado elemento filtrante 7\" data-lazy=\"2\" title=\"\"><\/p>\n<p><img decoding=\"async\" src=\"https:\/\/img.yfisher.com\/m6076\/1725732731sr3\/jpg70-t3-scale100.webp\" alt=\"OEM micro 316 de acero inoxidable Cartucho de filtro de polvo de metal sinterizado elemento filtrante 8\" data-lazy=\"2\" title=\"\"><\/p>\n<p><img decoding=\"async\" src=\"https:\/\/img.yfisher.com\/m6076\/1725732731hc6\/jpg70-t3-scale100.webp\" alt=\"OEM micro 316 de acero inoxidable Cartucho de filtro de polvo de metal sinterizado elemento filtrante 9\" data-lazy=\"2\" title=\"\"><\/p>\n<p><img decoding=\"async\" src=\"https:\/\/img.yfisher.com\/m6076\/172573273176j\/jpg70-t3-scale100.webp\" alt=\"OEM micro 316 de acero inoxidable Cartucho de filtro de metal sinterizado elemento de filtro de polvo 10\" data-lazy=\"2\" title=\"\"><\/p>\n<p><img decoding=\"async\" src=\"https:\/\/img.yfisher.com\/m6076\/1725732731t9s\/jpg70-t3-scale100.webp\" alt=\"OEM micro 316 de acero inoxidable Cartucho de filtro de polvo de metal sinterizado elemento de filtro 11\" data-lazy=\"2\" title=\"\"><\/p>\n<\/div>","protected":false},"excerpt":{"rendered":"<table>\n<thead>\n<tr>\n<th>art\u00edculo<\/th>\n<th>detalles<\/th>\n<\/tr>\n<\/thead>\n<tbody>\n<tr>\n<td>puerto de inicio<\/td>\n<td>Guangzhou<\/td>\n<\/tr>\n<tr>\n<td>capacidad de producci\u00f3n<\/td>\n<td>10000 unidades\/Mes<\/td>\n<\/tr>\n<tr>\n<td>lugar de origen<\/td>\n<td>Guangdong, China<\/td>\n<\/tr>\n<tr>\n<td>pago<\/td>\n<td>T\/T, Alibaba Trade Assurance, paypal<\/td>\n<\/tr>\n<tr>\n<td>moq<\/td>\n<td>1 unidad<\/td>\n<\/tr>\n<tr>\n<td>plazo de entrega<\/td>\n<td>En un plazo de 7 d\u00edas laborables<\/td>\n<\/tr>\n<tr>\n<td>certificaci\u00f3n<\/td>\n<td>ISO 9001<\/td>\n<\/tr>\n<\/tbody>\n<\/table>","protected":false},"featured_media":2427,"comment_status":"open","ping_status":"closed","template":"","meta":{"_gspb_post_css":""},"product_brand":[],"product_cat":[17,18],"product_tag":[956,279,969,970,260,965],"class_list":{"0":"post-2419","1":"product","2":"type-product","3":"status-publish","4":"has-post-thumbnail","6":"product_cat-sediment-filter","7":"product_cat-sintered-metal-filters","8":"product_tag-1-piece-moq","9":"product_tag-alibaba-trade-assurance","10":"product_tag-custom-packaging","11":"product_tag-guangdong-factory","12":"product_tag-iso-9001","13":"product_tag-paper-tubes","15":"first","16":"instock","17":"shipping-taxable","18":"product-type-simple"},"_links":{"self":[{"href":"https:\/\/lyfilter.com\/es\/wp-json\/wp\/v2\/product\/2419","targetHints":{"allow":["GET"]}}],"collection":[{"href":"https:\/\/lyfilter.com\/es\/wp-json\/wp\/v2\/product"}],"about":[{"href":"https:\/\/lyfilter.com\/es\/wp-json\/wp\/v2\/types\/product"}],"replies":[{"embeddable":true,"href":"https:\/\/lyfilter.com\/es\/wp-json\/wp\/v2\/comments?post=2419"}],"wp:featuredmedia":[{"embeddable":true,"href":"https:\/\/lyfilter.com\/es\/wp-json\/wp\/v2\/media\/2427"}],"wp:attachment":[{"href":"https:\/\/lyfilter.com\/es\/wp-json\/wp\/v2\/media?parent=2419"}],"wp:term":[{"taxonomy":"product_brand","embeddable":true,"href":"https:\/\/lyfilter.com\/es\/wp-json\/wp\/v2\/product_brand?post=2419"},{"taxonomy":"product_cat","embeddable":true,"href":"https:\/\/lyfilter.com\/es\/wp-json\/wp\/v2\/product_cat?post=2419"},{"taxonomy":"product_tag","embeddable":true,"href":"https:\/\/lyfilter.com\/es\/wp-json\/wp\/v2\/product_tag?post=2419"}],"curies":[{"name":"wp","href":"https:\/\/api.w.org\/{rel}","templated":true}]}}