{"id":2414,"date":"2026-01-07T02:31:13","date_gmt":"2026-01-07T02:31:13","guid":{"rendered":"https:\/\/lyfilter.com\/?post_type=product&#038;p=2414"},"modified":"2026-01-07T02:31:13","modified_gmt":"2026-01-07T02:31:13","slug":"factory-price-stainless-steel-filter-cartridge-ss-filter-element","status":"publish","type":"product","link":"https:\/\/lyfilter.com\/es\/factory-price-stainless-steel-filter-cartridge-ss-filter-element\/","title":{"rendered":"Precio de f\u00e1brica Cartucho filtrante de acero inoxidable Elemento filtrante SS"},"content":{"rendered":"<div class=\"unit-detail-html-tabs__content-attr\">\n<div class=\"unit-product-attrparam\">\n<div class=\"unit-product-attrparam__items row\">\n<div class=\"col-12 col-md-6\">\n<div class=\"unit-product-attrparam__item\">\n<div class=\"unit-product-attrparam__label\">\n<table>\n<thead>\n<tr>\n<th>art\u00edculo<\/th>\n<th>detalles<\/th>\n<\/tr>\n<\/thead>\n<tbody>\n<tr>\n<td>capacidad de suministro<\/td>\n<td>1000000 unidades\/mes<\/td>\n<\/tr>\n<tr>\n<td>material<\/td>\n<td>acero inoxidable<\/td>\n<\/tr>\n<\/tbody>\n<\/table>\n<\/div>\n<\/div>\n<\/div>\n<\/div>\n<\/div>\n<\/div>\n<div class=\"unit-detail-html-tabs__content-featuresAttr\"><\/div>\n<div class=\"unit-detail-html-tabs__content-html\">\n<p>El cartucho de filtro de acero inoxidable SS filtro elemen tiene muy buen rendimiento de filtraci\u00f3n, y puede ejercer un rendimiento de filtraci\u00f3n de superficie uniforme para el tama\u00f1o de part\u00edcula de filtraci\u00f3n de 2-200um. El material del filtro principal adopta malla sinterizada de acero inoxidable de m\u00faltiples capas, y la precisi\u00f3n de filtraci\u00f3n es de 0,5-200um. Sus dimensiones se pueden procesar de acuerdo a los requerimientos del usuario.<\/p>\n<p>Porosidad (28%-50%), tama\u00f1o de poro (4u-160u) y precisi\u00f3n de filtraci\u00f3n (0,2um-100um), canales entrecruzados, resistencia a altas temperaturas, enfriamiento r\u00e1pido y resistencia al calor r\u00e1pido. Anticorrosi\u00f3n. Es adecuado para una variedad de medios corrosivos como \u00e1cidos y \u00e1lcalis. El elemento filtrante de acero inoxidable puede resistir la corrosi\u00f3n general \u00e1cido-base y org\u00e1nica, especialmente adecuado para filtrar gases que contienen azufre. Tiene alta resistencia y buena tenacidad. Es adecuado para entornos de alta presi\u00f3n. Se puede soldar, f\u00e1cil de cargar y descargar. La forma estable de los poros y la distribuci\u00f3n uniforme garantizan un rendimiento de filtraci\u00f3n estable. Buen rendimiento de regeneraci\u00f3n. Despu\u00e9s de repetidas limpiezas y regeneraciones, el rendimiento de filtraci\u00f3n recupera m\u00e1s de 90%<\/p>\n<p><img decoding=\"async\" src=\"https:\/\/img.yfisher.com\/m6076\/17257327258i7\/jpg70-t3-scale100.webp\" alt=\"Precio de f\u00e1brica cartucho de filtro de acero inoxidable SS elemento filtrante 6\" data-lazy=\"2\" title=\"\"><\/p>\n<p><img decoding=\"async\" src=\"https:\/\/img.yfisher.com\/m6076\/1725732725fg4\/jpg70-t3-scale100.webp\" alt=\"Precio de f\u00e1brica cartucho de filtro de acero inoxidable SS elemento filtrante 7\" data-lazy=\"2\" title=\"\"><\/p>\n<p><img decoding=\"async\" src=\"https:\/\/img.yfisher.com\/m6076\/17257327251x3\/jpg70-t3-scale100.webp\" alt=\"Precio de f\u00e1brica cartucho de filtro de acero inoxidable SS elemento filtrante 8\" data-lazy=\"2\" title=\"\"><\/p>\n<p><img decoding=\"async\" src=\"https:\/\/img.yfisher.com\/m6076\/1725732725vxe\/jpg70-t3-scale100.webp\" alt=\"Precio de f\u00e1brica cartucho de filtro de acero inoxidable SS elemento filtrante 9\" data-lazy=\"2\" title=\"\"><\/p>\n<p><img decoding=\"async\" src=\"https:\/\/img.yfisher.com\/m6076\/172573272535g\/jpg70-t3-scale100.webp\" alt=\"Precio de f\u00e1brica cartucho de filtro de acero inoxidable SS elemento filtrante 10\" data-lazy=\"2\" title=\"\"><\/p>\n<p><img decoding=\"async\" src=\"https:\/\/img.yfisher.com\/m6076\/1725732725ieq\/jpg70-t3-scale100.webp\" alt=\"Precio de f\u00e1brica cartucho de filtro de acero inoxidable SS elemento filtrante 11\" data-lazy=\"2\" title=\"\"><\/p>\n<\/div>","protected":false},"excerpt":{"rendered":"<table>\n<thead>\n<tr>\n<th>art\u00edculo<\/th>\n<th>detalles<\/th>\n<\/tr>\n<\/thead>\n<tbody>\n<tr>\n<td>puerto de inicio<\/td>\n<td>Guangzhou<\/td>\n<\/tr>\n<tr>\n<td>capacidad de producci\u00f3n<\/td>\n<td>10000 unidades\/Mes<\/td>\n<\/tr>\n<tr>\n<td>lugar de origen<\/td>\n<td>Guangdong, China<\/td>\n<\/tr>\n<tr>\n<td>pago<\/td>\n<td>Western Union, Alibaba Trade Assurance, paypal<\/td>\n<\/tr>\n<tr>\n<td>moq<\/td>\n<td>1 unidad<\/td>\n<\/tr>\n<tr>\n<td>plazo de entrega<\/td>\n<td>En un plazo de 7 d\u00edas laborables<\/td>\n<\/tr>\n<tr>\n<td>certificaci\u00f3n<\/td>\n<td>ISO 9001<\/td>\n<\/tr>\n<tr>\n<td>marca<\/td>\n<td>OEM\/Lvyuan<\/td>\n<\/tr>\n<\/tbody>\n<\/table>","protected":false},"featured_media":2421,"comment_status":"open","ping_status":"closed","template":"","meta":{"_gspb_post_css":""},"product_brand":[],"product_cat":[17,18],"product_tag":[956,964,260,968,965,971],"class_list":{"0":"post-2414","1":"product","2":"type-product","3":"status-publish","4":"has-post-thumbnail","6":"product_cat-sediment-filter","7":"product_cat-sintered-metal-filters","8":"product_tag-1-piece-moq","9":"product_tag-guangdong-manufacturer","10":"product_tag-iso-9001","11":"product_tag-oem-paper-tubes","12":"product_tag-paper-tubes","13":"product_tag-western-union","15":"first","16":"instock","17":"shipping-taxable","18":"product-type-simple"},"_links":{"self":[{"href":"https:\/\/lyfilter.com\/es\/wp-json\/wp\/v2\/product\/2414","targetHints":{"allow":["GET"]}}],"collection":[{"href":"https:\/\/lyfilter.com\/es\/wp-json\/wp\/v2\/product"}],"about":[{"href":"https:\/\/lyfilter.com\/es\/wp-json\/wp\/v2\/types\/product"}],"replies":[{"embeddable":true,"href":"https:\/\/lyfilter.com\/es\/wp-json\/wp\/v2\/comments?post=2414"}],"wp:featuredmedia":[{"embeddable":true,"href":"https:\/\/lyfilter.com\/es\/wp-json\/wp\/v2\/media\/2421"}],"wp:attachment":[{"href":"https:\/\/lyfilter.com\/es\/wp-json\/wp\/v2\/media?parent=2414"}],"wp:term":[{"taxonomy":"product_brand","embeddable":true,"href":"https:\/\/lyfilter.com\/es\/wp-json\/wp\/v2\/product_brand?post=2414"},{"taxonomy":"product_cat","embeddable":true,"href":"https:\/\/lyfilter.com\/es\/wp-json\/wp\/v2\/product_cat?post=2414"},{"taxonomy":"product_tag","embeddable":true,"href":"https:\/\/lyfilter.com\/es\/wp-json\/wp\/v2\/product_tag?post=2414"}],"curies":[{"name":"wp","href":"https:\/\/api.w.org\/{rel}","templated":true}]}}