{"id":2407,"date":"2026-01-07T02:28:12","date_gmt":"2026-01-07T02:28:12","guid":{"rendered":"https:\/\/lyfilter.com\/?post_type=product&#038;p=2407"},"modified":"2026-01-07T02:29:15","modified_gmt":"2026-01-07T02:29:15","slug":"sintered-stainless-steel-ss316-cartridge-basket-strainer-element","status":"publish","type":"product","link":"https:\/\/lyfilter.com\/es\/sintered-stainless-steel-ss316-cartridge-basket-strainer-element\/","title":{"rendered":"Cartucho de acero inoxidable sinterizado SS316 Elemento de filtro de cesta"},"content":{"rendered":"<div class=\"unit-detail-html-tabs__content-attr\">\n<div class=\"unit-product-attrparam\">\n<div class=\"unit-product-attrparam__items row\">\n<div class=\"col-12 col-md-6\">\n<div class=\"unit-product-attrparam__item\">\n<div class=\"unit-product-attrparam__label\">\n<table>\n<thead>\n<tr>\n<th>capacidad de suministro<\/th>\n<th>1000000 unidades\/mes<\/th>\n<\/tr>\n<\/thead>\n<tbody>\n<tr>\n<td>material<\/td>\n<td>acero inoxidable<\/td>\n<\/tr>\n<tr>\n<td>disponibilidad<\/td>\n<td>oem<\/td>\n<\/tr>\n<\/tbody>\n<\/table>\n<\/div>\n<\/div>\n<\/div>\n<\/div>\n<\/div>\n<\/div>\n<div class=\"unit-detail-html-tabs__content-featuresAttr\"><\/div>\n<div class=\"unit-detail-html-tabs__content-html\">\n<p><strong>Cartucho de acero inoxidable sinterizado SS316 Elemento de filtro de cesta<\/strong><\/p>\n<p>El filtro Lvyuan\u00a0<strong>filtros de acero inoxidable coladores<\/strong>\u00a0est\u00e1n fabricados en SS316, un grado superior de acero inoxidable reconocido por su gran resistencia a la corrosi\u00f3n y su tolerancia a las altas temperaturas, este filtro colador de acero inoxidable garantiza la fiabilidad en entornos dif\u00edciles, como en el procesamiento qu\u00edmico, las industrias petroqu\u00edmicas o incluso en las rigurosas condiciones sanitarias exigidas por el sector alimentario y de bebidas. El proceso de sinterizaci\u00f3n fusiona part\u00edculas met\u00e1licas bajo calor y presi\u00f3n intensos, lo que da como resultado una estructura porosa pero robusta para el cartucho. Este cartucho filtrante sinterizado de acero inoxidable mejora significativamente la eficacia de la filtraci\u00f3n al ofrecer una mayor superficie para la captura de part\u00edculas.<\/p>\n<p>Con una configuraci\u00f3n de estilo cesta adaptador de cartucho de filtro, este cartucho colador cesta de acero inoxidable atrapa eficazmente escombros, sedimentos e impurezas hasta niveles de micras, salvaguardando equipos sensibles de posibles da\u00f1os causados por contaminantes.  Nuestro sedimento SS316 elemento colador puede acomodar tanto las necesidades de filtraci\u00f3n gruesa y fina con grados micras personalizables adaptados a los requisitos espec\u00edficos del proceso. Su construcci\u00f3n robusta facilita la limpieza y reutilizaci\u00f3n repetidas, reduciendo los costes operativos asociados a las sustituciones frecuentes que suelen ser necesarias para elementos filtrantes menos resistentes. La resistencia inherente del elemento filtrante de cesta de acero inoxidable a una amplia gama de productos qu\u00edmicos lo hace adecuado para su uso con diversos tipos de fluidos, incluidos \u00e1cidos, \u00e1lcalis y sistemas de agua de gran pureza.<\/p>\n<p><strong>Caracter\u00edsticas<\/strong><\/p>\n<p><strong>Materiales:<\/strong>\u00a0201, 304, 304L, 316, 316L, malla perforada de acero inoxidable, malla tejida de acero inoxidable, malla soldada de acero inoxidable, malla expandida de acero inoxidable, placa de acero inoxidable, malla sinterizada de acero inoxidable y otras mallas filtrantes de aleaciones raras.<\/p>\n<p><strong>Estilo de filtraci\u00f3n:\u00a0<\/strong>Tipo cesta, tipo cono, tipo doble oreja, tipo brida, cartucho filtrante cesta, tipo interfaz roscada, etc.<\/p>\n<p><strong>Serie de cartuchos filtrantes:<\/strong>\u00a0cartucho filtrante de malla sinterizada, cartucho filtrante de cesta, cartucho filtrante c\u00f3nico, cartucho filtrante de chapa perforada, cartucho filtrante de alambre de cu\u00f1a, cartucho filtrante compuesto<\/p>\n<p><strong>Estilo:\u00a0<\/strong>monocapa, multicapa (cilindro de malla met\u00e1lica de filtro, tubo de red, cubo de red, tubo de filtro, soldados por malla de acero inoxidable, malla de hierro doble perforada de acero inoxidable, chapa de acero inoxidable, chapa de hierro. Soldadura de una sola capa, soldadura de m\u00faltiples capas, Tambi\u00e9n se puede soldar en una sola capa, y luego el cilindro de malla de filtro de metal, tubo de red, cubo de red, elemento filtrante, y el tubo de filtro se superponen y se intercalan entre s\u00ed para formar un filtro de m\u00faltiples capas).<\/p>\n<p><img decoding=\"async\" title=\"filtros de acero inoxidable coladores\" src=\"https:\/\/img.yfisher.com\/m6076\/1725732722dho\/jpg70-t3-scale100.webp\" alt=\"filtros de acero inoxidable coladores\" border=\"0\" vspace=\"0\" data-lazy=\"2\" \/><\/p>\n<p><img decoding=\"async\" title=\"cartucho colador cesta de acero inoxidable \" src=\"https:\/\/img.yfisher.com\/m6076\/17257327224xo\/jpg70-t3-scale100.webp\" alt=\"cartucho colador cesta de acero inoxidable \" border=\"0\" vspace=\"0\" data-lazy=\"2\" \/><\/p>\n<p><img decoding=\"async\" title=\"elemento colador sedimento\" src=\"https:\/\/img.yfisher.com\/m6076\/17257327229sz\/jpg70-t3-scale100.webp\" alt=\"elemento colador sedimento\" border=\"0\" vspace=\"0\" data-lazy=\"2\" \/><\/p>\n<p><img decoding=\"async\" title=\"elemento filtrante de cesta\" src=\"https:\/\/img.yfisher.com\/m6076\/17257327225jy\/jpg70-t3-scale100.webp\" alt=\"elemento filtrante de cesta\" border=\"0\" vspace=\"0\" data-lazy=\"2\" \/><\/p>\n<p><img decoding=\"async\" title=\"filtro de cartucho\" src=\"https:\/\/img.yfisher.com\/m6076\/17257327222x4\/jpg70-t3-scale100.webp\" alt=\"filtro de cartucho\" border=\"0\" vspace=\"0\" data-lazy=\"2\" \/><\/p>\n<p><img decoding=\"async\" title=\"F\u00e1brica de filtros Lvyuan\" src=\"https:\/\/img.yfisher.com\/m6076\/1725732722bmo\/jpg70-t3-scale100.webp\" alt=\"F\u00e1brica de filtros Lvyuan\" border=\"0\" vspace=\"0\" data-lazy=\"2\" \/><\/p>\n<p><img decoding=\"async\" title=\"Certificado del filtro Lvyuan\" src=\"https:\/\/img.yfisher.com\/m6076\/1725732722cyf\/jpg70-t3-scale100.webp\" alt=\"Certificado del filtro Lvyuan\" border=\"0\" vspace=\"0\" data-lazy=\"2\" \/><\/p>\n<\/div>","protected":false},"excerpt":{"rendered":"<table>\n<thead>\n<tr>\n<th>art\u00edculo<\/th>\n<th>detalles<\/th>\n<\/tr>\n<\/thead>\n<tbody>\n<tr>\n<td>puerto de inicio<\/td>\n<td>Guangzhou<\/td>\n<\/tr>\n<tr>\n<td>lugar de origen<\/td>\n<td>Guangdong, China<\/td>\n<\/tr>\n<tr>\n<td>pago<\/td>\n<td>T\/T, Alibaba Trade Assurance, paypal<\/td>\n<\/tr>\n<tr>\n<td>moq<\/td>\n<td>1 unidad<\/td>\n<\/tr>\n<tr>\n<td>plazo de entrega<\/td>\n<td>En un plazo de 7 d\u00edas laborables<\/td>\n<\/tr>\n<tr>\n<td>certificaci\u00f3n<\/td>\n<td>ISO 9001<\/td>\n<\/tr>\n<tr>\n<td>marca<\/td>\n<td>OEM\/Lvyuan<\/td>\n<\/tr>\n<\/tbody>\n<\/table>","protected":false},"featured_media":2415,"comment_status":"open","ping_status":"closed","template":"","meta":{"_gspb_post_css":""},"product_brand":[],"product_cat":[17,18],"product_tag":[956,966,260,968,965,288],"class_list":{"0":"post-2407","1":"product","2":"type-product","3":"status-publish","4":"has-post-thumbnail","6":"product_cat-sediment-filter","7":"product_cat-sintered-metal-filters","8":"product_tag-1-piece-moq","9":"product_tag-guangdong-supplier","10":"product_tag-iso-9001","11":"product_tag-oem-paper-tubes","12":"product_tag-paper-tubes","13":"product_tag-paypal","15":"first","16":"instock","17":"shipping-taxable","18":"product-type-simple"},"_links":{"self":[{"href":"https:\/\/lyfilter.com\/es\/wp-json\/wp\/v2\/product\/2407","targetHints":{"allow":["GET"]}}],"collection":[{"href":"https:\/\/lyfilter.com\/es\/wp-json\/wp\/v2\/product"}],"about":[{"href":"https:\/\/lyfilter.com\/es\/wp-json\/wp\/v2\/types\/product"}],"replies":[{"embeddable":true,"href":"https:\/\/lyfilter.com\/es\/wp-json\/wp\/v2\/comments?post=2407"}],"wp:featuredmedia":[{"embeddable":true,"href":"https:\/\/lyfilter.com\/es\/wp-json\/wp\/v2\/media\/2415"}],"wp:attachment":[{"href":"https:\/\/lyfilter.com\/es\/wp-json\/wp\/v2\/media?parent=2407"}],"wp:term":[{"taxonomy":"product_brand","embeddable":true,"href":"https:\/\/lyfilter.com\/es\/wp-json\/wp\/v2\/product_brand?post=2407"},{"taxonomy":"product_cat","embeddable":true,"href":"https:\/\/lyfilter.com\/es\/wp-json\/wp\/v2\/product_cat?post=2407"},{"taxonomy":"product_tag","embeddable":true,"href":"https:\/\/lyfilter.com\/es\/wp-json\/wp\/v2\/product_tag?post=2407"}],"curies":[{"name":"wp","href":"https:\/\/api.w.org\/{rel}","templated":true}]}}