{"id":2395,"date":"2026-01-07T02:22:59","date_gmt":"2026-01-07T02:22:59","guid":{"rendered":"https:\/\/lyfilter.com\/?post_type=product&#038;p=2395"},"modified":"2026-01-07T02:22:59","modified_gmt":"2026-01-07T02:22:59","slug":"factory-price-oem-size-titanium-rob-sintered-filter-element","status":"publish","type":"product","link":"https:\/\/lyfilter.com\/es\/factory-price-oem-size-titanium-rob-sintered-filter-element\/","title":{"rendered":"Precio de f\u00e1brica OEM Tama\u00f1o de titanio Rob elemento filtrante sinterizado"},"content":{"rendered":"<div class=\"unit-detail-html-tabs__content-attr\">\n<div class=\"unit-product-attrparam\">\n<div class=\"unit-product-attrparam__items row\">\n<div class=\"col-12 col-md-6\">\n<div class=\"unit-product-attrparam__item\">\n<div class=\"unit-product-attrparam__label\">\n<table>\n<thead>\n<tr>\n<th>capacidad de suministro<\/th>\n<th>1000000 unidades\/mes<\/th>\n<\/tr>\n<\/thead>\n<tbody>\n<tr>\n<td>material<\/td>\n<td>acero inoxidable<\/td>\n<\/tr>\n<tr>\n<td>disponibilidad<\/td>\n<td>oem<\/td>\n<\/tr>\n<\/tbody>\n<\/table>\n<\/div>\n<\/div>\n<\/div>\n<\/div>\n<\/div>\n<\/div>\n<div class=\"unit-detail-html-tabs__content-featuresAttr\"><\/div>\n<div class=\"unit-detail-html-tabs__content-html\">\n<p><strong>Precio de f\u00e1brica OEM Tama\u00f1o de titanio Rob elemento filtrante sinterizado<\/strong><\/p>\n<p>Polvo de titanio de alta pureza (99%) sinterizado a alta temperatura. Resistente al \u00e1cido fuerte, alcalino y ozono Oxidation.Can ser lavable y reutilizable. Adecuado para la separaci\u00f3n y purificaci\u00f3n de s\u00f3lidos\/l\u00edquidos\/gas en materiales l\u00edquidos de baja viscosidad (con part\u00edculas r\u00edgidas).<\/p>\n<p><img decoding=\"async\" src=\"https:\/\/img.yfisher.com\/m6076\/1725732717j5n\/jpg70-t3-scale100.webp\" alt=\"Precio de f\u00e1brica OEM Tama\u00f1o de titanio Rob elemento filtrante sinterizado 6\" data-lazy=\"2\" title=\"\"><\/p>\n<p><img decoding=\"async\" src=\"https:\/\/img.yfisher.com\/m6076\/1725732717se3\/jpg70-t3-scale100.webp\" alt=\"Precio de f\u00e1brica OEM Tama\u00f1o de titanio Rob elemento filtrante sinterizado 7\" data-lazy=\"2\" title=\"\"><\/p>\n<p><img decoding=\"async\" src=\"https:\/\/img.yfisher.com\/m6076\/1725732717nx9\/jpg70-t3-scale100.webp\" alt=\"Precio de f\u00e1brica OEM Tama\u00f1o de titanio Rob elemento filtrante sinterizado 8\" data-lazy=\"2\" title=\"\"><\/p>\n<p><img decoding=\"async\" src=\"https:\/\/img.yfisher.com\/m6076\/17257327175xy\/jpg70-t3-scale100.webp\" alt=\"Precio de f\u00e1brica OEM Tama\u00f1o de titanio Rob elemento filtrante sinterizado 9\" data-lazy=\"2\" title=\"\"><\/p>\n<p><img decoding=\"async\" src=\"https:\/\/img.yfisher.com\/m6076\/1725732717ysc\/jpg70-t3-scale100.webp\" alt=\"Precio de f\u00e1brica OEM Tama\u00f1o de titanio Rob elemento filtrante sinterizado 10\" data-lazy=\"2\" title=\"\"><\/p>\n<\/div>","protected":false},"excerpt":{"rendered":"<table>\n<thead>\n<tr>\n<th>art\u00edculo<\/th>\n<th>detalles<\/th>\n<\/tr>\n<\/thead>\n<tbody>\n<tr>\n<td>puerto de inicio<\/td>\n<td>Guangzhou<\/td>\n<\/tr>\n<tr>\n<td>capacidad de producci\u00f3n<\/td>\n<td>10000 unidades\/Mes<\/td>\n<\/tr>\n<tr>\n<td>lugar de origen<\/td>\n<td>Guangdong, China<\/td>\n<\/tr>\n<tr>\n<td>pago<\/td>\n<td>T\/T, paypal<\/td>\n<\/tr>\n<tr>\n<td>moq<\/td>\n<td>1 unidad<\/td>\n<\/tr>\n<tr>\n<td>plazo de entrega<\/td>\n<td>En un plazo de 7 d\u00edas laborables<\/td>\n<\/tr>\n<tr>\n<td>certificaci\u00f3n<\/td>\n<td>ISO 9001<\/td>\n<\/tr>\n<tr>\n<td>marca<\/td>\n<td>OEM\/Lvyuan<\/td>\n<\/tr>\n<\/tbody>\n<\/table>","protected":false},"featured_media":2402,"comment_status":"open","ping_status":"closed","template":"","meta":{"_gspb_post_css":""},"product_brand":[],"product_cat":[15],"product_tag":[956,964,260,968,965,941],"class_list":{"0":"post-2395","1":"product","2":"type-product","3":"status-publish","4":"has-post-thumbnail","6":"product_cat-stainless-steel-filter-housing","7":"product_tag-1-piece-moq","8":"product_tag-guangdong-manufacturer","9":"product_tag-iso-9001","10":"product_tag-oem-paper-tubes","11":"product_tag-paper-tubes","12":"product_tag-paypal-payment","14":"first","15":"instock","16":"shipping-taxable","17":"product-type-simple"},"_links":{"self":[{"href":"https:\/\/lyfilter.com\/es\/wp-json\/wp\/v2\/product\/2395","targetHints":{"allow":["GET"]}}],"collection":[{"href":"https:\/\/lyfilter.com\/es\/wp-json\/wp\/v2\/product"}],"about":[{"href":"https:\/\/lyfilter.com\/es\/wp-json\/wp\/v2\/types\/product"}],"replies":[{"embeddable":true,"href":"https:\/\/lyfilter.com\/es\/wp-json\/wp\/v2\/comments?post=2395"}],"wp:featuredmedia":[{"embeddable":true,"href":"https:\/\/lyfilter.com\/es\/wp-json\/wp\/v2\/media\/2402"}],"wp:attachment":[{"href":"https:\/\/lyfilter.com\/es\/wp-json\/wp\/v2\/media?parent=2395"}],"wp:term":[{"taxonomy":"product_brand","embeddable":true,"href":"https:\/\/lyfilter.com\/es\/wp-json\/wp\/v2\/product_brand?post=2395"},{"taxonomy":"product_cat","embeddable":true,"href":"https:\/\/lyfilter.com\/es\/wp-json\/wp\/v2\/product_cat?post=2395"},{"taxonomy":"product_tag","embeddable":true,"href":"https:\/\/lyfilter.com\/es\/wp-json\/wp\/v2\/product_tag?post=2395"}],"curies":[{"name":"wp","href":"https:\/\/api.w.org\/{rel}","templated":true}]}}