{"id":2382,"date":"2026-01-07T02:17:33","date_gmt":"2026-01-07T02:17:33","guid":{"rendered":"https:\/\/lyfilter.com\/?post_type=product&#038;p=2382"},"modified":"2026-01-07T02:19:16","modified_gmt":"2026-01-07T02:19:16","slug":"wholesale-polypropylene-pp-meltblown-filter-element","status":"publish","type":"product","link":"https:\/\/lyfilter.com\/es\/wholesale-polypropylene-pp-meltblown-filter-element\/","title":{"rendered":"Mayorista Elemento Filtrante Polipropileno PP Meltblown"},"content":{"rendered":"<div class=\"unit-detail-html-tabs__content-attr\">\n<div class=\"unit-product-attrparam\">\n<div class=\"unit-product-attrparam__items row\">\n<div class=\"col-12 col-md-6\">\n<div class=\"unit-product-attrparam__item\">\n<div class=\"unit-product-attrparam__label\">\n<table>\n<thead>\n<tr>\n<th>capacidad de suministro<\/th>\n<th>1000000 unidades\/mes<\/th>\n<\/tr>\n<\/thead>\n<tbody>\n<tr>\n<td>material<\/td>\n<td>acero inoxidable<\/td>\n<\/tr>\n<tr>\n<td>disponibilidad<\/td>\n<td>oem<\/td>\n<\/tr>\n<\/tbody>\n<\/table>\n<\/div>\n<\/div>\n<\/div>\n<\/div>\n<\/div>\n<\/div>\n<div class=\"unit-detail-html-tabs__content-html\">\n<p><strong>Mayorista Elemento Filtrante Polipropileno PP Meltblown<\/strong><\/p>\n<p>Caracter\u00edsticas del elemento filtrante de pp<\/p>\n<p>(1), la apertura del filtro es compacta y uniforme, y la eficiencia de filtraci\u00f3n es alta. Debido a que las part\u00edculas Bridge en el canal de filtro, las part\u00edculas m\u00e1s peque\u00f1as que el canal tambi\u00e9n puede ser bloqueado y la eficiencia de filtraci\u00f3n es alta.<\/p>\n<p>(2), gran limpieza, no contamina la calidad del agua.<\/p>\n<p>(3), resistente a la corrosi\u00f3n de reactivos qu\u00edmicos como \u00e1cidos y \u00e1lcalis y disolventes org\u00e1nicos.<\/p>\n<p>(4), fuerte, cuando la presi\u00f3n de entrada y salida del filtro es0,4mpaCuando, el elemento filtrante no se deforma.<\/p>\n<p>V\u00eda de uso<\/p>\n<p>1.Industria electr\u00f3nica y energ\u00e9tica: agua pura, gas, fluido el\u00e9ctrico, placa de alambre de impresi\u00f3n, etc.<\/p>\n<p>2.Industria qu\u00edmica, petroqu\u00edmica: disolvente, revestimiento, lodo magn\u00e9tico, detergente, cera l\u00edquida, etc.<\/p>\n<p>3.Industria farmac\u00e9utica: agua hospitalaria, inyecci\u00f3n farmac\u00e9utica, l\u00edquido medio, etc.<\/p>\n<p>4.Industria alimentaria: Alimentaci\u00f3n, bebidas, agua potable, alcohol, etc.<\/p>\n<p><img decoding=\"async\" src=\"https:\/\/img.yfisher.com\/m6076\/1725732712feb\/jpg70-t3-scale100.webp\" alt=\"Mayorista Polipropileno PP Meltblown Elemento Filtrante 6\" data-lazy=\"2\" title=\"\"><\/p>\n<p><img decoding=\"async\" src=\"https:\/\/img.yfisher.com\/m6076\/1725732712xo8\/jpg70-t3-scale100.webp\" alt=\"Mayorista Polipropileno PP Meltblown Elemento Filtrante 7\" data-lazy=\"2\" title=\"\"><\/p>\n<p><img decoding=\"async\" src=\"https:\/\/img.yfisher.com\/m6076\/1725732712txe\/jpg70-t3-scale100.webp\" alt=\"Mayorista Polipropileno PP Meltblown Elemento Filtrante 8\" data-lazy=\"2\" title=\"\"><\/p>\n<p><img decoding=\"async\" src=\"https:\/\/img.yfisher.com\/m6076\/1725732712acw\/jpg70-t3-scale100.webp\" alt=\"Mayorista Polipropileno PP Meltblown Elemento Filtrante 9\" data-lazy=\"2\" title=\"\"><\/p>\n<p><img decoding=\"async\" src=\"https:\/\/img.yfisher.com\/m6076\/1725732713t1y\/jpg70-t3-scale100.webp\" alt=\"Mayorista Polipropileno PP Meltblown Elemento Filtrante 10\" data-lazy=\"2\" title=\"\"><\/p>\n<p><img decoding=\"async\" src=\"https:\/\/img.yfisher.com\/m6076\/1725732713fzx\/jpg70-t3-scale100.webp\" alt=\"Mayorista Polipropileno PP Meltblown Elemento Filtrante 11\" data-lazy=\"2\" title=\"\"><\/p>\n<\/div>","protected":false},"excerpt":{"rendered":"<table>\n<thead>\n<tr>\n<th>art\u00edculo<\/th>\n<th>detalles<\/th>\n<\/tr>\n<\/thead>\n<tbody>\n<tr>\n<td>puerto de inicio<\/td>\n<td>guangzhou<\/td>\n<\/tr>\n<tr>\n<td>capacidad de producci\u00f3n<\/td>\n<td>10000 unidades\/mes<\/td>\n<\/tr>\n<tr>\n<td>lugar de origen<\/td>\n<td>guangdong, china<\/td>\n<\/tr>\n<tr>\n<td>pago<\/td>\n<td>t\/t, alibaba trade assurance, paypal<\/td>\n<\/tr>\n<tr>\n<td>moq<\/td>\n<td>1 unidad<\/td>\n<\/tr>\n<tr>\n<td>plazo de entrega<\/td>\n<td>en un plazo de 7 d\u00edas laborables<\/td>\n<\/tr>\n<tr>\n<td>certificaci\u00f3n<\/td>\n<td>iso 9001<\/td>\n<\/tr>\n<tr>\n<td>marca<\/td>\n<td>oem\/lvyuan<\/td>\n<\/tr>\n<\/tbody>\n<\/table>","protected":false},"featured_media":2390,"comment_status":"open","ping_status":"closed","template":"","meta":{"_gspb_post_css":""},"product_brand":[],"product_cat":[17],"product_tag":[956,279,964,260,968,965],"class_list":{"0":"post-2382","1":"product","2":"type-product","3":"status-publish","4":"has-post-thumbnail","6":"product_cat-sediment-filter","7":"product_tag-1-piece-moq","8":"product_tag-alibaba-trade-assurance","9":"product_tag-guangdong-manufacturer","10":"product_tag-iso-9001","11":"product_tag-oem-paper-tubes","12":"product_tag-paper-tubes","14":"first","15":"instock","16":"shipping-taxable","17":"product-type-simple"},"_links":{"self":[{"href":"https:\/\/lyfilter.com\/es\/wp-json\/wp\/v2\/product\/2382","targetHints":{"allow":["GET"]}}],"collection":[{"href":"https:\/\/lyfilter.com\/es\/wp-json\/wp\/v2\/product"}],"about":[{"href":"https:\/\/lyfilter.com\/es\/wp-json\/wp\/v2\/types\/product"}],"replies":[{"embeddable":true,"href":"https:\/\/lyfilter.com\/es\/wp-json\/wp\/v2\/comments?post=2382"}],"wp:featuredmedia":[{"embeddable":true,"href":"https:\/\/lyfilter.com\/es\/wp-json\/wp\/v2\/media\/2390"}],"wp:attachment":[{"href":"https:\/\/lyfilter.com\/es\/wp-json\/wp\/v2\/media?parent=2382"}],"wp:term":[{"taxonomy":"product_brand","embeddable":true,"href":"https:\/\/lyfilter.com\/es\/wp-json\/wp\/v2\/product_brand?post=2382"},{"taxonomy":"product_cat","embeddable":true,"href":"https:\/\/lyfilter.com\/es\/wp-json\/wp\/v2\/product_cat?post=2382"},{"taxonomy":"product_tag","embeddable":true,"href":"https:\/\/lyfilter.com\/es\/wp-json\/wp\/v2\/product_tag?post=2382"}],"curies":[{"name":"wp","href":"https:\/\/api.w.org\/{rel}","templated":true}]}}